{"id":9,"date":"2017-02-27T11:15:41","date_gmt":"2017-02-27T11:15:41","guid":{"rendered":"http:\/\/estart.com.hr\/sankorana\/?page_id=9"},"modified":"2026-03-13T18:42:15","modified_gmt":"2026-03-13T18:42:15","slug":"unterkunft","status":"publish","type":"page","link":"https:\/\/sankorana.com\/it\/unterkunft\/","title":{"rendered":"ALLOGGIO"},"content":{"rendered":"<p><span style=\"font-family: verdana, geneva, sans-serif;\">Il Korana Etno Villagio si trova nel Parco Nazionale dei Laghi di Plitvice ed \u00e8 un esempio di rinascita della Croazia dopo la guerra. Grazie al restauro ed a soluzioni architettoniche appropriate, Korana \u00e8 diventato un luogo unico per i visitatori di tutto il mondo. <!--more--><\/span><\/p>\n<p><span style=\"font-family: verdana, geneva, sans-serif;\">A <span style=\"color: #3366ff;\"><a style=\"color: #3366ff;\" href=\"https:\/\/www.skypixel.com\/photo360s\/sankorana-croatia\">questo link<\/a><\/span> <span lang=\"it-IT\">si pu\u00f2 vedere\u00a0<\/span>una panoramica aerea a 360\u00b0 del nostro Korana Village, realizzata dal nostro caro ospite Tyler.<\/span><\/p>\n<p><span style=\"font-family: verdana, geneva, sans-serif;\">Quando vedrete case costruite in stile tradizionale, un fiume e cascate dalle acque cristalline, penserete di essere arrivati in un luogo che pu\u00f2 esistere solo nella vostra immaginazione. Potrete anche divertirvi a preparare un barbecue proprio accanto alla cascata, oppure gustare piatti preparati in modo tradizionale <span lang=\"it-IT\">in uno dei ristoranti vicini<\/span>.<\/span><\/p>\n<p><span style=\"font-family: verdana, geneva, sans-serif;\">Come parte del Parco Nazionale dei Laghi di Plitvice, il Korana Villagio \u00e8 anche protetto dall&#8217;UNESCO e probabilmente manterr\u00e0 la sua unicit\u00e0 per sempre.<\/span><\/p>\n\r\n\t\t<style type='text\/css'>\r\n\t\t\t#gallery-1 {\r\n\t\t\t\tmargin: auto;\r\n\t\t\t}\r\n\t\t\t#gallery-1 .gallery-item {\r\n\t\t\t\tfloat: left;\r\n\t\t\t\tmargin-top: 10px;\r\n\t\t\t\ttext-align: center;\r\n\t\t\t\twidth: 33%;\r\n\t\t\t}\r\n\t\t\t#gallery-1 img {\r\n\t\t\t\tborder: 2px solid #cfcfcf;\r\n\t\t\t}\r\n\t\t\t#gallery-1 .gallery-caption {\r\n\t\t\t\tmargin-left: 0;\r\n\t\t\t}\r\n\t\t\t\/* see gallery_shortcode() in wp-includes\/media.php *\/\r\n\t\t<\/style>\n\t\t<div id='gallery-1' class='gallery galleryid-9 gallery-columns-3 gallery-size-thumbnail'><dl class='gallery-item'>\r\n\t\t\t<dt class='gallery-icon landscape'>\r\n\t\t\t\t<a href='https:\/\/sankorana.com\/wp-content\/uploads\/2017\/02\/Soba-4.jpg'><img loading=\"lazy\" decoding=\"async\" width=\"150\" height=\"150\" src=\"https:\/\/sankorana.com\/wp-content\/uploads\/2017\/02\/Soba-4-150x150.jpg\" class=\"attachment-thumbnail size-thumbnail\" alt=\"\" srcset=\"https:\/\/sankorana.com\/wp-content\/uploads\/2017\/02\/Soba-4-150x150.jpg 150w, https:\/\/sankorana.com\/wp-content\/uploads\/2017\/02\/Soba-4-50x50.jpg 50w, https:\/\/sankorana.com\/wp-content\/uploads\/2017\/02\/Soba-4-49x49.jpg 49w, https:\/\/sankorana.com\/wp-content\/uploads\/2017\/02\/Soba-4-184x184.jpg 184w\" sizes=\"auto, (max-width: 150px) 100vw, 150px\" \/><\/a>\r\n\t\t\t<\/dt><\/dl><dl class='gallery-item'>\r\n\t\t\t<dt class='gallery-icon landscape'>\r\n\t\t\t\t<a href='https:\/\/sankorana.com\/wp-content\/uploads\/2017\/02\/hodnik.jpg'><img loading=\"lazy\" decoding=\"async\" width=\"150\" height=\"150\" src=\"https:\/\/sankorana.com\/wp-content\/uploads\/2017\/02\/hodnik-150x150.jpg\" class=\"attachment-thumbnail size-thumbnail\" alt=\"\" srcset=\"https:\/\/sankorana.com\/wp-content\/uploads\/2017\/02\/hodnik-150x150.jpg 150w, https:\/\/sankorana.com\/wp-content\/uploads\/2017\/02\/hodnik-50x50.jpg 50w, https:\/\/sankorana.com\/wp-content\/uploads\/2017\/02\/hodnik-49x49.jpg 49w, https:\/\/sankorana.com\/wp-content\/uploads\/2017\/02\/hodnik-184x184.jpg 184w\" sizes=\"auto, (max-width: 150px) 100vw, 150px\" \/><\/a>\r\n\t\t\t<\/dt><\/dl><dl class='gallery-item'>\r\n\t\t\t<dt class='gallery-icon landscape'>\r\n\t\t\t\t<a href='https:\/\/sankorana.com\/wp-content\/uploads\/2022\/06\/IMG-20220610-WA0008.jpg'><img loading=\"lazy\" decoding=\"async\" width=\"150\" height=\"150\" src=\"https:\/\/sankorana.com\/wp-content\/uploads\/2022\/06\/IMG-20220610-WA0008-150x150.jpg\" class=\"attachment-thumbnail size-thumbnail\" alt=\"\" srcset=\"https:\/\/sankorana.com\/wp-content\/uploads\/2022\/06\/IMG-20220610-WA0008-150x150.jpg 150w, https:\/\/sankorana.com\/wp-content\/uploads\/2022\/06\/IMG-20220610-WA0008-50x50.jpg 50w, https:\/\/sankorana.com\/wp-content\/uploads\/2022\/06\/IMG-20220610-WA0008-49x49.jpg 49w, https:\/\/sankorana.com\/wp-content\/uploads\/2022\/06\/IMG-20220610-WA0008-184x184.jpg 184w\" sizes=\"auto, (max-width: 150px) 100vw, 150px\" \/><\/a>\r\n\t\t\t<\/dt><\/dl><br style=\"clear: both\" \/><dl class='gallery-item'>\r\n\t\t\t<dt class='gallery-icon portrait'>\r\n\t\t\t\t<a href='https:\/\/sankorana.com\/wp-content\/uploads\/2022\/06\/IMG-20220610-WA0015.jpg'><img loading=\"lazy\" decoding=\"async\" width=\"150\" height=\"150\" src=\"https:\/\/sankorana.com\/wp-content\/uploads\/2022\/06\/IMG-20220610-WA0015-150x150.jpg\" class=\"attachment-thumbnail size-thumbnail\" alt=\"\" srcset=\"https:\/\/sankorana.com\/wp-content\/uploads\/2022\/06\/IMG-20220610-WA0015-150x150.jpg 150w, https:\/\/sankorana.com\/wp-content\/uploads\/2022\/06\/IMG-20220610-WA0015-50x50.jpg 50w, https:\/\/sankorana.com\/wp-content\/uploads\/2022\/06\/IMG-20220610-WA0015-49x49.jpg 49w, https:\/\/sankorana.com\/wp-content\/uploads\/2022\/06\/IMG-20220610-WA0015-184x184.jpg 184w\" sizes=\"auto, (max-width: 150px) 100vw, 150px\" \/><\/a>\r\n\t\t\t<\/dt><\/dl><dl class='gallery-item'>\r\n\t\t\t<dt class='gallery-icon portrait'>\r\n\t\t\t\t<a href='https:\/\/sankorana.com\/wp-content\/uploads\/2022\/06\/IMG-20220610-WA0016.jpg'><img loading=\"lazy\" decoding=\"async\" width=\"150\" height=\"150\" src=\"https:\/\/sankorana.com\/wp-content\/uploads\/2022\/06\/IMG-20220610-WA0016-150x150.jpg\" class=\"attachment-thumbnail size-thumbnail\" alt=\"\" srcset=\"https:\/\/sankorana.com\/wp-content\/uploads\/2022\/06\/IMG-20220610-WA0016-150x150.jpg 150w, https:\/\/sankorana.com\/wp-content\/uploads\/2022\/06\/IMG-20220610-WA0016-50x50.jpg 50w, https:\/\/sankorana.com\/wp-content\/uploads\/2022\/06\/IMG-20220610-WA0016-49x49.jpg 49w, https:\/\/sankorana.com\/wp-content\/uploads\/2022\/06\/IMG-20220610-WA0016-184x184.jpg 184w\" sizes=\"auto, (max-width: 150px) 100vw, 150px\" \/><\/a>\r\n\t\t\t<\/dt><\/dl><dl class='gallery-item'>\r\n\t\t\t<dt class='gallery-icon portrait'>\r\n\t\t\t\t<a href='https:\/\/sankorana.com\/wp-content\/uploads\/2022\/06\/IMG-20220610-WA0000.jpg'><img loading=\"lazy\" decoding=\"async\" width=\"150\" height=\"150\" src=\"https:\/\/sankorana.com\/wp-content\/uploads\/2022\/06\/IMG-20220610-WA0000-150x150.jpg\" class=\"attachment-thumbnail size-thumbnail\" alt=\"\" srcset=\"https:\/\/sankorana.com\/wp-content\/uploads\/2022\/06\/IMG-20220610-WA0000-150x150.jpg 150w, https:\/\/sankorana.com\/wp-content\/uploads\/2022\/06\/IMG-20220610-WA0000-50x50.jpg 50w, https:\/\/sankorana.com\/wp-content\/uploads\/2022\/06\/IMG-20220610-WA0000-49x49.jpg 49w, https:\/\/sankorana.com\/wp-content\/uploads\/2022\/06\/IMG-20220610-WA0000-184x184.jpg 184w\" sizes=\"auto, (max-width: 150px) 100vw, 150px\" \/><\/a>\r\n\t\t\t<\/dt><\/dl><br style=\"clear: both\" \/><\/div>\n\n<p><a href=\"http:\/\/www.sankorana.com\/\/wp-content\/uploads\/2017\/02\/smjestaj-2.jpg\">\u00a0<\/a><\/p>\n<p><span lang=\"it-IT\" style=\"font-family: verdana, geneva, sans-serif;\">Disponiamo di quattro camere doppie con bagni privati. Ogni camera ha vista sul limpido fiume Korana e sulle bellissime cascate che si trovano a pochi metri dalla casa, e ti rilasseranno con il loro suono straordinario.<br \/>\n<\/span><\/p>\n<p>&nbsp;<\/p>\n\r\n\t\t<style type='text\/css'>\r\n\t\t\t#gallery-2 {\r\n\t\t\t\tmargin: auto;\r\n\t\t\t}\r\n\t\t\t#gallery-2 .gallery-item {\r\n\t\t\t\tfloat: left;\r\n\t\t\t\tmargin-top: 10px;\r\n\t\t\t\ttext-align: center;\r\n\t\t\t\twidth: 33%;\r\n\t\t\t}\r\n\t\t\t#gallery-2 img {\r\n\t\t\t\tborder: 2px solid #cfcfcf;\r\n\t\t\t}\r\n\t\t\t#gallery-2 .gallery-caption {\r\n\t\t\t\tmargin-left: 0;\r\n\t\t\t}\r\n\t\t\t\/* see gallery_shortcode() in wp-includes\/media.php *\/\r\n\t\t<\/style>\n\t\t<div id='gallery-2' class='gallery galleryid-9 gallery-columns-3 gallery-size-thumbnail'><dl class='gallery-item'>\r\n\t\t\t<dt class='gallery-icon landscape'>\r\n\t\t\t\t<a href='https:\/\/sankorana.com\/wp-content\/uploads\/2017\/02\/smjestaj-5.jpg'><img loading=\"lazy\" decoding=\"async\" width=\"150\" height=\"150\" src=\"https:\/\/sankorana.com\/wp-content\/uploads\/2017\/02\/smjestaj-5-150x150.jpg\" class=\"attachment-thumbnail size-thumbnail\" alt=\"\" srcset=\"https:\/\/sankorana.com\/wp-content\/uploads\/2017\/02\/smjestaj-5-150x150.jpg 150w, https:\/\/sankorana.com\/wp-content\/uploads\/2017\/02\/smjestaj-5-50x50.jpg 50w, https:\/\/sankorana.com\/wp-content\/uploads\/2017\/02\/smjestaj-5-49x49.jpg 49w, https:\/\/sankorana.com\/wp-content\/uploads\/2017\/02\/smjestaj-5-184x184.jpg 184w\" sizes=\"auto, (max-width: 150px) 100vw, 150px\" \/><\/a>\r\n\t\t\t<\/dt><\/dl><dl class='gallery-item'>\r\n\t\t\t<dt class='gallery-icon landscape'>\r\n\t\t\t\t<a href='https:\/\/sankorana.com\/wp-content\/uploads\/2017\/02\/ku\u00e5a..jpg'><img loading=\"lazy\" decoding=\"async\" width=\"150\" height=\"150\" src=\"https:\/\/sankorana.com\/wp-content\/uploads\/2017\/02\/ku\u00e5a.-150x150.jpg\" class=\"attachment-thumbnail size-thumbnail\" alt=\"\" srcset=\"https:\/\/sankorana.com\/wp-content\/uploads\/2017\/02\/ku\u00e5a.-150x150.jpg 150w, https:\/\/sankorana.com\/wp-content\/uploads\/2017\/02\/ku\u00e5a.-50x50.jpg 50w, https:\/\/sankorana.com\/wp-content\/uploads\/2017\/02\/ku\u00e5a.-49x49.jpg 49w, https:\/\/sankorana.com\/wp-content\/uploads\/2017\/02\/ku\u00e5a.-184x184.jpg 184w\" sizes=\"auto, (max-width: 150px) 100vw, 150px\" \/><\/a>\r\n\t\t\t<\/dt><\/dl><dl class='gallery-item'>\r\n\t\t\t<dt class='gallery-icon landscape'>\r\n\t\t\t\t<a href='https:\/\/sankorana.com\/wp-content\/uploads\/2017\/02\/2.-BBQ-spot-view_bellow-the-watermill.jpg'><img loading=\"lazy\" decoding=\"async\" width=\"150\" height=\"150\" src=\"https:\/\/sankorana.com\/wp-content\/uploads\/2017\/02\/2.-BBQ-spot-view_bellow-the-watermill-150x150.jpg\" class=\"attachment-thumbnail size-thumbnail\" alt=\"\" srcset=\"https:\/\/sankorana.com\/wp-content\/uploads\/2017\/02\/2.-BBQ-spot-view_bellow-the-watermill-150x150.jpg 150w, https:\/\/sankorana.com\/wp-content\/uploads\/2017\/02\/2.-BBQ-spot-view_bellow-the-watermill-50x50.jpg 50w, https:\/\/sankorana.com\/wp-content\/uploads\/2017\/02\/2.-BBQ-spot-view_bellow-the-watermill-49x49.jpg 49w, https:\/\/sankorana.com\/wp-content\/uploads\/2017\/02\/2.-BBQ-spot-view_bellow-the-watermill-184x184.jpg 184w\" sizes=\"auto, (max-width: 150px) 100vw, 150px\" \/><\/a>\r\n\t\t\t<\/dt><\/dl><br style=\"clear: both\" \/><\/div>\n\n","protected":false},"excerpt":{"rendered":"<p>Il Korana Etno Villagio si trova nel Parco Nazionale dei Laghi di Plitvice ed \u00e8 un esempio di rinascita della Croazia dopo la guerra. Grazie al restauro ed a soluzioni architettoniche appropriate, Korana \u00e8 diventato un luogo unico per i visitatori di tutto il mondo.<\/p>\n","protected":false},"author":1,"featured_media":0,"parent":0,"menu_order":0,"comment_status":"closed","ping_status":"closed","template":"","meta":{"footnotes":""},"class_list":["post-9","page","type-page","status-publish","hentry"],"yoast_head":"<!-- This site is optimized with the Yoast SEO plugin v25.3 - https:\/\/yoast.com\/wordpress\/plugins\/seo\/ -->\n<title>ALLOGGIO - San Korana \u2013 Laghi di Plitvice, Croazia<\/title>\n<meta name=\"robots\" content=\"index, follow, max-snippet:-1, max-image-preview:large, max-video-preview:-1\" \/>\n<link rel=\"canonical\" href=\"https:\/\/sankorana.com\/it\/unterkunft\/\" \/>\n<meta property=\"og:locale\" content=\"it_IT\" \/>\n<meta property=\"og:locale:alternate\" content=\"fr\" \/>\n<meta property=\"og:locale:alternate\" content=\"en_US\" \/>\n<meta property=\"og:locale:alternate\" content=\"de_DE\" \/>\n<meta property=\"og:type\" content=\"article\" \/>\n<meta property=\"og:title\" content=\"ALLOGGIO\" \/>\n<meta property=\"og:url\" content=\"https:\/\/sankorana.com\/it\/unterkunft\/\" \/>\n<meta property=\"og:site_name\" content=\"San Korana \u2013 Laghi di Plitvice, Croazia\" \/>\n<meta property=\"article:modified_time\" content=\"2026-03-13T18:42:15+00:00\" \/>\n<meta property=\"og:image\" content=\"https:\/\/sankorana.com\/wp-content\/uploads\/2017\/02\/Soba-4-150x150.jpg\" \/>\n<meta name=\"twitter:card\" content=\"summary_large_image\" \/>\n<meta name=\"twitter:label1\" content=\"Tempo di lettura stimato\" \/>\n\t<meta name=\"twitter:data1\" content=\"1 minuto\" \/>\n<script type=\"application\/ld+json\" class=\"yoast-schema-graph\">{\"@context\":\"https:\/\/schema.org\",\"@graph\":[{\"@type\":\"WebPage\",\"@id\":\"https:\/\/sankorana.com\/unterkunft\/\",\"url\":\"https:\/\/sankorana.com\/unterkunft\/\",\"name\":\"ALLOGGIO\",\"isPartOf\":{\"@id\":\"https:\/\/sankorana.com\/#website\"},\"datePublished\":\"2017-02-27T11:15:41+00:00\",\"dateModified\":\"2026-03-13T18:42:15+00:00\",\"breadcrumb\":{\"@id\":\"https:\/\/sankorana.com\/unterkunft\/#breadcrumb\"},\"inLanguage\":\"it-IT\",\"potentialAction\":[{\"@type\":\"ReadAction\",\"target\":[\"https:\/\/sankorana.com\/unterkunft\/\"]}]},{\"@type\":\"BreadcrumbList\",\"@id\":\"https:\/\/sankorana.com\/unterkunft\/#breadcrumb\",\"itemListElement\":[{\"@type\":\"ListItem\",\"position\":1,\"name\":\"Home\",\"item\":\"https:\/\/sankorana.com\/\"},{\"@type\":\"ListItem\",\"position\":2,\"name\":\"ACCOMMODATION\"}]},{\"@type\":\"WebSite\",\"@id\":\"https:\/\/sankorana.com\/#website\",\"url\":\"https:\/\/sankorana.com\/\",\"name\":\"San Korana \u2013 Laghi di Plitvice, Croazia\",\"description\":\"Trova una stanza vicino a Laghi di Plitvice, Croazia - Alloggi privati San Korana\",\"publisher\":{\"@id\":\"https:\/\/sankorana.com\/#organization\"},\"potentialAction\":[{\"@type\":\"SearchAction\",\"target\":{\"@type\":\"EntryPoint\",\"urlTemplate\":\"https:\/\/sankorana.com\/?s={search_term_string}\"},\"query-input\":{\"@type\":\"PropertyValueSpecification\",\"valueRequired\":true,\"valueName\":\"search_term_string\"}}],\"inLanguage\":\"it-IT\"},{\"@type\":\"Organization\",\"@id\":\"https:\/\/sankorana.com\/#organization\",\"name\":\"San korana\",\"url\":\"https:\/\/sankorana.com\/\",\"logo\":{\"@type\":\"ImageObject\",\"inLanguage\":\"it-IT\",\"@id\":\"https:\/\/sankorana.com\/#\/schema\/logo\/image\/\",\"url\":\"https:\/\/sankorana.com\/wp-content\/uploads\/2017\/02\/San-korana-logo.png\",\"contentUrl\":\"https:\/\/sankorana.com\/wp-content\/uploads\/2017\/02\/San-korana-logo.png\",\"width\":120,\"height\":120,\"caption\":\"San korana\"},\"image\":{\"@id\":\"https:\/\/sankorana.com\/#\/schema\/logo\/image\/\"}}]}<\/script>\n<!-- \/ Yoast SEO plugin. -->","yoast_head_json":{"title":"ALLOGGIO - San Korana \u2013 Laghi di Plitvice, Croazia","robots":{"index":"index","follow":"follow","max-snippet":"max-snippet:-1","max-image-preview":"max-image-preview:large","max-video-preview":"max-video-preview:-1"},"canonical":"https:\/\/sankorana.com\/it\/unterkunft\/","og_locale":"it_IT","og_type":"article","og_title":"[:fr]H\u00c9BERGEMENT[:en]ACCOMMODATION[:de]UNTERKUNFT[:it]ALLOGGIO[:] - San Korana \u2013 Laghi di Plitvice, Croazia","og_url":"https:\/\/sankorana.com\/it\/unterkunft\/","og_site_name":"San Korana \u2013 Laghi di Plitvice, Croazia","article_modified_time":"2026-03-13T18:42:15+00:00","og_image":[{"url":"https:\/\/sankorana.com\/wp-content\/uploads\/2017\/02\/Soba-4-150x150.jpg","type":"","width":"","height":""}],"twitter_card":"summary_large_image","twitter_misc":{"Tempo di lettura stimato":"1 minuto"},"schema":{"@context":"https:\/\/schema.org","@graph":[{"@type":"WebPage","@id":"https:\/\/sankorana.com\/unterkunft\/","url":"https:\/\/sankorana.com\/unterkunft\/","name":"ALLOGGIO","isPartOf":{"@id":"https:\/\/sankorana.com\/#website"},"datePublished":"2017-02-27T11:15:41+00:00","dateModified":"2026-03-13T18:42:15+00:00","breadcrumb":{"@id":"https:\/\/sankorana.com\/unterkunft\/#breadcrumb"},"inLanguage":"it-IT","potentialAction":[{"@type":"ReadAction","target":["https:\/\/sankorana.com\/unterkunft\/"]}]},{"@type":"BreadcrumbList","@id":"https:\/\/sankorana.com\/unterkunft\/#breadcrumb","itemListElement":[{"@type":"ListItem","position":1,"name":"Home","item":"https:\/\/sankorana.com\/"},{"@type":"ListItem","position":2,"name":"ACCOMMODATION"}]},{"@type":"WebSite","@id":"https:\/\/sankorana.com\/#website","url":"https:\/\/sankorana.com\/","name":"San Korana \u2013 Laghi di Plitvice, Croazia","description":"Trova una stanza vicino a Laghi di Plitvice, Croazia - Alloggi privati San Korana","publisher":{"@id":"https:\/\/sankorana.com\/#organization"},"potentialAction":[{"@type":"SearchAction","target":{"@type":"EntryPoint","urlTemplate":"https:\/\/sankorana.com\/?s={search_term_string}"},"query-input":{"@type":"PropertyValueSpecification","valueRequired":true,"valueName":"search_term_string"}}],"inLanguage":"it-IT"},{"@type":"Organization","@id":"https:\/\/sankorana.com\/#organization","name":"San korana","url":"https:\/\/sankorana.com\/","logo":{"@type":"ImageObject","inLanguage":"it-IT","@id":"https:\/\/sankorana.com\/#\/schema\/logo\/image\/","url":"https:\/\/sankorana.com\/wp-content\/uploads\/2017\/02\/San-korana-logo.png","contentUrl":"https:\/\/sankorana.com\/wp-content\/uploads\/2017\/02\/San-korana-logo.png","width":120,"height":120,"caption":"San korana"},"image":{"@id":"https:\/\/sankorana.com\/#\/schema\/logo\/image\/"}}]}},"_links":{"self":[{"href":"https:\/\/sankorana.com\/it\/wp-json\/wp\/v2\/pages\/9","targetHints":{"allow":["GET"]}}],"collection":[{"href":"https:\/\/sankorana.com\/it\/wp-json\/wp\/v2\/pages"}],"about":[{"href":"https:\/\/sankorana.com\/it\/wp-json\/wp\/v2\/types\/page"}],"author":[{"embeddable":true,"href":"https:\/\/sankorana.com\/it\/wp-json\/wp\/v2\/users\/1"}],"replies":[{"embeddable":true,"href":"https:\/\/sankorana.com\/it\/wp-json\/wp\/v2\/comments?post=9"}],"version-history":[{"count":66,"href":"https:\/\/sankorana.com\/it\/wp-json\/wp\/v2\/pages\/9\/revisions"}],"predecessor-version":[{"id":871,"href":"https:\/\/sankorana.com\/it\/wp-json\/wp\/v2\/pages\/9\/revisions\/871"}],"wp:attachment":[{"href":"https:\/\/sankorana.com\/it\/wp-json\/wp\/v2\/media?parent=9"}],"curies":[{"name":"wp","href":"https:\/\/api.w.org\/{rel}","templated":true}]}}