{"id":20,"date":"2017-02-27T11:18:13","date_gmt":"2017-02-27T11:18:13","guid":{"rendered":"http:\/\/estart.com.hr\/sankorana\/?page_id=20"},"modified":"2025-06-13T20:55:12","modified_gmt":"2025-06-13T20:55:12","slug":"plitvice-facts-did-you-know","status":"publish","type":"page","link":"https:\/\/sankorana.com\/it\/plitvice-facts-did-you-know\/","title":{"rendered":"LO SAPEVATE?"},"content":{"rendered":"<p>Oltre alle sue bellezze naturali, la Croazia \u00e8 il paese di origine di un gran numero di inventori con varie scoperte avvenute in quest\u2019area. Vi parleremo di vari personaggi famosi croati del passato le cui scoperte hanno segnato i decenni, cambiando la storia dell\u2019umanit\u00e0.<\/p>\n<p><strong>Elettricit\u00e0<\/strong><\/p>\n<p>NIKOLA TESLA (1856-1943), nato a Smiljan vicino a Gospi\u0107 (circa 52 chilometri \/ 45 minuti in macchina dai laghi di Plitvice) \u00e8 uno degli inventori pi\u00f9 grandi di tutti i tempi. Ha fornito all\u2019umanit\u00e0 innumerevoli invenzioni, per esempio, innovazioni nel campo dell\u2019ingegneria elettrica: ha progettato la prima centrale idroelettrica a corrente alternata alle cascate del Niagara, ha fatto le basi per la costruzione dei dispositivi radar,\u2026 Ha dato il suo nome all\u2019unit\u00e0 di misura per l\u2019induzione magnetica (Tesla \u2013 T). Ci ha lasciato oltre 700 invenzioni e 112 brevetti in vari settori della tecnologia e porta il nome dell\u2019\u201dUomo che ha acceso il mondo\u201d.<\/p>\n<p><strong>Siluro<\/strong><\/p>\n<p>IVAN LUPIS (1813-1875), ufficiale di marina da Fiume \u00e8 l\u2019inventore del siluro, prodotto per la prima volta nella fabbrica di Whitehead a Fiume nel 1866.<\/p>\n<p><strong>Cravatta<\/strong><\/p>\n<p>L\u2019articolo decorativo dell\u2019abbigliamento \u00e8 l\u2019opera dei soldati croati, notata per la prima volta sulla loro uniforme dal re francese Luigi XIII, che ricevette il loro aiuto nel 1653. La cravatta fu presto accettata alla corte francese e divent\u00f2 l\u2019oggetto di abbigliamento di moda di borghesia di quel tempo come simbolo di eleganza e cultura. Presto si diffuse in Europa e nel mondo, e divent\u00f2 il vestito pi\u00f9 rispettato, ma sfortunatamente non con il nome del prodotto croato pi\u00f9 famoso.<\/p>\n<p><strong>Paracadute<\/strong><\/p>\n<p>FAUST VRANCIC (1551-1617) \u2013 inventore, filosofo e lessicografo che ha prodotto una serie di invenzioni tecniche e, tra l\u2019altro, il paracadute. I primi schizzi del paracadute probabilmente furono creati dal genio Leonardo da Vinci durante la sua vita, dal 1452 al 1519. Il primo paracadute fu costruito da Faust Vrancic, inventore e innovatore croato di Sebenico, e la sua funzionalit\u00e0 fu dimostrata con un salto dalla torre di Venezia nel 1617 che ebbe con grande successo.<\/p>\n<p><strong>Matita, (penna a sfera e penna stilografica)<\/strong><\/p>\n<p>SLAVOLJUB PENKALA (1871-1922) invent\u00f2 una matita e una stilografica nel 1906. Lui \u00e8 anche il primo croato che costru\u00ec aereo biposto. Sebbene sia famoso per l\u2019invenzione del portamine, che oggi in Croazia spesso si chiama\u00a0<em>penkala<\/em>\u00a0(penna stilografica), il suo lavoro comprende circa 80 invenzioni nel campo della meccanica, chimica, fisica, aeronautica e aviazione.<\/p>\n<p><strong>Marco Polo<\/strong><\/p>\n<p>MARCO POLO (1254-1324) \u2013 avventuriero ed esploratore veneziano, famoso per aver scoperto l\u2019itinerario dalla Cina all\u2019Europa; proviene dall\u2019isola di Curzola.<\/p>\n<p><strong>Lettore mp3<\/strong><\/p>\n<p>Lo sapevi che un piccolo dispositivo che rende felice molte persone mentre vanno al lavoro o a scuola \u00e8 la creazione del giovane programmatore croato Tomislav Uzelac? \u00c8 la prima persona che nel 1997 ha costruito questo straordinario dispositivo, MP MP3 Playback Engine, considerato il primo lettore MP3. Dopo che Uzelac l\u2019ha costruito, gli studenti americani lo hanno adattato per funzionare con Windows e gli hanno dato il nome \u201cWinAmp\u201d.<\/p>\n","protected":false},"excerpt":{"rendered":"<p>Oltre alle sue bellezze naturali, la Croazia \u00e8 il paese di origine di un gran numero di inventori con varie scoperte avvenute in quest\u2019area. Vi parleremo di vari personaggi famosi croati del passato le cui scoperte hanno segnato i decenni, cambiando la storia dell\u2019umanit\u00e0. Elettricit\u00e0 NIKOLA TESLA (1856-1943), nato a Smiljan vicino a Gospi\u0107 (circa [&hellip;]<\/p>\n","protected":false},"author":1,"featured_media":0,"parent":0,"menu_order":0,"comment_status":"closed","ping_status":"closed","template":"","meta":{"footnotes":""},"class_list":["post-20","page","type-page","status-publish","hentry"],"yoast_head":"<!-- This site is optimized with the Yoast SEO plugin v25.3 - https:\/\/yoast.com\/wordpress\/plugins\/seo\/ -->\n<title>Plitvice Facts -  - Saviez-vous que Nikola Tesla est n\u00e9 \u00e0 50 km d&#039;ici ?[:]<\/title>\n<meta name=\"description\" content=\"Some interesting facts about Croatia and Plitvice. When here drive to Smiljan to visit the birth place and house of Nikola Tesla.\" \/>\n<meta name=\"robots\" content=\"index, follow, max-snippet:-1, max-image-preview:large, max-video-preview:-1\" \/>\n<link rel=\"canonical\" href=\"https:\/\/sankorana.com\/it\/plitvice-facts-did-you-know\/\" \/>\n<meta property=\"og:locale\" content=\"it_IT\" \/>\n<meta property=\"og:locale:alternate\" content=\"fr\" \/>\n<meta property=\"og:locale:alternate\" content=\"en_US\" \/>\n<meta property=\"og:locale:alternate\" content=\"de_DE\" \/>\n<meta property=\"og:type\" content=\"article\" \/>\n<meta property=\"og:title\" content=\"Plitvice Facts - Did You Know that Nikola Tesla was born 50 km from here?\" \/>\n<meta property=\"og:description\" content=\"Some interesting facts about Croatia and Plitvice. When here drive to Smiljan to visit the birth place and house of Nikola Tesla.\" \/>\n<meta property=\"og:url\" content=\"https:\/\/sankorana.com\/it\/plitvice-facts-did-you-know\/\" \/>\n<meta property=\"og:site_name\" content=\"San Korana \u2013 Laghi di Plitvice, Croazia\" \/>\n<meta property=\"article:modified_time\" content=\"2025-06-13T20:55:12+00:00\" \/>\n<meta name=\"twitter:card\" content=\"summary_large_image\" \/>\n<meta name=\"twitter:label1\" content=\"Tempo di lettura stimato\" \/>\n\t<meta name=\"twitter:data1\" content=\"3 minuti\" \/>\n<script type=\"application\/ld+json\" class=\"yoast-schema-graph\">{\"@context\":\"https:\/\/schema.org\",\"@graph\":[{\"@type\":\"WebPage\",\"@id\":\"https:\/\/sankorana.com\/fr\/plitvice-facts-did-you-know\/\",\"url\":\"https:\/\/sankorana.com\/fr\/plitvice-facts-did-you-know\/\",\"name\":\"Plitvice Facts - Did You Know that Nikola Tesla was born 50 km from here?\",\"isPartOf\":{\"@id\":\"https:\/\/sankorana.com\/#website\"},\"datePublished\":\"2017-02-27T11:18:13+00:00\",\"dateModified\":\"2025-06-13T20:55:12+00:00\",\"description\":\"Some interesting facts about Croatia and Plitvice. When here drive to Smiljan to visit the birth place and house of Nikola Tesla.\",\"breadcrumb\":{\"@id\":\"https:\/\/sankorana.com\/fr\/plitvice-facts-did-you-know\/#breadcrumb\"},\"inLanguage\":\"it-IT\",\"potentialAction\":[{\"@type\":\"ReadAction\",\"target\":[\"https:\/\/sankorana.com\/fr\/plitvice-facts-did-you-know\/\"]}]},{\"@type\":\"BreadcrumbList\",\"@id\":\"https:\/\/sankorana.com\/fr\/plitvice-facts-did-you-know\/#breadcrumb\",\"itemListElement\":[{\"@type\":\"ListItem\",\"position\":1,\"name\":\"Home\",\"item\":\"https:\/\/sankorana.com\/\"},{\"@type\":\"ListItem\",\"position\":2,\"name\":\"SAVIEZ-VOUS\"}]},{\"@type\":\"WebSite\",\"@id\":\"https:\/\/sankorana.com\/#website\",\"url\":\"https:\/\/sankorana.com\/\",\"name\":\"San Korana \u2013 Laghi di Plitvice, Croazia\",\"description\":\"Trova una stanza vicino a Laghi di Plitvice, Croazia - Alloggi privati San Korana\",\"publisher\":{\"@id\":\"https:\/\/sankorana.com\/#organization\"},\"potentialAction\":[{\"@type\":\"SearchAction\",\"target\":{\"@type\":\"EntryPoint\",\"urlTemplate\":\"https:\/\/sankorana.com\/?s={search_term_string}\"},\"query-input\":{\"@type\":\"PropertyValueSpecification\",\"valueRequired\":true,\"valueName\":\"search_term_string\"}}],\"inLanguage\":\"it-IT\"},{\"@type\":\"Organization\",\"@id\":\"https:\/\/sankorana.com\/#organization\",\"name\":\"San korana\",\"url\":\"https:\/\/sankorana.com\/\",\"logo\":{\"@type\":\"ImageObject\",\"inLanguage\":\"it-IT\",\"@id\":\"https:\/\/sankorana.com\/#\/schema\/logo\/image\/\",\"url\":\"https:\/\/sankorana.com\/wp-content\/uploads\/2017\/02\/San-korana-logo.png\",\"contentUrl\":\"https:\/\/sankorana.com\/wp-content\/uploads\/2017\/02\/San-korana-logo.png\",\"width\":120,\"height\":120,\"caption\":\"San korana\"},\"image\":{\"@id\":\"https:\/\/sankorana.com\/#\/schema\/logo\/image\/\"}}]}<\/script>\n<!-- \/ Yoast SEO plugin. -->","yoast_head_json":{"title":"Plitvice Facts -  - Saviez-vous que Nikola Tesla est n\u00e9 \u00e0 50 km d'ici ?[:]","description":"Some interesting facts about Croatia and Plitvice. When here drive to Smiljan to visit the birth place and house of Nikola Tesla.","robots":{"index":"index","follow":"follow","max-snippet":"max-snippet:-1","max-image-preview":"max-image-preview:large","max-video-preview":"max-video-preview:-1"},"canonical":"https:\/\/sankorana.com\/it\/plitvice-facts-did-you-know\/","og_locale":"it_IT","og_type":"article","og_title":"[:en]Plitvice Facts - Did You Know that Nikola Tesla was born 50 km from here?[:fr]Faits sur Plitvice - Saviez-vous que Nikola Tesla est n\u00e9 \u00e0 50 km d'ici ?[:]","og_description":"[:en]Some interesting facts about Croatia and Plitvice. When here drive to Smiljan to visit the birth place and house of Nikola Tesla.[:fr]Quelques faits int\u00e9ressants sur la Croatie et Plitvice. Une fois sur place, rendez-vous \u00e0 Smiljan pour visiter le lieu de naissance et la maison de Nikola Tesla.[:]","og_url":"https:\/\/sankorana.com\/it\/plitvice-facts-did-you-know\/","og_site_name":"San Korana \u2013 Laghi di Plitvice, Croazia","article_modified_time":"2025-06-13T20:55:12+00:00","twitter_card":"summary_large_image","twitter_misc":{"Tempo di lettura stimato":"3 minuti"},"schema":{"@context":"https:\/\/schema.org","@graph":[{"@type":"WebPage","@id":"https:\/\/sankorana.com\/fr\/plitvice-facts-did-you-know\/","url":"https:\/\/sankorana.com\/fr\/plitvice-facts-did-you-know\/","name":"Plitvice Facts - Did You Know that Nikola Tesla was born 50 km from here?","isPartOf":{"@id":"https:\/\/sankorana.com\/#website"},"datePublished":"2017-02-27T11:18:13+00:00","dateModified":"2025-06-13T20:55:12+00:00","description":"Some interesting facts about Croatia and Plitvice. When here drive to Smiljan to visit the birth place and house of Nikola Tesla.","breadcrumb":{"@id":"https:\/\/sankorana.com\/fr\/plitvice-facts-did-you-know\/#breadcrumb"},"inLanguage":"it-IT","potentialAction":[{"@type":"ReadAction","target":["https:\/\/sankorana.com\/fr\/plitvice-facts-did-you-know\/"]}]},{"@type":"BreadcrumbList","@id":"https:\/\/sankorana.com\/fr\/plitvice-facts-did-you-know\/#breadcrumb","itemListElement":[{"@type":"ListItem","position":1,"name":"Home","item":"https:\/\/sankorana.com\/"},{"@type":"ListItem","position":2,"name":"SAVIEZ-VOUS"}]},{"@type":"WebSite","@id":"https:\/\/sankorana.com\/#website","url":"https:\/\/sankorana.com\/","name":"San Korana \u2013 Laghi di Plitvice, Croazia","description":"Trova una stanza vicino a Laghi di Plitvice, Croazia - Alloggi privati San Korana","publisher":{"@id":"https:\/\/sankorana.com\/#organization"},"potentialAction":[{"@type":"SearchAction","target":{"@type":"EntryPoint","urlTemplate":"https:\/\/sankorana.com\/?s={search_term_string}"},"query-input":{"@type":"PropertyValueSpecification","valueRequired":true,"valueName":"search_term_string"}}],"inLanguage":"it-IT"},{"@type":"Organization","@id":"https:\/\/sankorana.com\/#organization","name":"San korana","url":"https:\/\/sankorana.com\/","logo":{"@type":"ImageObject","inLanguage":"it-IT","@id":"https:\/\/sankorana.com\/#\/schema\/logo\/image\/","url":"https:\/\/sankorana.com\/wp-content\/uploads\/2017\/02\/San-korana-logo.png","contentUrl":"https:\/\/sankorana.com\/wp-content\/uploads\/2017\/02\/San-korana-logo.png","width":120,"height":120,"caption":"San korana"},"image":{"@id":"https:\/\/sankorana.com\/#\/schema\/logo\/image\/"}}]}},"_links":{"self":[{"href":"https:\/\/sankorana.com\/it\/wp-json\/wp\/v2\/pages\/20","targetHints":{"allow":["GET"]}}],"collection":[{"href":"https:\/\/sankorana.com\/it\/wp-json\/wp\/v2\/pages"}],"about":[{"href":"https:\/\/sankorana.com\/it\/wp-json\/wp\/v2\/types\/page"}],"author":[{"embeddable":true,"href":"https:\/\/sankorana.com\/it\/wp-json\/wp\/v2\/users\/1"}],"replies":[{"embeddable":true,"href":"https:\/\/sankorana.com\/it\/wp-json\/wp\/v2\/comments?post=20"}],"version-history":[{"count":28,"href":"https:\/\/sankorana.com\/it\/wp-json\/wp\/v2\/pages\/20\/revisions"}],"predecessor-version":[{"id":861,"href":"https:\/\/sankorana.com\/it\/wp-json\/wp\/v2\/pages\/20\/revisions\/861"}],"wp:attachment":[{"href":"https:\/\/sankorana.com\/it\/wp-json\/wp\/v2\/media?parent=20"}],"curies":[{"name":"wp","href":"https:\/\/api.w.org\/{rel}","templated":true}]}}