{"id":18,"date":"2017-02-27T11:18:01","date_gmt":"2017-02-27T11:18:01","guid":{"rendered":"http:\/\/estart.com.hr\/sankorana\/?page_id=18"},"modified":"2025-06-13T20:56:05","modified_gmt":"2025-06-13T20:56:05","slug":"plitvice-lakes","status":"publish","type":"page","link":"https:\/\/sankorana.com\/it\/plitvice-lakes\/","title":{"rendered":"Laghi di Plitvice"},"content":{"rendered":"<p>L&#8217;area dei laghi di Plitvice \u00e8 abitata da millenni. Ci sono stati insediamenti degli Illiri, dei Traci, Celti, Giapidi, Romani, Avari, Slavi e Turchi. Nel 1528 l&#8217;area cadde sotto il dominio degli Ottomani e venne riconquistata dagli Austriaci 150 anni dopo. Divenne quindi territorio di frontiera dell&#8217;impero austriaco occupato dai nativi Croati e da molti Serbi in fuga dai territori occupati dagli Ottomani.<\/p>\n<p>Gi\u00e0 nel XVII secolo il parco viene segnalato nei primi disegni cartografici, mentre nella seconda met\u00e0 del XVIII secolo se ne parla in alcuni scritti.<\/p>\n<p>Le prime iniziative per proclamare il parco area protetta risalgono alla fine del XIX secolo, ma il parco venne istituito solamente nel 1949 divenendo il primo parco nazionale croato. Il Parco nazionale dei laghi di Plitvice dal 1979 fa parte della lista dei Patrimoni dell&#8217;umanit\u00e0 dell&#8217;UNESCO. Il parco occupa una superficie di 33.000 ettari e comprende 16 laghi in successione, collegati fra loro da cascate. All&#8217;interno del parco si trovano anche numerose grotte di cui solo una piccola parte \u00e8 agibile. I boschi del parco sono popolati da 157 specie di uccelli, 50 di mammiferi, 321 di lepidotteri (76 di farfalle e 245 di falene) e altri animali, fra i quali l&#8217;orso bruno, il cinghiale, il lupo, la lince ed il capriolo.<\/p>\n\r\n\t\t<style type='text\/css'>\r\n\t\t\t#gallery-1 {\r\n\t\t\t\tmargin: auto;\r\n\t\t\t}\r\n\t\t\t#gallery-1 .gallery-item {\r\n\t\t\t\tfloat: left;\r\n\t\t\t\tmargin-top: 10px;\r\n\t\t\t\ttext-align: center;\r\n\t\t\t\twidth: 25%;\r\n\t\t\t}\r\n\t\t\t#gallery-1 img {\r\n\t\t\t\tborder: 2px solid #cfcfcf;\r\n\t\t\t}\r\n\t\t\t#gallery-1 .gallery-caption {\r\n\t\t\t\tmargin-left: 0;\r\n\t\t\t}\r\n\t\t\t\/* see gallery_shortcode() in wp-includes\/media.php *\/\r\n\t\t<\/style>\n\t\t<div id='gallery-1' class='gallery galleryid-18 gallery-columns-4 gallery-size-thumbnail'><dl class='gallery-item'>\r\n\t\t\t<dt class='gallery-icon landscape'>\r\n\t\t\t\t<a href='https:\/\/sankorana.com\/wp-content\/uploads\/2017\/02\/plitvicka_jezera-2.jpg'><img loading=\"lazy\" decoding=\"async\" width=\"150\" height=\"150\" src=\"https:\/\/sankorana.com\/wp-content\/uploads\/2017\/02\/plitvicka_jezera-2-150x150.jpg\" class=\"attachment-thumbnail size-thumbnail\" alt=\"\" srcset=\"https:\/\/sankorana.com\/wp-content\/uploads\/2017\/02\/plitvicka_jezera-2-150x150.jpg 150w, https:\/\/sankorana.com\/wp-content\/uploads\/2017\/02\/plitvicka_jezera-2-50x50.jpg 50w, https:\/\/sankorana.com\/wp-content\/uploads\/2017\/02\/plitvicka_jezera-2-49x49.jpg 49w, https:\/\/sankorana.com\/wp-content\/uploads\/2017\/02\/plitvicka_jezera-2-184x184.jpg 184w\" sizes=\"auto, (max-width: 150px) 100vw, 150px\" \/><\/a>\r\n\t\t\t<\/dt><\/dl><dl class='gallery-item'>\r\n\t\t\t<dt class='gallery-icon landscape'>\r\n\t\t\t\t<a href='https:\/\/sankorana.com\/wp-content\/uploads\/2017\/02\/slap.jpg'><img loading=\"lazy\" decoding=\"async\" width=\"150\" height=\"150\" src=\"https:\/\/sankorana.com\/wp-content\/uploads\/2017\/02\/slap-150x150.jpg\" class=\"attachment-thumbnail size-thumbnail\" alt=\"\" srcset=\"https:\/\/sankorana.com\/wp-content\/uploads\/2017\/02\/slap-150x150.jpg 150w, https:\/\/sankorana.com\/wp-content\/uploads\/2017\/02\/slap-50x50.jpg 50w, https:\/\/sankorana.com\/wp-content\/uploads\/2017\/02\/slap-49x49.jpg 49w, https:\/\/sankorana.com\/wp-content\/uploads\/2017\/02\/slap-184x184.jpg 184w\" sizes=\"auto, (max-width: 150px) 100vw, 150px\" \/><\/a>\r\n\t\t\t<\/dt><\/dl><dl class='gallery-item'>\r\n\t\t\t<dt class='gallery-icon landscape'>\r\n\t\t\t\t<a href='https:\/\/sankorana.com\/wp-content\/uploads\/2017\/03\/sobe-san-korana-2.jpg'><img loading=\"lazy\" decoding=\"async\" width=\"150\" height=\"150\" src=\"https:\/\/sankorana.com\/wp-content\/uploads\/2017\/03\/sobe-san-korana-2-150x150.jpg\" class=\"attachment-thumbnail size-thumbnail\" alt=\"\" srcset=\"https:\/\/sankorana.com\/wp-content\/uploads\/2017\/03\/sobe-san-korana-2-150x150.jpg 150w, https:\/\/sankorana.com\/wp-content\/uploads\/2017\/03\/sobe-san-korana-2-50x50.jpg 50w, https:\/\/sankorana.com\/wp-content\/uploads\/2017\/03\/sobe-san-korana-2-49x49.jpg 49w, https:\/\/sankorana.com\/wp-content\/uploads\/2017\/03\/sobe-san-korana-2-184x184.jpg 184w\" sizes=\"auto, (max-width: 150px) 100vw, 150px\" \/><\/a>\r\n\t\t\t<\/dt><\/dl><dl class='gallery-item'>\r\n\t\t\t<dt class='gallery-icon landscape'>\r\n\t\t\t\t<a href='https:\/\/sankorana.com\/wp-content\/uploads\/2017\/03\/filename-img-3021-jpg.jpg'><img loading=\"lazy\" decoding=\"async\" width=\"150\" height=\"150\" src=\"https:\/\/sankorana.com\/wp-content\/uploads\/2017\/03\/filename-img-3021-jpg-150x150.jpg\" class=\"attachment-thumbnail size-thumbnail\" alt=\"\" srcset=\"https:\/\/sankorana.com\/wp-content\/uploads\/2017\/03\/filename-img-3021-jpg-150x150.jpg 150w, https:\/\/sankorana.com\/wp-content\/uploads\/2017\/03\/filename-img-3021-jpg-50x50.jpg 50w, https:\/\/sankorana.com\/wp-content\/uploads\/2017\/03\/filename-img-3021-jpg-49x49.jpg 49w, https:\/\/sankorana.com\/wp-content\/uploads\/2017\/03\/filename-img-3021-jpg-184x184.jpg 184w\" sizes=\"auto, (max-width: 150px) 100vw, 150px\" \/><\/a>\r\n\t\t\t<\/dt><\/dl><br style=\"clear: both\" \/><dl class='gallery-item'>\r\n\t\t\t<dt class='gallery-icon landscape'>\r\n\t\t\t\t<a href='https:\/\/sankorana.com\/wp-content\/uploads\/2017\/03\/20160627-103958-largejpg.jpg'><img loading=\"lazy\" decoding=\"async\" width=\"150\" height=\"150\" src=\"https:\/\/sankorana.com\/wp-content\/uploads\/2017\/03\/20160627-103958-largejpg-150x150.jpg\" class=\"attachment-thumbnail size-thumbnail\" alt=\"\" srcset=\"https:\/\/sankorana.com\/wp-content\/uploads\/2017\/03\/20160627-103958-largejpg-150x150.jpg 150w, https:\/\/sankorana.com\/wp-content\/uploads\/2017\/03\/20160627-103958-largejpg-50x50.jpg 50w, https:\/\/sankorana.com\/wp-content\/uploads\/2017\/03\/20160627-103958-largejpg-49x49.jpg 49w, https:\/\/sankorana.com\/wp-content\/uploads\/2017\/03\/20160627-103958-largejpg-184x184.jpg 184w\" sizes=\"auto, (max-width: 150px) 100vw, 150px\" \/><\/a>\r\n\t\t\t<\/dt><\/dl><dl class='gallery-item'>\r\n\t\t\t<dt class='gallery-icon landscape'>\r\n\t\t\t\t<a href='https:\/\/sankorana.com\/wp-content\/uploads\/2017\/02\/galerija-30.jpg'><img loading=\"lazy\" decoding=\"async\" width=\"150\" height=\"150\" src=\"https:\/\/sankorana.com\/wp-content\/uploads\/2017\/02\/galerija-30-150x150.jpg\" class=\"attachment-thumbnail size-thumbnail\" alt=\"\" srcset=\"https:\/\/sankorana.com\/wp-content\/uploads\/2017\/02\/galerija-30-150x150.jpg 150w, https:\/\/sankorana.com\/wp-content\/uploads\/2017\/02\/galerija-30-50x50.jpg 50w, https:\/\/sankorana.com\/wp-content\/uploads\/2017\/02\/galerija-30-49x49.jpg 49w, https:\/\/sankorana.com\/wp-content\/uploads\/2017\/02\/galerija-30-184x184.jpg 184w\" sizes=\"auto, (max-width: 150px) 100vw, 150px\" \/><\/a>\r\n\t\t\t<\/dt><\/dl><dl class='gallery-item'>\r\n\t\t\t<dt class='gallery-icon portrait'>\r\n\t\t\t\t<a href='https:\/\/sankorana.com\/wp-content\/uploads\/2017\/02\/galerija-16.jpg'><img loading=\"lazy\" decoding=\"async\" width=\"150\" height=\"150\" src=\"https:\/\/sankorana.com\/wp-content\/uploads\/2017\/02\/galerija-16-150x150.jpg\" class=\"attachment-thumbnail size-thumbnail\" alt=\"\" srcset=\"https:\/\/sankorana.com\/wp-content\/uploads\/2017\/02\/galerija-16-150x150.jpg 150w, https:\/\/sankorana.com\/wp-content\/uploads\/2017\/02\/galerija-16-50x50.jpg 50w, https:\/\/sankorana.com\/wp-content\/uploads\/2017\/02\/galerija-16-49x49.jpg 49w, https:\/\/sankorana.com\/wp-content\/uploads\/2017\/02\/galerija-16-184x184.jpg 184w\" sizes=\"auto, (max-width: 150px) 100vw, 150px\" \/><\/a>\r\n\t\t\t<\/dt><\/dl><dl class='gallery-item'>\r\n\t\t\t<dt class='gallery-icon landscape'>\r\n\t\t\t\t<a href='https:\/\/sankorana.com\/wp-content\/uploads\/2017\/02\/galerija-17.jpg'><img loading=\"lazy\" decoding=\"async\" width=\"150\" height=\"150\" src=\"https:\/\/sankorana.com\/wp-content\/uploads\/2017\/02\/galerija-17-150x150.jpg\" class=\"attachment-thumbnail size-thumbnail\" alt=\"\" srcset=\"https:\/\/sankorana.com\/wp-content\/uploads\/2017\/02\/galerija-17-150x150.jpg 150w, https:\/\/sankorana.com\/wp-content\/uploads\/2017\/02\/galerija-17-50x50.jpg 50w, https:\/\/sankorana.com\/wp-content\/uploads\/2017\/02\/galerija-17-49x49.jpg 49w, https:\/\/sankorana.com\/wp-content\/uploads\/2017\/02\/galerija-17-184x184.jpg 184w\" sizes=\"auto, (max-width: 150px) 100vw, 150px\" \/><\/a>\r\n\t\t\t<\/dt><\/dl><br style=\"clear: both\" \/><dl class='gallery-item'>\r\n\t\t\t<dt class='gallery-icon landscape'>\r\n\t\t\t\t<a href='https:\/\/sankorana.com\/wp-content\/uploads\/2017\/02\/galerija-14.jpg'><img loading=\"lazy\" decoding=\"async\" width=\"150\" height=\"150\" src=\"https:\/\/sankorana.com\/wp-content\/uploads\/2017\/02\/galerija-14-150x150.jpg\" class=\"attachment-thumbnail size-thumbnail\" alt=\"\" srcset=\"https:\/\/sankorana.com\/wp-content\/uploads\/2017\/02\/galerija-14-150x150.jpg 150w, https:\/\/sankorana.com\/wp-content\/uploads\/2017\/02\/galerija-14-50x50.jpg 50w, https:\/\/sankorana.com\/wp-content\/uploads\/2017\/02\/galerija-14-49x49.jpg 49w, https:\/\/sankorana.com\/wp-content\/uploads\/2017\/02\/galerija-14-184x184.jpg 184w\" sizes=\"auto, (max-width: 150px) 100vw, 150px\" \/><\/a>\r\n\t\t\t<\/dt><\/dl><dl class='gallery-item'>\r\n\t\t\t<dt class='gallery-icon landscape'>\r\n\t\t\t\t<a href='https:\/\/sankorana.com\/wp-content\/uploads\/2017\/02\/galerija-3.jpg'><img loading=\"lazy\" decoding=\"async\" width=\"150\" height=\"150\" src=\"https:\/\/sankorana.com\/wp-content\/uploads\/2017\/02\/galerija-3-150x150.jpg\" class=\"attachment-thumbnail size-thumbnail\" alt=\"\" srcset=\"https:\/\/sankorana.com\/wp-content\/uploads\/2017\/02\/galerija-3-150x150.jpg 150w, https:\/\/sankorana.com\/wp-content\/uploads\/2017\/02\/galerija-3-50x50.jpg 50w, https:\/\/sankorana.com\/wp-content\/uploads\/2017\/02\/galerija-3-49x49.jpg 49w, https:\/\/sankorana.com\/wp-content\/uploads\/2017\/02\/galerija-3-184x184.jpg 184w\" sizes=\"auto, (max-width: 150px) 100vw, 150px\" \/><\/a>\r\n\t\t\t<\/dt><\/dl><dl class='gallery-item'>\r\n\t\t\t<dt class='gallery-icon landscape'>\r\n\t\t\t\t<a href='https:\/\/sankorana.com\/wp-content\/uploads\/2017\/02\/plitvicka_jezera-5.jpg'><img loading=\"lazy\" decoding=\"async\" width=\"150\" height=\"150\" src=\"https:\/\/sankorana.com\/wp-content\/uploads\/2017\/02\/plitvicka_jezera-5-150x150.jpg\" class=\"attachment-thumbnail size-thumbnail\" alt=\"\" srcset=\"https:\/\/sankorana.com\/wp-content\/uploads\/2017\/02\/plitvicka_jezera-5-150x150.jpg 150w, https:\/\/sankorana.com\/wp-content\/uploads\/2017\/02\/plitvicka_jezera-5-50x50.jpg 50w, https:\/\/sankorana.com\/wp-content\/uploads\/2017\/02\/plitvicka_jezera-5-49x49.jpg 49w, https:\/\/sankorana.com\/wp-content\/uploads\/2017\/02\/plitvicka_jezera-5-184x184.jpg 184w\" sizes=\"auto, (max-width: 150px) 100vw, 150px\" \/><\/a>\r\n\t\t\t<\/dt><\/dl><dl class='gallery-item'>\r\n\t\t\t<dt class='gallery-icon landscape'>\r\n\t\t\t\t<a href='https:\/\/sankorana.com\/wp-content\/uploads\/2017\/02\/plitvicka_jezera-1.jpg'><img loading=\"lazy\" decoding=\"async\" width=\"150\" height=\"150\" src=\"https:\/\/sankorana.com\/wp-content\/uploads\/2017\/02\/plitvicka_jezera-1-150x150.jpg\" class=\"attachment-thumbnail size-thumbnail\" alt=\"\" srcset=\"https:\/\/sankorana.com\/wp-content\/uploads\/2017\/02\/plitvicka_jezera-1-150x150.jpg 150w, https:\/\/sankorana.com\/wp-content\/uploads\/2017\/02\/plitvicka_jezera-1-50x50.jpg 50w, https:\/\/sankorana.com\/wp-content\/uploads\/2017\/02\/plitvicka_jezera-1-49x49.jpg 49w, https:\/\/sankorana.com\/wp-content\/uploads\/2017\/02\/plitvicka_jezera-1-184x184.jpg 184w\" sizes=\"auto, (max-width: 150px) 100vw, 150px\" \/><\/a>\r\n\t\t\t<\/dt><\/dl><br style=\"clear: both\" \/><\/div>\n\n<p>I laghi sono formati da due fiumi: il Fiume Bianco ed il Fiume Nero, che confluiscono nel fiume Korana. Le acque di questi fiumi sono ricche di sali calcarei (in massima parte carbonato di calcio e carbonato di magnesio), provenienti dalla dissoluzione delle rocce carbonatiche costituenti la struttura geologica del sito.<\/p>\n<p>Questi sali vengono fatti precipitare dalla vegetazione, formando cos\u00ec degli strati di travertino, una roccia sedimentaria recente. Col passare del tempo, questi depositi formano delle vere e proprie dighe naturali che fungono da sbarramenti per l&#8217;acqua, crescendo di circa un centimetro ogni anno. Ad un certo punto la pressione dell&#8217;acqua rompe questi argini naturali, aprendosi nel terreno nuovi percorsi.<\/p>\n<p>Questo meccanismo, in realt\u00e0 comune a tutte le acque calcaree, a Plitvice ha assunto una particolare importanza.<\/p>\n<p>I laghi si suddividono in laghi superiori (in croato <i>Gornja jezera<\/i>) e laghi inferiori (in croato <i>Donja jezera<\/i>). Kozjak \u00e8 il lago del parco di maggiore estensione ed ha una profondit\u00e0 massima di 47 metri che ne fanno anche il lago pi\u00f9 profondo.<\/p>\n<p>Il Parco Nazionale dei Laghi di Plitvice \u00e8 probabilmente la meraviglia naturale pi\u00f9 bella di tutta la Croazia. Oltre alle cascate si possono vedere moltissime specie animali come pesci, rane e numerosi uccelli. Una delle attrazioni pi\u00f9 note \u00e8 la Veliki Slap, una magnifica cascata circondata da massi da cui i turisti possono accedere. C&#8217;\u00e8 un altro grande complesso di cascate al quale si arriva attraverso una grotta dalle rocce circostanti.<\/p>\n<div id=\"gt-res-content\">\n<div id=\"gt-res-dir-ctr\" class=\"trans-verified-button-large\" dir=\"ltr\"><span id=\"result_box\" class=\"short_text\" lang=\"it\"><span class=\"\">Programmi di visita dai<\/span><\/span> Laghi di Plitvice Parco Nazionale. Autore: Ivica Luketi\u0107.<\/div>\n<\/div>\n<div class=\"trans-verified-button-large\" dir=\"ltr\"><\/div>\n<p>&nbsp;<\/p>\n<p><iframe loading=\"lazy\" style=\"border: 0;\" src=\"https:\/\/www.google.com\/maps\/embed?pb=!1m18!1m12!1m3!1d18407.22695242778!2d15.595560347572311!3d44.87552460335984!2m3!1f0!2f0!3f0!3m2!1i1024!2i768!4f13.1!3m3!1m2!1s0x47615e6cfed90f3d%3A0x51a8ff8379a5e70!2sPlitvi%C4%8Dka%20jezera!5e1!3m2!1shr!2shr!4v1567785843899!5m2!1shr!2shr\" width=\"100%\" height=\"450\" frameborder=\"0\" allowfullscreen=\"allowfullscreen\"><span data-mce-type=\"bookmark\" style=\"display: inline-block; width: 0px; overflow: hidden; line-height: 0;\" class=\"mce_SELRES_start\">\ufeff<\/span><\/iframe><\/p>\n","protected":false},"excerpt":{"rendered":"<p>L&#8217;area dei laghi di Plitvice \u00e8 abitata da millenni. Ci sono stati insediamenti degli Illiri, dei Traci, Celti, Giapidi, Romani, Avari, Slavi e Turchi. Nel 1528 l&#8217;area cadde sotto il dominio degli Ottomani e venne riconquistata dagli Austriaci 150 anni dopo. Divenne quindi territorio di frontiera dell&#8217;impero austriaco occupato dai nativi Croati e da molti [&hellip;]<\/p>\n","protected":false},"author":1,"featured_media":0,"parent":0,"menu_order":0,"comment_status":"closed","ping_status":"closed","template":"","meta":{"footnotes":""},"class_list":["post-18","page","type-page","status-publish","hentry"],"yoast_head":"<!-- This site is optimized with the Yoast SEO plugin v25.3 - https:\/\/yoast.com\/wordpress\/plugins\/seo\/ -->\n<title>{:en}About Plitvice Lakes -<\/title>\n<meta name=\"description\" content=\"{:en}Learn about Plitvice Lakes, Croatian most famous national park and a unique nature phenomena. Short history, what can you expect and what to see.{:}\" \/>\n<meta name=\"robots\" content=\"index, follow, max-snippet:-1, max-image-preview:large, max-video-preview:-1\" \/>\n<link rel=\"canonical\" href=\"https:\/\/sankorana.com\/it\/plitvice-lakes\/\" \/>\n<meta property=\"og:locale\" content=\"it_IT\" \/>\n<meta property=\"og:locale:alternate\" content=\"fr\" \/>\n<meta property=\"og:locale:alternate\" content=\"en_US\" \/>\n<meta property=\"og:locale:alternate\" content=\"de_DE\" \/>\n<meta property=\"og:type\" content=\"article\" \/>\n<meta property=\"og:title\" content=\"{:en}About Plitvice Lakes - location, history, wildlife, speleology{:}\" \/>\n<meta property=\"og:description\" content=\"{:en}Learn about Plitvice Lakes, Croatian most famous national park and a unique nature phenomena. Short history, what can you expect and what to see.{:}\" \/>\n<meta property=\"og:url\" content=\"https:\/\/sankorana.com\/it\/plitvice-lakes\/\" \/>\n<meta property=\"og:site_name\" content=\"San Korana \u2013 Laghi di Plitvice, Croazia\" \/>\n<meta property=\"article:modified_time\" content=\"2025-06-13T20:56:05+00:00\" \/>\n<meta property=\"og:image\" content=\"https:\/\/sankorana.com\/wp-content\/uploads\/2017\/02\/plitvicka_jezera-2-150x150.jpg\" \/>\n<meta name=\"twitter:card\" content=\"summary_large_image\" \/>\n<meta name=\"twitter:label1\" content=\"Tempo di lettura stimato\" \/>\n\t<meta name=\"twitter:data1\" content=\"3 minuti\" \/>\n<script type=\"application\/ld+json\" class=\"yoast-schema-graph\">{\"@context\":\"https:\/\/schema.org\",\"@graph\":[{\"@type\":\"WebPage\",\"@id\":\"https:\/\/sankorana.com\/fr\/plitvice-lakes\/\",\"url\":\"https:\/\/sankorana.com\/fr\/plitvice-lakes\/\",\"name\":\"{:en}About Plitvice Lakes - location, history, wildlife, speleology{:}\",\"isPartOf\":{\"@id\":\"https:\/\/sankorana.com\/#website\"},\"primaryImageOfPage\":{\"@id\":\"https:\/\/sankorana.com\/fr\/plitvice-lakes\/#primaryimage\"},\"image\":{\"@id\":\"https:\/\/sankorana.com\/fr\/plitvice-lakes\/#primaryimage\"},\"thumbnailUrl\":\"https:\/\/sankorana.com\/wp-content\/uploads\/2017\/02\/plitvicka_jezera-4-150x150.jpg\",\"datePublished\":\"2017-02-27T11:18:01+00:00\",\"dateModified\":\"2025-06-13T20:56:05+00:00\",\"description\":\"{:en}Learn about Plitvice Lakes, Croatian most famous national park and a unique nature phenomena. Short history, what can you expect and what to see.{:}\",\"breadcrumb\":{\"@id\":\"https:\/\/sankorana.com\/fr\/plitvice-lakes\/#breadcrumb\"},\"inLanguage\":\"it-IT\",\"potentialAction\":[{\"@type\":\"ReadAction\",\"target\":[\"https:\/\/sankorana.com\/fr\/plitvice-lakes\/\"]}]},{\"@type\":\"ImageObject\",\"inLanguage\":\"it-IT\",\"@id\":\"https:\/\/sankorana.com\/fr\/plitvice-lakes\/#primaryimage\",\"url\":\"https:\/\/sankorana.com\/wp-content\/uploads\/2017\/02\/plitvicka_jezera-4-150x150.jpg\",\"contentUrl\":\"https:\/\/sankorana.com\/wp-content\/uploads\/2017\/02\/plitvicka_jezera-4-150x150.jpg\"},{\"@type\":\"BreadcrumbList\",\"@id\":\"https:\/\/sankorana.com\/fr\/plitvice-lakes\/#breadcrumb\",\"itemListElement\":[{\"@type\":\"ListItem\",\"position\":1,\"name\":\"Home\",\"item\":\"https:\/\/sankorana.com\/\"},{\"@type\":\"ListItem\",\"position\":2,\"name\":\"LACS DE PLITVICE\"}]},{\"@type\":\"WebSite\",\"@id\":\"https:\/\/sankorana.com\/#website\",\"url\":\"https:\/\/sankorana.com\/\",\"name\":\"San Korana \u2013 Laghi di Plitvice, Croazia\",\"description\":\"Trova una stanza vicino a Laghi di Plitvice, Croazia - Alloggi privati San Korana\",\"publisher\":{\"@id\":\"https:\/\/sankorana.com\/#organization\"},\"potentialAction\":[{\"@type\":\"SearchAction\",\"target\":{\"@type\":\"EntryPoint\",\"urlTemplate\":\"https:\/\/sankorana.com\/?s={search_term_string}\"},\"query-input\":{\"@type\":\"PropertyValueSpecification\",\"valueRequired\":true,\"valueName\":\"search_term_string\"}}],\"inLanguage\":\"it-IT\"},{\"@type\":\"Organization\",\"@id\":\"https:\/\/sankorana.com\/#organization\",\"name\":\"San korana\",\"url\":\"https:\/\/sankorana.com\/\",\"logo\":{\"@type\":\"ImageObject\",\"inLanguage\":\"it-IT\",\"@id\":\"https:\/\/sankorana.com\/#\/schema\/logo\/image\/\",\"url\":\"https:\/\/sankorana.com\/wp-content\/uploads\/2017\/02\/San-korana-logo.png\",\"contentUrl\":\"https:\/\/sankorana.com\/wp-content\/uploads\/2017\/02\/San-korana-logo.png\",\"width\":120,\"height\":120,\"caption\":\"San korana\"},\"image\":{\"@id\":\"https:\/\/sankorana.com\/#\/schema\/logo\/image\/\"}}]}<\/script>\n<!-- \/ Yoast SEO plugin. -->","yoast_head_json":{"title":"{:en}About Plitvice Lakes -","description":"{:en}Learn about Plitvice Lakes, Croatian most famous national park and a unique nature phenomena. Short history, what can you expect and what to see.{:}","robots":{"index":"index","follow":"follow","max-snippet":"max-snippet:-1","max-image-preview":"max-image-preview:large","max-video-preview":"max-video-preview:-1"},"canonical":"https:\/\/sankorana.com\/it\/plitvice-lakes\/","og_locale":"it_IT","og_type":"article","og_title":"[:en]{:en}About Plitvice Lakes - location, history, wildlife, speleology{:}[:fr]\u00c0 propos des lacs de Plitvice\u00a0: emplacement, histoire, faune, sp\u00e9l\u00e9ologie[:]","og_description":"[:en]{:en}Learn about Plitvice Lakes, Croatian most famous national park and a unique nature phenomena. Short history, what can you expect and what to see.{:}[:fr]D\u00e9couvrez les lacs de Plitvice, le parc national le plus c\u00e9l\u00e8bre de Croatie et un ph\u00e9nom\u00e8ne naturel unique. Bref historique, \u00e0 quoi s'attendre et que voir.[:]","og_url":"https:\/\/sankorana.com\/it\/plitvice-lakes\/","og_site_name":"San Korana \u2013 Laghi di Plitvice, Croazia","article_modified_time":"2025-06-13T20:56:05+00:00","og_image":[{"url":"https:\/\/sankorana.com\/wp-content\/uploads\/2017\/02\/plitvicka_jezera-2-150x150.jpg","type":"","width":"","height":""}],"twitter_card":"summary_large_image","twitter_misc":{"Tempo di lettura stimato":"3 minuti"},"schema":{"@context":"https:\/\/schema.org","@graph":[{"@type":"WebPage","@id":"https:\/\/sankorana.com\/fr\/plitvice-lakes\/","url":"https:\/\/sankorana.com\/fr\/plitvice-lakes\/","name":"{:en}About Plitvice Lakes - location, history, wildlife, speleology{:}","isPartOf":{"@id":"https:\/\/sankorana.com\/#website"},"primaryImageOfPage":{"@id":"https:\/\/sankorana.com\/fr\/plitvice-lakes\/#primaryimage"},"image":{"@id":"https:\/\/sankorana.com\/fr\/plitvice-lakes\/#primaryimage"},"thumbnailUrl":"https:\/\/sankorana.com\/wp-content\/uploads\/2017\/02\/plitvicka_jezera-4-150x150.jpg","datePublished":"2017-02-27T11:18:01+00:00","dateModified":"2025-06-13T20:56:05+00:00","description":"{:en}Learn about Plitvice Lakes, Croatian most famous national park and a unique nature phenomena. Short history, what can you expect and what to see.{:}","breadcrumb":{"@id":"https:\/\/sankorana.com\/fr\/plitvice-lakes\/#breadcrumb"},"inLanguage":"it-IT","potentialAction":[{"@type":"ReadAction","target":["https:\/\/sankorana.com\/fr\/plitvice-lakes\/"]}]},{"@type":"ImageObject","inLanguage":"it-IT","@id":"https:\/\/sankorana.com\/fr\/plitvice-lakes\/#primaryimage","url":"https:\/\/sankorana.com\/wp-content\/uploads\/2017\/02\/plitvicka_jezera-4-150x150.jpg","contentUrl":"https:\/\/sankorana.com\/wp-content\/uploads\/2017\/02\/plitvicka_jezera-4-150x150.jpg"},{"@type":"BreadcrumbList","@id":"https:\/\/sankorana.com\/fr\/plitvice-lakes\/#breadcrumb","itemListElement":[{"@type":"ListItem","position":1,"name":"Home","item":"https:\/\/sankorana.com\/"},{"@type":"ListItem","position":2,"name":"LACS DE PLITVICE"}]},{"@type":"WebSite","@id":"https:\/\/sankorana.com\/#website","url":"https:\/\/sankorana.com\/","name":"San Korana \u2013 Laghi di Plitvice, Croazia","description":"Trova una stanza vicino a Laghi di Plitvice, Croazia - Alloggi privati San Korana","publisher":{"@id":"https:\/\/sankorana.com\/#organization"},"potentialAction":[{"@type":"SearchAction","target":{"@type":"EntryPoint","urlTemplate":"https:\/\/sankorana.com\/?s={search_term_string}"},"query-input":{"@type":"PropertyValueSpecification","valueRequired":true,"valueName":"search_term_string"}}],"inLanguage":"it-IT"},{"@type":"Organization","@id":"https:\/\/sankorana.com\/#organization","name":"San korana","url":"https:\/\/sankorana.com\/","logo":{"@type":"ImageObject","inLanguage":"it-IT","@id":"https:\/\/sankorana.com\/#\/schema\/logo\/image\/","url":"https:\/\/sankorana.com\/wp-content\/uploads\/2017\/02\/San-korana-logo.png","contentUrl":"https:\/\/sankorana.com\/wp-content\/uploads\/2017\/02\/San-korana-logo.png","width":120,"height":120,"caption":"San korana"},"image":{"@id":"https:\/\/sankorana.com\/#\/schema\/logo\/image\/"}}]}},"_links":{"self":[{"href":"https:\/\/sankorana.com\/it\/wp-json\/wp\/v2\/pages\/18","targetHints":{"allow":["GET"]}}],"collection":[{"href":"https:\/\/sankorana.com\/it\/wp-json\/wp\/v2\/pages"}],"about":[{"href":"https:\/\/sankorana.com\/it\/wp-json\/wp\/v2\/types\/page"}],"author":[{"embeddable":true,"href":"https:\/\/sankorana.com\/it\/wp-json\/wp\/v2\/users\/1"}],"replies":[{"embeddable":true,"href":"https:\/\/sankorana.com\/it\/wp-json\/wp\/v2\/comments?post=18"}],"version-history":[{"count":18,"href":"https:\/\/sankorana.com\/it\/wp-json\/wp\/v2\/pages\/18\/revisions"}],"predecessor-version":[{"id":860,"href":"https:\/\/sankorana.com\/it\/wp-json\/wp\/v2\/pages\/18\/revisions\/860"}],"wp:attachment":[{"href":"https:\/\/sankorana.com\/it\/wp-json\/wp\/v2\/media?parent=18"}],"curies":[{"name":"wp","href":"https:\/\/api.w.org\/{rel}","templated":true}]}}