{"id":16,"date":"2017-02-27T11:17:35","date_gmt":"2017-02-27T11:17:35","guid":{"rendered":"http:\/\/estart.com.hr\/sankorana\/?page_id=16"},"modified":"2025-05-26T14:49:59","modified_gmt":"2025-05-26T14:49:59","slug":"restaurants","status":"publish","type":"page","link":"https:\/\/sankorana.com\/it\/restaurants\/","title":{"rendered":"Ristoranti"},"content":{"rendered":"<table class=\"aligncenter\" style=\"width: 535px; height: 667px;\" border=\"0\" cellspacing=\"0\" cellpadding=\"0\">\n<tbody>\n<tr style=\"height: 260px;\">\n<td style=\"width: 265px; text-align: center; vertical-align: top; height: 260px;\">RESTAURANT POLJANA<\/p>\n<p><a href=\"http:\/\/www.sankorana.com\/\/wp-content\/uploads\/2017\/02\/restoran-poljana.jpg\"><img loading=\"lazy\" decoding=\"async\" class=\"alignleft size-full wp-image-110\" src=\"http:\/\/www.sankorana.com\/\/wp-content\/uploads\/2017\/02\/restoran-poljana.jpg\" alt=\"\" width=\"250\" height=\"187\" \/><\/a><\/td>\n<td style=\"width: 266px; text-align: center; vertical-align: top; height: 260px;\">RESTAURANT LI\u010cKA KU\u0106A<\/p>\n<p><a href=\"http:\/\/www.sankorana.com\/\/wp-content\/uploads\/2017\/02\/licka_kuca.jpg\"><img loading=\"lazy\" decoding=\"async\" class=\"alignleft size-full wp-image-112\" src=\"http:\/\/www.sankorana.com\/\/wp-content\/uploads\/2017\/02\/licka_kuca.jpg\" alt=\"\" width=\"250\" height=\"188\" \/><\/a><\/td>\n<\/tr>\n<tr style=\"height: 72px;\">\n<td style=\"width: 265px; text-align: center; vertical-align: top; height: 72px;\">Plitvi\u010dka jezera<br \/>\n053\/ 751 092<\/td>\n<td style=\"width: 266px; text-align: center; vertical-align: top; height: 72px;\">Rastova\u010da bb<br \/>\n53231 Plitvi\u010dka jezera<br \/>\ntel: 053\/ 751 023<\/td>\n<\/tr>\n<tr style=\"height: 259px;\">\n<td style=\"width: 265px; text-align: center; vertical-align: top; height: 259px;\">\u00a0DEGENIJA<\/p>\n<p><a href=\"http:\/\/www.sankorana.com\/\/wp-content\/uploads\/2017\/02\/restoran-degenija.jpg\"><img loading=\"lazy\" decoding=\"async\" class=\"alignleft size-full wp-image-113\" src=\"http:\/\/www.sankorana.com\/\/wp-content\/uploads\/2017\/02\/restoran-degenija.jpg\" alt=\"\" width=\"250\" height=\"187\" \/><\/a><\/td>\n<td style=\"width: 266px; text-align: center; vertical-align: top; height: 259px;\"><\/td>\n<\/tr>\n<tr style=\"height: 72px;\">\n<td style=\"width: 265px; text-align: center; vertical-align: top; height: 72px;\">\u00a0Dre\u017eni\u010dko Seli\u0161te 59<br \/>\n47246 Dre\u017enik Grad<br \/>\ntel: 053\/ 782 060<\/td>\n<td style=\"width: 266px; text-align: center; vertical-align: top; height: 72px;\"><\/td>\n<\/tr>\n<tr style=\"height: 24px;\">\n<td style=\"width: 265px; text-align: center; vertical-align: top; height: 24px;\"><\/td>\n<td style=\"width: 266px; text-align: center; vertical-align: top; height: 24px;\"><\/td>\n<\/tr>\n<tr style=\"height: 24px;\">\n<td style=\"width: 265px; text-align: center; vertical-align: top; height: 24px;\"><\/td>\n<td style=\"width: 266px; text-align: center; vertical-align: top; height: 24px;\"><\/td>\n<\/tr>\n<tr>\n<td style=\"width: 265px; text-align: center; vertical-align: top;\"><\/td>\n<td style=\"width: 266px; text-align: center; vertical-align: top;\"><\/td>\n<\/tr>\n<\/tbody>\n<\/table>\n","protected":false},"excerpt":{"rendered":"<p>RESTAURANT POLJANA RESTAURANT LI\u010cKA KU\u0106A Plitvi\u010dka jezera 053\/ 751 092 Rastova\u010da bb 53231 Plitvi\u010dka jezera tel: 053\/ 751 023 \u00a0DEGENIJA \u00a0Dre\u017eni\u010dko Seli\u0161te 59 47246 Dre\u017enik Grad tel: 053\/ 782 060<\/p>\n","protected":false},"author":1,"featured_media":0,"parent":0,"menu_order":0,"comment_status":"closed","ping_status":"closed","template":"","meta":{"footnotes":""},"class_list":["post-16","page","type-page","status-publish","hentry"],"yoast_head":"<!-- This site is optimized with the Yoast SEO plugin v25.3 - https:\/\/yoast.com\/wordpress\/plugins\/seo\/ -->\n<title>Ristoranti - San Korana \u2013 Laghi di Plitvice, Croazia<\/title>\n<meta name=\"robots\" content=\"index, follow, max-snippet:-1, max-image-preview:large, max-video-preview:-1\" \/>\n<link rel=\"canonical\" href=\"https:\/\/sankorana.com\/it\/restaurants\/\" \/>\n<meta property=\"og:locale\" content=\"it_IT\" \/>\n<meta property=\"og:locale:alternate\" content=\"fr\" \/>\n<meta property=\"og:locale:alternate\" content=\"en_US\" \/>\n<meta property=\"og:locale:alternate\" content=\"de_DE\" \/>\n<meta property=\"og:type\" content=\"article\" \/>\n<meta property=\"og:title\" content=\"Ristoranti\" \/>\n<meta property=\"og:description\" content=\"RESTAURANT POLJANA RESTAURANT LI\u010cKA KU\u0106A Plitvi\u010dka jezera 053\/ 751 092 Rastova\u010da bb 53231 Plitvi\u010dka jezera tel: 053\/ 751 023 \u00a0DEGENIJA \u00a0Dre\u017eni\u010dko Seli\u0161te 59 47246 Dre\u017enik Grad tel: 053\/ 782 060\" \/>\n<meta property=\"og:url\" content=\"https:\/\/sankorana.com\/it\/restaurants\/\" \/>\n<meta property=\"og:site_name\" content=\"San Korana \u2013 Laghi di Plitvice, Croazia\" \/>\n<meta property=\"article:modified_time\" content=\"2025-05-26T14:49:59+00:00\" \/>\n<meta property=\"og:image\" content=\"http:\/\/www.sankorana.com\/\/wp-content\/uploads\/2017\/02\/restoran-poljana.jpg\" \/>\n<meta name=\"twitter:card\" content=\"summary_large_image\" \/>\n<script type=\"application\/ld+json\" class=\"yoast-schema-graph\">{\"@context\":\"https:\/\/schema.org\",\"@graph\":[{\"@type\":\"WebPage\",\"@id\":\"https:\/\/sankorana.com\/it\/restaurants\/\",\"url\":\"https:\/\/sankorana.com\/it\/restaurants\/\",\"name\":\"Ristoranti\",\"isPartOf\":{\"@id\":\"https:\/\/sankorana.com\/#website\"},\"primaryImageOfPage\":{\"@id\":\"https:\/\/sankorana.com\/it\/restaurants\/#primaryimage\"},\"image\":{\"@id\":\"https:\/\/sankorana.com\/it\/restaurants\/#primaryimage\"},\"thumbnailUrl\":\"http:\/\/www.sankorana.com\/\/wp-content\/uploads\/2017\/02\/restoran-poljana.jpg\",\"datePublished\":\"2017-02-27T11:17:35+00:00\",\"dateModified\":\"2025-05-26T14:49:59+00:00\",\"breadcrumb\":{\"@id\":\"https:\/\/sankorana.com\/it\/restaurants\/#breadcrumb\"},\"inLanguage\":\"it-IT\",\"potentialAction\":[{\"@type\":\"ReadAction\",\"target\":[\"https:\/\/sankorana.com\/it\/restaurants\/\"]}]},{\"@type\":\"ImageObject\",\"inLanguage\":\"it-IT\",\"@id\":\"https:\/\/sankorana.com\/it\/restaurants\/#primaryimage\",\"url\":\"http:\/\/www.sankorana.com\/\/wp-content\/uploads\/2017\/02\/restoran-poljana.jpg\",\"contentUrl\":\"http:\/\/www.sankorana.com\/\/wp-content\/uploads\/2017\/02\/restoran-poljana.jpg\"},{\"@type\":\"BreadcrumbList\",\"@id\":\"https:\/\/sankorana.com\/it\/restaurants\/#breadcrumb\",\"itemListElement\":[{\"@type\":\"ListItem\",\"position\":1,\"name\":\"Home\",\"item\":\"https:\/\/sankorana.com\/\"},{\"@type\":\"ListItem\",\"position\":2,\"name\":\"Ristoranti\"}]},{\"@type\":\"WebSite\",\"@id\":\"https:\/\/sankorana.com\/#website\",\"url\":\"https:\/\/sankorana.com\/\",\"name\":\"San Korana \u2013 Laghi di Plitvice, Croazia\",\"description\":\"Trova una stanza vicino a Laghi di Plitvice, Croazia - Alloggi privati San Korana\",\"publisher\":{\"@id\":\"https:\/\/sankorana.com\/#organization\"},\"potentialAction\":[{\"@type\":\"SearchAction\",\"target\":{\"@type\":\"EntryPoint\",\"urlTemplate\":\"https:\/\/sankorana.com\/?s={search_term_string}\"},\"query-input\":{\"@type\":\"PropertyValueSpecification\",\"valueRequired\":true,\"valueName\":\"search_term_string\"}}],\"inLanguage\":\"it-IT\"},{\"@type\":\"Organization\",\"@id\":\"https:\/\/sankorana.com\/#organization\",\"name\":\"San korana\",\"url\":\"https:\/\/sankorana.com\/\",\"logo\":{\"@type\":\"ImageObject\",\"inLanguage\":\"it-IT\",\"@id\":\"https:\/\/sankorana.com\/#\/schema\/logo\/image\/\",\"url\":\"https:\/\/sankorana.com\/wp-content\/uploads\/2017\/02\/San-korana-logo.png\",\"contentUrl\":\"https:\/\/sankorana.com\/wp-content\/uploads\/2017\/02\/San-korana-logo.png\",\"width\":120,\"height\":120,\"caption\":\"San korana\"},\"image\":{\"@id\":\"https:\/\/sankorana.com\/#\/schema\/logo\/image\/\"}}]}<\/script>\n<!-- \/ Yoast SEO plugin. -->","yoast_head_json":{"title":"Ristoranti - San Korana \u2013 Laghi di Plitvice, Croazia","robots":{"index":"index","follow":"follow","max-snippet":"max-snippet:-1","max-image-preview":"max-image-preview:large","max-video-preview":"max-video-preview:-1"},"canonical":"https:\/\/sankorana.com\/it\/restaurants\/","og_locale":"it_IT","og_type":"article","og_title":"[:en]RESTAURANTS[:de]RESTAURANTS[:it]Ristoranti[:] - San Korana \u2013 Laghi di Plitvice, Croazia","og_description":"RESTAURANT POLJANA RESTAURANT LI\u010cKA KU\u0106A Plitvi\u010dka jezera 053\/ 751 092 Rastova\u010da bb 53231 Plitvi\u010dka jezera tel: 053\/ 751 023 \u00a0DEGENIJA \u00a0Dre\u017eni\u010dko Seli\u0161te 59 47246 Dre\u017enik Grad tel: 053\/ 782 060","og_url":"https:\/\/sankorana.com\/it\/restaurants\/","og_site_name":"San Korana \u2013 Laghi di Plitvice, Croazia","article_modified_time":"2025-05-26T14:49:59+00:00","og_image":[{"url":"http:\/\/www.sankorana.com\/\/wp-content\/uploads\/2017\/02\/restoran-poljana.jpg","type":"","width":"","height":""}],"twitter_card":"summary_large_image","schema":{"@context":"https:\/\/schema.org","@graph":[{"@type":"WebPage","@id":"https:\/\/sankorana.com\/it\/restaurants\/","url":"https:\/\/sankorana.com\/it\/restaurants\/","name":"Ristoranti","isPartOf":{"@id":"https:\/\/sankorana.com\/#website"},"primaryImageOfPage":{"@id":"https:\/\/sankorana.com\/it\/restaurants\/#primaryimage"},"image":{"@id":"https:\/\/sankorana.com\/it\/restaurants\/#primaryimage"},"thumbnailUrl":"http:\/\/www.sankorana.com\/\/wp-content\/uploads\/2017\/02\/restoran-poljana.jpg","datePublished":"2017-02-27T11:17:35+00:00","dateModified":"2025-05-26T14:49:59+00:00","breadcrumb":{"@id":"https:\/\/sankorana.com\/it\/restaurants\/#breadcrumb"},"inLanguage":"it-IT","potentialAction":[{"@type":"ReadAction","target":["https:\/\/sankorana.com\/it\/restaurants\/"]}]},{"@type":"ImageObject","inLanguage":"it-IT","@id":"https:\/\/sankorana.com\/it\/restaurants\/#primaryimage","url":"http:\/\/www.sankorana.com\/\/wp-content\/uploads\/2017\/02\/restoran-poljana.jpg","contentUrl":"http:\/\/www.sankorana.com\/\/wp-content\/uploads\/2017\/02\/restoran-poljana.jpg"},{"@type":"BreadcrumbList","@id":"https:\/\/sankorana.com\/it\/restaurants\/#breadcrumb","itemListElement":[{"@type":"ListItem","position":1,"name":"Home","item":"https:\/\/sankorana.com\/"},{"@type":"ListItem","position":2,"name":"Ristoranti"}]},{"@type":"WebSite","@id":"https:\/\/sankorana.com\/#website","url":"https:\/\/sankorana.com\/","name":"San Korana \u2013 Laghi di Plitvice, Croazia","description":"Trova una stanza vicino a Laghi di Plitvice, Croazia - Alloggi privati San Korana","publisher":{"@id":"https:\/\/sankorana.com\/#organization"},"potentialAction":[{"@type":"SearchAction","target":{"@type":"EntryPoint","urlTemplate":"https:\/\/sankorana.com\/?s={search_term_string}"},"query-input":{"@type":"PropertyValueSpecification","valueRequired":true,"valueName":"search_term_string"}}],"inLanguage":"it-IT"},{"@type":"Organization","@id":"https:\/\/sankorana.com\/#organization","name":"San korana","url":"https:\/\/sankorana.com\/","logo":{"@type":"ImageObject","inLanguage":"it-IT","@id":"https:\/\/sankorana.com\/#\/schema\/logo\/image\/","url":"https:\/\/sankorana.com\/wp-content\/uploads\/2017\/02\/San-korana-logo.png","contentUrl":"https:\/\/sankorana.com\/wp-content\/uploads\/2017\/02\/San-korana-logo.png","width":120,"height":120,"caption":"San korana"},"image":{"@id":"https:\/\/sankorana.com\/#\/schema\/logo\/image\/"}}]}},"_links":{"self":[{"href":"https:\/\/sankorana.com\/it\/wp-json\/wp\/v2\/pages\/16","targetHints":{"allow":["GET"]}}],"collection":[{"href":"https:\/\/sankorana.com\/it\/wp-json\/wp\/v2\/pages"}],"about":[{"href":"https:\/\/sankorana.com\/it\/wp-json\/wp\/v2\/types\/page"}],"author":[{"embeddable":true,"href":"https:\/\/sankorana.com\/it\/wp-json\/wp\/v2\/users\/1"}],"replies":[{"embeddable":true,"href":"https:\/\/sankorana.com\/it\/wp-json\/wp\/v2\/comments?post=16"}],"version-history":[{"count":15,"href":"https:\/\/sankorana.com\/it\/wp-json\/wp\/v2\/pages\/16\/revisions"}],"predecessor-version":[{"id":631,"href":"https:\/\/sankorana.com\/it\/wp-json\/wp\/v2\/pages\/16\/revisions\/631"}],"wp:attachment":[{"href":"https:\/\/sankorana.com\/it\/wp-json\/wp\/v2\/media?parent=16"}],"curies":[{"name":"wp","href":"https:\/\/api.w.org\/{rel}","templated":true}]}}