{"id":9,"date":"2017-02-27T11:15:41","date_gmt":"2017-02-27T11:15:41","guid":{"rendered":"http:\/\/estart.com.hr\/sankorana\/?page_id=9"},"modified":"2026-03-13T18:42:15","modified_gmt":"2026-03-13T18:42:15","slug":"unterkunft","status":"publish","type":"page","link":"https:\/\/sankorana.com\/fr\/unterkunft\/","title":{"rendered":"H\u00c9BERGEMENT"},"content":{"rendered":"<p>Le Village Ethno Korana est situ\u00e9 dans le Parc National des Lacs de Plitvice, et il est un exemple de la renaissance de la Croatie apr\u00e8s la guerre. Gr\u00e2ce \u00e0 la r\u00e9paration et aux m\u00e9thodes architecturales appropri\u00e9es, Korana est devenu un lieu unique pour les visiteurs du monde entier. <!--more--><\/p>\n<p>Sur ce lien, vous pouvez voir une panorama a\u00e9rienne \u00e0 360\u00b0 de notre Village Korana, r\u00e9alis\u00e9e par notre cher invit\u00e9 Tyler.<\/p>\n<p>Lorsque vous verrez des maisons construites de mani\u00e8re traditionnelle et une rivi\u00e8re ainsi que des cascades d&rsquo;une clart\u00e9 cristalline, vous penserez \u00eatre arriv\u00e9 dans un endroit qui ne peut exister que dans votre imagination. Vous pouvez \u00e9galement vous divertir en pr\u00e9parant un barbecue juste \u00e0 c\u00f4t\u00e9 de la cascade, ou vous pouvez profiter de repas pr\u00e9par\u00e9s de mani\u00e8re traditionnelle.<\/p>\n\r\n\t\t<style type='text\/css'>\r\n\t\t\t#gallery-1 {\r\n\t\t\t\tmargin: auto;\r\n\t\t\t}\r\n\t\t\t#gallery-1 .gallery-item {\r\n\t\t\t\tfloat: left;\r\n\t\t\t\tmargin-top: 10px;\r\n\t\t\t\ttext-align: center;\r\n\t\t\t\twidth: 33%;\r\n\t\t\t}\r\n\t\t\t#gallery-1 img {\r\n\t\t\t\tborder: 2px solid #cfcfcf;\r\n\t\t\t}\r\n\t\t\t#gallery-1 .gallery-caption {\r\n\t\t\t\tmargin-left: 0;\r\n\t\t\t}\r\n\t\t\t\/* see gallery_shortcode() in wp-includes\/media.php *\/\r\n\t\t<\/style>\n\t\t<div id='gallery-1' class='gallery galleryid-9 gallery-columns-3 gallery-size-thumbnail'><dl class='gallery-item'>\r\n\t\t\t<dt class='gallery-icon landscape'>\r\n\t\t\t\t<a href='https:\/\/sankorana.com\/wp-content\/uploads\/2017\/02\/Soba-4.jpg'><img loading=\"lazy\" decoding=\"async\" width=\"150\" height=\"150\" src=\"https:\/\/sankorana.com\/wp-content\/uploads\/2017\/02\/Soba-4-150x150.jpg\" class=\"attachment-thumbnail size-thumbnail\" alt=\"\" srcset=\"https:\/\/sankorana.com\/wp-content\/uploads\/2017\/02\/Soba-4-150x150.jpg 150w, https:\/\/sankorana.com\/wp-content\/uploads\/2017\/02\/Soba-4-50x50.jpg 50w, https:\/\/sankorana.com\/wp-content\/uploads\/2017\/02\/Soba-4-49x49.jpg 49w, https:\/\/sankorana.com\/wp-content\/uploads\/2017\/02\/Soba-4-184x184.jpg 184w\" sizes=\"auto, (max-width: 150px) 100vw, 150px\" \/><\/a>\r\n\t\t\t<\/dt><\/dl><dl class='gallery-item'>\r\n\t\t\t<dt class='gallery-icon landscape'>\r\n\t\t\t\t<a href='https:\/\/sankorana.com\/wp-content\/uploads\/2017\/02\/hodnik.jpg'><img loading=\"lazy\" decoding=\"async\" width=\"150\" height=\"150\" src=\"https:\/\/sankorana.com\/wp-content\/uploads\/2017\/02\/hodnik-150x150.jpg\" class=\"attachment-thumbnail size-thumbnail\" alt=\"\" srcset=\"https:\/\/sankorana.com\/wp-content\/uploads\/2017\/02\/hodnik-150x150.jpg 150w, https:\/\/sankorana.com\/wp-content\/uploads\/2017\/02\/hodnik-50x50.jpg 50w, https:\/\/sankorana.com\/wp-content\/uploads\/2017\/02\/hodnik-49x49.jpg 49w, https:\/\/sankorana.com\/wp-content\/uploads\/2017\/02\/hodnik-184x184.jpg 184w\" sizes=\"auto, (max-width: 150px) 100vw, 150px\" \/><\/a>\r\n\t\t\t<\/dt><\/dl><dl class='gallery-item'>\r\n\t\t\t<dt class='gallery-icon landscape'>\r\n\t\t\t\t<a href='https:\/\/sankorana.com\/wp-content\/uploads\/2022\/06\/IMG-20220610-WA0008.jpg'><img loading=\"lazy\" decoding=\"async\" width=\"150\" height=\"150\" src=\"https:\/\/sankorana.com\/wp-content\/uploads\/2022\/06\/IMG-20220610-WA0008-150x150.jpg\" class=\"attachment-thumbnail size-thumbnail\" alt=\"\" srcset=\"https:\/\/sankorana.com\/wp-content\/uploads\/2022\/06\/IMG-20220610-WA0008-150x150.jpg 150w, https:\/\/sankorana.com\/wp-content\/uploads\/2022\/06\/IMG-20220610-WA0008-50x50.jpg 50w, https:\/\/sankorana.com\/wp-content\/uploads\/2022\/06\/IMG-20220610-WA0008-49x49.jpg 49w, https:\/\/sankorana.com\/wp-content\/uploads\/2022\/06\/IMG-20220610-WA0008-184x184.jpg 184w\" sizes=\"auto, (max-width: 150px) 100vw, 150px\" \/><\/a>\r\n\t\t\t<\/dt><\/dl><br style=\"clear: both\" \/><dl class='gallery-item'>\r\n\t\t\t<dt class='gallery-icon portrait'>\r\n\t\t\t\t<a href='https:\/\/sankorana.com\/wp-content\/uploads\/2022\/06\/IMG-20220610-WA0015.jpg'><img loading=\"lazy\" decoding=\"async\" width=\"150\" height=\"150\" src=\"https:\/\/sankorana.com\/wp-content\/uploads\/2022\/06\/IMG-20220610-WA0015-150x150.jpg\" class=\"attachment-thumbnail size-thumbnail\" alt=\"\" srcset=\"https:\/\/sankorana.com\/wp-content\/uploads\/2022\/06\/IMG-20220610-WA0015-150x150.jpg 150w, https:\/\/sankorana.com\/wp-content\/uploads\/2022\/06\/IMG-20220610-WA0015-50x50.jpg 50w, https:\/\/sankorana.com\/wp-content\/uploads\/2022\/06\/IMG-20220610-WA0015-49x49.jpg 49w, https:\/\/sankorana.com\/wp-content\/uploads\/2022\/06\/IMG-20220610-WA0015-184x184.jpg 184w\" sizes=\"auto, (max-width: 150px) 100vw, 150px\" \/><\/a>\r\n\t\t\t<\/dt><\/dl><dl class='gallery-item'>\r\n\t\t\t<dt class='gallery-icon portrait'>\r\n\t\t\t\t<a href='https:\/\/sankorana.com\/wp-content\/uploads\/2022\/06\/IMG-20220610-WA0016.jpg'><img loading=\"lazy\" decoding=\"async\" width=\"150\" height=\"150\" src=\"https:\/\/sankorana.com\/wp-content\/uploads\/2022\/06\/IMG-20220610-WA0016-150x150.jpg\" class=\"attachment-thumbnail size-thumbnail\" alt=\"\" srcset=\"https:\/\/sankorana.com\/wp-content\/uploads\/2022\/06\/IMG-20220610-WA0016-150x150.jpg 150w, https:\/\/sankorana.com\/wp-content\/uploads\/2022\/06\/IMG-20220610-WA0016-50x50.jpg 50w, https:\/\/sankorana.com\/wp-content\/uploads\/2022\/06\/IMG-20220610-WA0016-49x49.jpg 49w, https:\/\/sankorana.com\/wp-content\/uploads\/2022\/06\/IMG-20220610-WA0016-184x184.jpg 184w\" sizes=\"auto, (max-width: 150px) 100vw, 150px\" \/><\/a>\r\n\t\t\t<\/dt><\/dl><dl class='gallery-item'>\r\n\t\t\t<dt class='gallery-icon portrait'>\r\n\t\t\t\t<a href='https:\/\/sankorana.com\/wp-content\/uploads\/2022\/06\/IMG-20220610-WA0000.jpg'><img loading=\"lazy\" decoding=\"async\" width=\"150\" height=\"150\" src=\"https:\/\/sankorana.com\/wp-content\/uploads\/2022\/06\/IMG-20220610-WA0000-150x150.jpg\" class=\"attachment-thumbnail size-thumbnail\" alt=\"\" srcset=\"https:\/\/sankorana.com\/wp-content\/uploads\/2022\/06\/IMG-20220610-WA0000-150x150.jpg 150w, https:\/\/sankorana.com\/wp-content\/uploads\/2022\/06\/IMG-20220610-WA0000-50x50.jpg 50w, https:\/\/sankorana.com\/wp-content\/uploads\/2022\/06\/IMG-20220610-WA0000-49x49.jpg 49w, https:\/\/sankorana.com\/wp-content\/uploads\/2022\/06\/IMG-20220610-WA0000-184x184.jpg 184w\" sizes=\"auto, (max-width: 150px) 100vw, 150px\" \/><\/a>\r\n\t\t\t<\/dt><\/dl><br style=\"clear: both\" \/><\/div>\n\n<p>En tant que partie du Parc National des Lacs de Plitvice, le village de Korana est \u00e9galement prot\u00e9g\u00e9 par l&rsquo;UNESCO et conservera probablement son unicit\u00e9 pour toujours.<\/p>\n<p>Nous avons quatre chambres doubles avec salles de bains. Chaque chambre a une vue sur la claire rivi\u00e8re Korana et les magnifiques cascades qui ne sont qu&rsquo;\u00e0 quelques m\u00e8tres de la maison, et vous d\u00e9tendront avec leur son incroyable.<\/p>\n<p>&nbsp;<\/p>\n\r\n\t\t<style type='text\/css'>\r\n\t\t\t#gallery-2 {\r\n\t\t\t\tmargin: auto;\r\n\t\t\t}\r\n\t\t\t#gallery-2 .gallery-item {\r\n\t\t\t\tfloat: left;\r\n\t\t\t\tmargin-top: 10px;\r\n\t\t\t\ttext-align: center;\r\n\t\t\t\twidth: 33%;\r\n\t\t\t}\r\n\t\t\t#gallery-2 img {\r\n\t\t\t\tborder: 2px solid #cfcfcf;\r\n\t\t\t}\r\n\t\t\t#gallery-2 .gallery-caption {\r\n\t\t\t\tmargin-left: 0;\r\n\t\t\t}\r\n\t\t\t\/* see gallery_shortcode() in wp-includes\/media.php *\/\r\n\t\t<\/style>\n\t\t<div id='gallery-2' class='gallery galleryid-9 gallery-columns-3 gallery-size-thumbnail'><dl class='gallery-item'>\r\n\t\t\t<dt class='gallery-icon landscape'>\r\n\t\t\t\t<a href='https:\/\/sankorana.com\/wp-content\/uploads\/2017\/02\/smjestaj-5.jpg'><img loading=\"lazy\" decoding=\"async\" width=\"150\" height=\"150\" src=\"https:\/\/sankorana.com\/wp-content\/uploads\/2017\/02\/smjestaj-5-150x150.jpg\" class=\"attachment-thumbnail size-thumbnail\" alt=\"\" srcset=\"https:\/\/sankorana.com\/wp-content\/uploads\/2017\/02\/smjestaj-5-150x150.jpg 150w, https:\/\/sankorana.com\/wp-content\/uploads\/2017\/02\/smjestaj-5-50x50.jpg 50w, https:\/\/sankorana.com\/wp-content\/uploads\/2017\/02\/smjestaj-5-49x49.jpg 49w, https:\/\/sankorana.com\/wp-content\/uploads\/2017\/02\/smjestaj-5-184x184.jpg 184w\" sizes=\"auto, (max-width: 150px) 100vw, 150px\" \/><\/a>\r\n\t\t\t<\/dt><\/dl><dl class='gallery-item'>\r\n\t\t\t<dt class='gallery-icon landscape'>\r\n\t\t\t\t<a href='https:\/\/sankorana.com\/wp-content\/uploads\/2017\/02\/ku\u00e5a..jpg'><img loading=\"lazy\" decoding=\"async\" width=\"150\" height=\"150\" src=\"https:\/\/sankorana.com\/wp-content\/uploads\/2017\/02\/ku\u00e5a.-150x150.jpg\" class=\"attachment-thumbnail size-thumbnail\" alt=\"\" srcset=\"https:\/\/sankorana.com\/wp-content\/uploads\/2017\/02\/ku\u00e5a.-150x150.jpg 150w, https:\/\/sankorana.com\/wp-content\/uploads\/2017\/02\/ku\u00e5a.-50x50.jpg 50w, https:\/\/sankorana.com\/wp-content\/uploads\/2017\/02\/ku\u00e5a.-49x49.jpg 49w, https:\/\/sankorana.com\/wp-content\/uploads\/2017\/02\/ku\u00e5a.-184x184.jpg 184w\" sizes=\"auto, (max-width: 150px) 100vw, 150px\" \/><\/a>\r\n\t\t\t<\/dt><\/dl><dl class='gallery-item'>\r\n\t\t\t<dt class='gallery-icon landscape'>\r\n\t\t\t\t<a href='https:\/\/sankorana.com\/wp-content\/uploads\/2017\/02\/2.-BBQ-spot-view_bellow-the-watermill.jpg'><img loading=\"lazy\" decoding=\"async\" width=\"150\" height=\"150\" src=\"https:\/\/sankorana.com\/wp-content\/uploads\/2017\/02\/2.-BBQ-spot-view_bellow-the-watermill-150x150.jpg\" class=\"attachment-thumbnail size-thumbnail\" alt=\"\" srcset=\"https:\/\/sankorana.com\/wp-content\/uploads\/2017\/02\/2.-BBQ-spot-view_bellow-the-watermill-150x150.jpg 150w, https:\/\/sankorana.com\/wp-content\/uploads\/2017\/02\/2.-BBQ-spot-view_bellow-the-watermill-50x50.jpg 50w, https:\/\/sankorana.com\/wp-content\/uploads\/2017\/02\/2.-BBQ-spot-view_bellow-the-watermill-49x49.jpg 49w, https:\/\/sankorana.com\/wp-content\/uploads\/2017\/02\/2.-BBQ-spot-view_bellow-the-watermill-184x184.jpg 184w\" sizes=\"auto, (max-width: 150px) 100vw, 150px\" \/><\/a>\r\n\t\t\t<\/dt><\/dl><br style=\"clear: both\" \/><dl class='gallery-item'>\r\n\t\t\t<dt class='gallery-icon portrait'>\r\n\t\t\t\t<a href='https:\/\/sankorana.com\/wp-content\/uploads\/2021\/07\/IMG-b0b3bdd6513f15f4f7dd91af433b5f49-V.jpg'><img loading=\"lazy\" decoding=\"async\" width=\"150\" height=\"150\" src=\"https:\/\/sankorana.com\/wp-content\/uploads\/2021\/07\/IMG-b0b3bdd6513f15f4f7dd91af433b5f49-V-150x150.jpg\" class=\"attachment-thumbnail size-thumbnail\" alt=\"\" srcset=\"https:\/\/sankorana.com\/wp-content\/uploads\/2021\/07\/IMG-b0b3bdd6513f15f4f7dd91af433b5f49-V-150x150.jpg 150w, https:\/\/sankorana.com\/wp-content\/uploads\/2021\/07\/IMG-b0b3bdd6513f15f4f7dd91af433b5f49-V-50x50.jpg 50w, https:\/\/sankorana.com\/wp-content\/uploads\/2021\/07\/IMG-b0b3bdd6513f15f4f7dd91af433b5f49-V-49x49.jpg 49w, https:\/\/sankorana.com\/wp-content\/uploads\/2021\/07\/IMG-b0b3bdd6513f15f4f7dd91af433b5f49-V-184x184.jpg 184w\" sizes=\"auto, (max-width: 150px) 100vw, 150px\" \/><\/a>\r\n\t\t\t<\/dt><\/dl><dl class='gallery-item'>\r\n\t\t\t<dt class='gallery-icon portrait'>\r\n\t\t\t\t<a href='https:\/\/sankorana.com\/wp-content\/uploads\/2021\/07\/IMG-7e3454e5d576f96ffcfe21759192c9ad-V.jpg'><img loading=\"lazy\" decoding=\"async\" width=\"150\" height=\"150\" src=\"https:\/\/sankorana.com\/wp-content\/uploads\/2021\/07\/IMG-7e3454e5d576f96ffcfe21759192c9ad-V-150x150.jpg\" class=\"attachment-thumbnail size-thumbnail\" alt=\"\" srcset=\"https:\/\/sankorana.com\/wp-content\/uploads\/2021\/07\/IMG-7e3454e5d576f96ffcfe21759192c9ad-V-150x150.jpg 150w, https:\/\/sankorana.com\/wp-content\/uploads\/2021\/07\/IMG-7e3454e5d576f96ffcfe21759192c9ad-V-50x50.jpg 50w, https:\/\/sankorana.com\/wp-content\/uploads\/2021\/07\/IMG-7e3454e5d576f96ffcfe21759192c9ad-V-49x49.jpg 49w, https:\/\/sankorana.com\/wp-content\/uploads\/2021\/07\/IMG-7e3454e5d576f96ffcfe21759192c9ad-V-184x184.jpg 184w\" sizes=\"auto, (max-width: 150px) 100vw, 150px\" \/><\/a>\r\n\t\t\t<\/dt><\/dl><dl class='gallery-item'>\r\n\t\t\t<dt class='gallery-icon portrait'>\r\n\t\t\t\t<a href='https:\/\/sankorana.com\/wp-content\/uploads\/2021\/07\/IMG-37f64a45951226df4bda89fb92af464c-V.jpg'><img loading=\"lazy\" decoding=\"async\" width=\"150\" height=\"150\" src=\"https:\/\/sankorana.com\/wp-content\/uploads\/2021\/07\/IMG-37f64a45951226df4bda89fb92af464c-V-150x150.jpg\" class=\"attachment-thumbnail size-thumbnail\" alt=\"\" srcset=\"https:\/\/sankorana.com\/wp-content\/uploads\/2021\/07\/IMG-37f64a45951226df4bda89fb92af464c-V-150x150.jpg 150w, https:\/\/sankorana.com\/wp-content\/uploads\/2021\/07\/IMG-37f64a45951226df4bda89fb92af464c-V-50x50.jpg 50w, https:\/\/sankorana.com\/wp-content\/uploads\/2021\/07\/IMG-37f64a45951226df4bda89fb92af464c-V-49x49.jpg 49w, https:\/\/sankorana.com\/wp-content\/uploads\/2021\/07\/IMG-37f64a45951226df4bda89fb92af464c-V-184x184.jpg 184w\" sizes=\"auto, (max-width: 150px) 100vw, 150px\" \/><\/a>\r\n\t\t\t<\/dt><\/dl><br style=\"clear: both\" \/><\/div>\n\n","protected":false},"excerpt":{"rendered":"<p>Le Village Ethno Korana est situ\u00e9 dans le Parc National des Lacs de Plitvice, et il est un exemple de la renaissance de la Croatie apr\u00e8s la guerre. Gr\u00e2ce \u00e0 la r\u00e9paration et aux m\u00e9thodes architecturales appropri\u00e9es, Korana est devenu un lieu unique pour les visiteurs du monde entier.<\/p>\n","protected":false},"author":1,"featured_media":0,"parent":0,"menu_order":0,"comment_status":"closed","ping_status":"closed","template":"","meta":{"footnotes":""},"class_list":["post-9","page","type-page","status-publish","hentry"],"yoast_head":"<!-- This site is optimized with the Yoast SEO plugin v25.3 - https:\/\/yoast.com\/wordpress\/plugins\/seo\/ -->\n<title>H\u00c9BERGEMENT - Private accommodation SAN KORANA - Ivica Luketic, Plitvice Lakes Croatia<\/title>\n<meta name=\"robots\" content=\"index, follow, max-snippet:-1, max-image-preview:large, max-video-preview:-1\" \/>\n<link rel=\"canonical\" href=\"https:\/\/sankorana.com\/fr\/unterkunft\/\" \/>\n<meta property=\"og:locale\" content=\"fr_FR\" \/>\n<meta property=\"og:locale:alternate\" content=\"en_US\" \/>\n<meta property=\"og:locale:alternate\" content=\"de_DE\" \/>\n<meta property=\"og:locale:alternate\" content=\"it_IT\" \/>\n<meta property=\"og:type\" content=\"article\" \/>\n<meta property=\"og:title\" content=\"H\u00c9BERGEMENT\" \/>\n<meta property=\"og:description\" content=\"Le Village Ethno Korana est situ\u00e9 dans le Parc National des Lacs de Plitvice, et il est un exemple de la renaissance de la Croatie apr\u00e8s la guerre. Gr\u00e2ce \u00e0 la r\u00e9paration et aux m\u00e9thodes architecturales appropri\u00e9es, Korana est devenu un lieu unique pour les visiteurs du monde entier.\" \/>\n<meta property=\"og:url\" content=\"https:\/\/sankorana.com\/fr\/unterkunft\/\" \/>\n<meta property=\"og:site_name\" content=\"Private accommodation SAN KORANA - Ivica Luketic, Plitvice Lakes Croatia\" \/>\n<meta property=\"article:modified_time\" content=\"2026-03-13T18:42:15+00:00\" \/>\n<meta property=\"og:image\" content=\"https:\/\/sankorana.com\/wp-content\/uploads\/2017\/02\/Soba-4-150x150.jpg\" \/>\n<meta name=\"twitter:card\" content=\"summary_large_image\" \/>\n<meta name=\"twitter:label1\" content=\"Dur\u00e9e de lecture estim\u00e9e\" \/>\n\t<meta name=\"twitter:data1\" content=\"1 minute\" \/>\n<script type=\"application\/ld+json\" class=\"yoast-schema-graph\">{\"@context\":\"https:\/\/schema.org\",\"@graph\":[{\"@type\":\"WebPage\",\"@id\":\"https:\/\/sankorana.com\/unterkunft\/\",\"url\":\"https:\/\/sankorana.com\/unterkunft\/\",\"name\":\"H\u00c9BERGEMENT\",\"isPartOf\":{\"@id\":\"https:\/\/sankorana.com\/#website\"},\"datePublished\":\"2017-02-27T11:15:41+00:00\",\"dateModified\":\"2026-03-13T18:42:15+00:00\",\"breadcrumb\":{\"@id\":\"https:\/\/sankorana.com\/unterkunft\/#breadcrumb\"},\"inLanguage\":\"fr\",\"potentialAction\":[{\"@type\":\"ReadAction\",\"target\":[\"https:\/\/sankorana.com\/unterkunft\/\"]}]},{\"@type\":\"BreadcrumbList\",\"@id\":\"https:\/\/sankorana.com\/unterkunft\/#breadcrumb\",\"itemListElement\":[{\"@type\":\"ListItem\",\"position\":1,\"name\":\"Home\",\"item\":\"https:\/\/sankorana.com\/\"},{\"@type\":\"ListItem\",\"position\":2,\"name\":\"ACCOMMODATION\"}]},{\"@type\":\"WebSite\",\"@id\":\"https:\/\/sankorana.com\/#website\",\"url\":\"https:\/\/sankorana.com\/\",\"name\":\"Private accommodation SAN KORANA - Ivica Luketic, Plitvice Lakes Croatia\",\"description\":\"Find a room close to Plitvice Lakes, Croatia - Private accommodation San Korana - TripAdvisor 5.0 Excellent score\",\"publisher\":{\"@id\":\"https:\/\/sankorana.com\/#organization\"},\"potentialAction\":[{\"@type\":\"SearchAction\",\"target\":{\"@type\":\"EntryPoint\",\"urlTemplate\":\"https:\/\/sankorana.com\/?s={search_term_string}\"},\"query-input\":{\"@type\":\"PropertyValueSpecification\",\"valueRequired\":true,\"valueName\":\"search_term_string\"}}],\"inLanguage\":\"fr\"},{\"@type\":\"Organization\",\"@id\":\"https:\/\/sankorana.com\/#organization\",\"name\":\"San korana\",\"url\":\"https:\/\/sankorana.com\/\",\"logo\":{\"@type\":\"ImageObject\",\"inLanguage\":\"fr\",\"@id\":\"https:\/\/sankorana.com\/#\/schema\/logo\/image\/\",\"url\":\"https:\/\/sankorana.com\/wp-content\/uploads\/2017\/02\/San-korana-logo.png\",\"contentUrl\":\"https:\/\/sankorana.com\/wp-content\/uploads\/2017\/02\/San-korana-logo.png\",\"width\":120,\"height\":120,\"caption\":\"San korana\"},\"image\":{\"@id\":\"https:\/\/sankorana.com\/#\/schema\/logo\/image\/\"}}]}<\/script>\n<!-- \/ Yoast SEO plugin. -->","yoast_head_json":{"title":"H\u00c9BERGEMENT - Private accommodation SAN KORANA - Ivica Luketic, Plitvice Lakes Croatia","robots":{"index":"index","follow":"follow","max-snippet":"max-snippet:-1","max-image-preview":"max-image-preview:large","max-video-preview":"max-video-preview:-1"},"canonical":"https:\/\/sankorana.com\/fr\/unterkunft\/","og_locale":"fr_FR","og_type":"article","og_title":"[:fr]H\u00c9BERGEMENT[:en]ACCOMMODATION[:de]UNTERKUNFT[:it]ALLOGGIO[:] - Private accommodation SAN KORANA - Ivica Luketic, Plitvice Lakes Croatia","og_description":"Le Village Ethno Korana est situ\u00e9 dans le Parc National des Lacs de Plitvice, et il est un exemple de la renaissance de la Croatie apr\u00e8s la guerre. Gr\u00e2ce \u00e0 la r\u00e9paration et aux m\u00e9thodes architecturales appropri\u00e9es, Korana est devenu un lieu unique pour les visiteurs du monde entier.","og_url":"https:\/\/sankorana.com\/fr\/unterkunft\/","og_site_name":"Private accommodation SAN KORANA - Ivica Luketic, Plitvice Lakes Croatia","article_modified_time":"2026-03-13T18:42:15+00:00","og_image":[{"url":"https:\/\/sankorana.com\/wp-content\/uploads\/2017\/02\/Soba-4-150x150.jpg","type":"","width":"","height":""}],"twitter_card":"summary_large_image","twitter_misc":{"Dur\u00e9e de lecture estim\u00e9e":"1 minute"},"schema":{"@context":"https:\/\/schema.org","@graph":[{"@type":"WebPage","@id":"https:\/\/sankorana.com\/unterkunft\/","url":"https:\/\/sankorana.com\/unterkunft\/","name":"H\u00c9BERGEMENT","isPartOf":{"@id":"https:\/\/sankorana.com\/#website"},"datePublished":"2017-02-27T11:15:41+00:00","dateModified":"2026-03-13T18:42:15+00:00","breadcrumb":{"@id":"https:\/\/sankorana.com\/unterkunft\/#breadcrumb"},"inLanguage":"fr","potentialAction":[{"@type":"ReadAction","target":["https:\/\/sankorana.com\/unterkunft\/"]}]},{"@type":"BreadcrumbList","@id":"https:\/\/sankorana.com\/unterkunft\/#breadcrumb","itemListElement":[{"@type":"ListItem","position":1,"name":"Home","item":"https:\/\/sankorana.com\/"},{"@type":"ListItem","position":2,"name":"ACCOMMODATION"}]},{"@type":"WebSite","@id":"https:\/\/sankorana.com\/#website","url":"https:\/\/sankorana.com\/","name":"Private accommodation SAN KORANA - Ivica Luketic, Plitvice Lakes Croatia","description":"Find a room close to Plitvice Lakes, Croatia - Private accommodation San Korana - TripAdvisor 5.0 Excellent score","publisher":{"@id":"https:\/\/sankorana.com\/#organization"},"potentialAction":[{"@type":"SearchAction","target":{"@type":"EntryPoint","urlTemplate":"https:\/\/sankorana.com\/?s={search_term_string}"},"query-input":{"@type":"PropertyValueSpecification","valueRequired":true,"valueName":"search_term_string"}}],"inLanguage":"fr"},{"@type":"Organization","@id":"https:\/\/sankorana.com\/#organization","name":"San korana","url":"https:\/\/sankorana.com\/","logo":{"@type":"ImageObject","inLanguage":"fr","@id":"https:\/\/sankorana.com\/#\/schema\/logo\/image\/","url":"https:\/\/sankorana.com\/wp-content\/uploads\/2017\/02\/San-korana-logo.png","contentUrl":"https:\/\/sankorana.com\/wp-content\/uploads\/2017\/02\/San-korana-logo.png","width":120,"height":120,"caption":"San korana"},"image":{"@id":"https:\/\/sankorana.com\/#\/schema\/logo\/image\/"}}]}},"_links":{"self":[{"href":"https:\/\/sankorana.com\/fr\/wp-json\/wp\/v2\/pages\/9","targetHints":{"allow":["GET"]}}],"collection":[{"href":"https:\/\/sankorana.com\/fr\/wp-json\/wp\/v2\/pages"}],"about":[{"href":"https:\/\/sankorana.com\/fr\/wp-json\/wp\/v2\/types\/page"}],"author":[{"embeddable":true,"href":"https:\/\/sankorana.com\/fr\/wp-json\/wp\/v2\/users\/1"}],"replies":[{"embeddable":true,"href":"https:\/\/sankorana.com\/fr\/wp-json\/wp\/v2\/comments?post=9"}],"version-history":[{"count":66,"href":"https:\/\/sankorana.com\/fr\/wp-json\/wp\/v2\/pages\/9\/revisions"}],"predecessor-version":[{"id":871,"href":"https:\/\/sankorana.com\/fr\/wp-json\/wp\/v2\/pages\/9\/revisions\/871"}],"wp:attachment":[{"href":"https:\/\/sankorana.com\/fr\/wp-json\/wp\/v2\/media?parent=9"}],"curies":[{"name":"wp","href":"https:\/\/api.w.org\/{rel}","templated":true}]}}