{"id":28,"date":"2017-02-27T11:19:18","date_gmt":"2017-02-27T11:19:18","guid":{"rendered":"http:\/\/estart.com.hr\/sankorana\/?page_id=28"},"modified":"2025-06-13T21:02:33","modified_gmt":"2025-06-13T21:02:33","slug":"kontakt","status":"publish","type":"page","link":"https:\/\/sankorana.com\/fr\/kontakt\/","title":{"rendered":"CONTACT"},"content":{"rendered":"<p class=\"Standard\"><span lang=\"EN-GB\">Nous esp\u00e9rons que vous choisirez notre campagne idyllique et unique pour vos vacances. N&rsquo;h\u00e9sitez pas \u00e0 nous contacter pour des r\u00e9servations ou toute suggestion.<\/span><\/p>\n<p><span id=\"result_box\" class=\"short_text\" lang=\"de\"><span class=\"\">CONTACT<\/span><\/span><\/p>\n<p class=\"Standard\"><span lang=\"EN-GB\">H\u00e9bergement Priv\u00e9 SAN KORANA \u2013 Ivica Luketi\u0107<br \/>\n<\/span><span lang=\"EN-GB\">Korana 15<br \/>\n<\/span><span lang=\"EN-GB\">53231 Plitvi\u010dka jezera, CROATIE<\/span><\/p>\n<p class=\"Standard\"><span lang=\"EN-GB\"><strong>t\u00e9l<\/strong> : 00 385 (0)53 757 008<\/span><\/p>\n<p class=\"Standard\"><span lang=\"EN-GB\"><strong>GSM Ivica<\/strong> : 00 385 (0)91 133 0674<\/span><\/p>\n<p class=\"Standard\"><span lang=\"EN-GB\"><strong>WhatsApp &#038; Viber<\/strong> : 00 385 (0)91 133 0674<\/span><\/p>\n<p class=\"Standard\"><span lang=\"EN-GB\"><strong>GSM Boris<\/strong> : 00 385 (0)99 5470 700<\/span><\/p>\n<p class=\"Standard\"><span lang=\"EN-GB\">Vous pouvez \u00e9galement nous suivre et nous contacter via <a href=\"https:\/\/www.facebook.com\/SankoranaPlitviceLakes\/\">Facebook<\/a> et <a href=\"https:\/\/www.linkedin.com\/in\/sankorana-accommodation-95b750123\/\">LinkedIn.<\/a><\/span><\/p>\n<p class=\"Standard\"><span lang=\"EN-GB\">Envoyez-nous un e-mail via le formulaire suivant.<\/span><\/p>\n<p class=\"Standard\"><span lang=\"EN-GB\">Entrez votre nom, adresse e-mail, num\u00e9ro de t\u00e9l\u00e9phone et votre message. Nous r\u00e9pondrons d\u00e8s que possible.<\/span><\/p>\n\n<div class=\"wpcf7 no-js\" id=\"wpcf7-f865-o1\" lang=\"en-US\" dir=\"ltr\" data-wpcf7-id=\"865\">\n<div class=\"screen-reader-response\"><p role=\"status\" aria-live=\"polite\" aria-atomic=\"true\"><\/p> <ul><\/ul><\/div>\n<form action=\"\/fr\/wp-json\/wp\/v2\/pages\/28#wpcf7-f865-o1\" method=\"post\" class=\"wpcf7-form init\" aria-label=\"Contact form\" novalidate=\"novalidate\" data-status=\"init\">\n<div style=\"display: none;\">\n<input type=\"hidden\" name=\"_wpcf7\" value=\"865\" \/>\n<input type=\"hidden\" name=\"_wpcf7_version\" value=\"6.0.6\" \/>\n<input type=\"hidden\" name=\"_wpcf7_locale\" value=\"en_US\" \/>\n<input type=\"hidden\" name=\"_wpcf7_unit_tag\" value=\"wpcf7-f865-o1\" \/>\n<input type=\"hidden\" name=\"_wpcf7_container_post\" value=\"0\" \/>\n<input type=\"hidden\" name=\"_wpcf7_posted_data_hash\" value=\"\" \/>\n<input type=\"hidden\" name=\"lang\" value=\"fr\" \/>\n<\/div>\n<p><label> Votre nom (n\u00e9cessaire)<br \/>\n<span class=\"wpcf7-form-control-wrap\" data-name=\"your-name\"><input size=\"40\" maxlength=\"400\" class=\"wpcf7-form-control wpcf7-text wpcf7-validates-as-required\" aria-required=\"true\" aria-invalid=\"false\" value=\"\" type=\"text\" name=\"your-name\" \/><\/span> <\/label>\n<\/p>\n<p><label> Votre e-mail (n\u00e9cessaire)<br \/>\n<span class=\"wpcf7-form-control-wrap\" data-name=\"your-email\"><input size=\"40\" maxlength=\"400\" class=\"wpcf7-form-control wpcf7-email wpcf7-validates-as-required wpcf7-text wpcf7-validates-as-email\" aria-required=\"true\" aria-invalid=\"false\" value=\"\" type=\"email\" name=\"your-email\" \/><\/span> <\/label>\n<\/p>\n<p><label> Num\u00e9ro de t\u00e9l\u00e9phone<br \/>\n<span class=\"wpcf7-form-control-wrap\" data-name=\"telefon\"><input size=\"40\" maxlength=\"400\" class=\"wpcf7-form-control wpcf7-text\" aria-invalid=\"false\" value=\"\" type=\"text\" name=\"telefon\" \/><\/span> <\/label>\n<\/p>\n<p><label> Votre message<br \/>\n<span class=\"wpcf7-form-control-wrap\" data-name=\"your-message\"><textarea cols=\"40\" rows=\"10\" maxlength=\"2000\" class=\"wpcf7-form-control wpcf7-textarea\" aria-invalid=\"false\" name=\"your-message\"><\/textarea><\/span> <\/label>\n<\/p>\n<p><input class=\"wpcf7-form-control wpcf7-submit has-spinner\" type=\"submit\" value=\"Envoyer\" \/>\n<\/p><div class=\"wpcf7-response-output\" aria-hidden=\"true\"><\/div>\n<\/form>\n<\/div>\n\n","protected":false},"excerpt":{"rendered":"<p>Nous esp\u00e9rons que vous choisirez notre campagne idyllique et unique pour vos vacances. N&rsquo;h\u00e9sitez pas \u00e0 nous contacter pour des r\u00e9servations ou toute suggestion. CONTACT H\u00e9bergement Priv\u00e9 SAN KORANA \u2013 Ivica Luketi\u0107 Korana 15 53231 Plitvi\u010dka jezera, CROATIE t\u00e9l : 00 385 (0)53 757 008 GSM Ivica : 00 385 (0)91 133 0674 WhatsApp &#038; [&hellip;]<\/p>\n","protected":false},"author":1,"featured_media":0,"parent":0,"menu_order":0,"comment_status":"closed","ping_status":"closed","template":"","meta":{"footnotes":""},"class_list":["post-28","page","type-page","status-publish","hentry"],"yoast_head":"<!-- This site is optimized with the Yoast SEO plugin v25.3 - https:\/\/yoast.com\/wordpress\/plugins\/seo\/ -->\n<title>CONTACT - Private accommodation SAN KORANA - Ivica Luketic, Plitvice Lakes Croatia<\/title>\n<meta name=\"robots\" content=\"index, follow, max-snippet:-1, max-image-preview:large, max-video-preview:-1\" \/>\n<link rel=\"canonical\" href=\"https:\/\/sankorana.com\/fr\/kontakt\/\" \/>\n<meta property=\"og:locale\" content=\"fr_FR\" \/>\n<meta property=\"og:locale:alternate\" content=\"en_US\" \/>\n<meta property=\"og:locale:alternate\" content=\"de_DE\" \/>\n<meta property=\"og:locale:alternate\" content=\"it_IT\" \/>\n<meta property=\"og:type\" content=\"article\" \/>\n<meta property=\"og:title\" content=\"CONTACT\" \/>\n<meta property=\"og:description\" content=\"Nous esp\u00e9rons que vous choisirez notre campagne idyllique et unique pour vos vacances. N&rsquo;h\u00e9sitez pas \u00e0 nous contacter pour des r\u00e9servations ou toute suggestion. CONTACT H\u00e9bergement Priv\u00e9 SAN KORANA \u2013 Ivica Luketi\u0107 Korana 15 53231 Plitvi\u010dka jezera, CROATIE t\u00e9l : 00 385 (0)53 757 008 GSM Ivica : 00 385 (0)91 133 0674 WhatsApp &amp; [&hellip;]\" \/>\n<meta property=\"og:url\" content=\"https:\/\/sankorana.com\/fr\/kontakt\/\" \/>\n<meta property=\"og:site_name\" content=\"Private accommodation SAN KORANA - Ivica Luketic, Plitvice Lakes Croatia\" \/>\n<meta property=\"article:modified_time\" content=\"2025-06-13T21:02:33+00:00\" \/>\n<meta name=\"twitter:card\" content=\"summary_large_image\" \/>\n<meta name=\"twitter:label1\" content=\"Dur\u00e9e de lecture estim\u00e9e\" \/>\n\t<meta name=\"twitter:data1\" content=\"1 minute\" \/>\n<script type=\"application\/ld+json\" class=\"yoast-schema-graph\">{\"@context\":\"https:\/\/schema.org\",\"@graph\":[{\"@type\":\"WebPage\",\"@id\":\"https:\/\/sankorana.com\/fr\/kontakt\/\",\"url\":\"https:\/\/sankorana.com\/fr\/kontakt\/\",\"name\":\"CONTACT\",\"isPartOf\":{\"@id\":\"https:\/\/sankorana.com\/#website\"},\"datePublished\":\"2017-02-27T11:19:18+00:00\",\"dateModified\":\"2025-06-13T21:02:33+00:00\",\"breadcrumb\":{\"@id\":\"https:\/\/sankorana.com\/fr\/kontakt\/#breadcrumb\"},\"inLanguage\":\"fr\",\"potentialAction\":[{\"@type\":\"ReadAction\",\"target\":[\"https:\/\/sankorana.com\/fr\/kontakt\/\"]}]},{\"@type\":\"BreadcrumbList\",\"@id\":\"https:\/\/sankorana.com\/fr\/kontakt\/#breadcrumb\",\"itemListElement\":[{\"@type\":\"ListItem\",\"position\":1,\"name\":\"Home\",\"item\":\"https:\/\/sankorana.com\/\"},{\"@type\":\"ListItem\",\"position\":2,\"name\":\"CONTACT\"}]},{\"@type\":\"WebSite\",\"@id\":\"https:\/\/sankorana.com\/#website\",\"url\":\"https:\/\/sankorana.com\/\",\"name\":\"Private accommodation SAN KORANA - Ivica Luketic, Plitvice Lakes Croatia\",\"description\":\"Find a room close to Plitvice Lakes, Croatia - Private accommodation San Korana - TripAdvisor 5.0 Excellent score\",\"publisher\":{\"@id\":\"https:\/\/sankorana.com\/#organization\"},\"potentialAction\":[{\"@type\":\"SearchAction\",\"target\":{\"@type\":\"EntryPoint\",\"urlTemplate\":\"https:\/\/sankorana.com\/?s={search_term_string}\"},\"query-input\":{\"@type\":\"PropertyValueSpecification\",\"valueRequired\":true,\"valueName\":\"search_term_string\"}}],\"inLanguage\":\"fr\"},{\"@type\":\"Organization\",\"@id\":\"https:\/\/sankorana.com\/#organization\",\"name\":\"San korana\",\"url\":\"https:\/\/sankorana.com\/\",\"logo\":{\"@type\":\"ImageObject\",\"inLanguage\":\"fr\",\"@id\":\"https:\/\/sankorana.com\/#\/schema\/logo\/image\/\",\"url\":\"https:\/\/sankorana.com\/wp-content\/uploads\/2017\/02\/San-korana-logo.png\",\"contentUrl\":\"https:\/\/sankorana.com\/wp-content\/uploads\/2017\/02\/San-korana-logo.png\",\"width\":120,\"height\":120,\"caption\":\"San korana\"},\"image\":{\"@id\":\"https:\/\/sankorana.com\/#\/schema\/logo\/image\/\"}}]}<\/script>\n<!-- \/ Yoast SEO plugin. -->","yoast_head_json":{"title":"CONTACT - Private accommodation SAN KORANA - Ivica Luketic, Plitvice Lakes Croatia","robots":{"index":"index","follow":"follow","max-snippet":"max-snippet:-1","max-image-preview":"max-image-preview:large","max-video-preview":"max-video-preview:-1"},"canonical":"https:\/\/sankorana.com\/fr\/kontakt\/","og_locale":"fr_FR","og_type":"article","og_title":"[:en]CONTACT[:de]KONTAKT[:it]CONTATTO[:fr]CONTACT[:] - Private accommodation SAN KORANA - Ivica Luketic, Plitvice Lakes Croatia","og_description":"Nous esp\u00e9rons que vous choisirez notre campagne idyllique et unique pour vos vacances. N&rsquo;h\u00e9sitez pas \u00e0 nous contacter pour des r\u00e9servations ou toute suggestion. CONTACT H\u00e9bergement Priv\u00e9 SAN KORANA \u2013 Ivica Luketi\u0107 Korana 15 53231 Plitvi\u010dka jezera, CROATIE t\u00e9l : 00 385 (0)53 757 008 GSM Ivica : 00 385 (0)91 133 0674 WhatsApp &#038; [&hellip;]","og_url":"https:\/\/sankorana.com\/fr\/kontakt\/","og_site_name":"Private accommodation SAN KORANA - Ivica Luketic, Plitvice Lakes Croatia","article_modified_time":"2025-06-13T21:02:33+00:00","twitter_card":"summary_large_image","twitter_misc":{"Dur\u00e9e de lecture estim\u00e9e":"1 minute"},"schema":{"@context":"https:\/\/schema.org","@graph":[{"@type":"WebPage","@id":"https:\/\/sankorana.com\/fr\/kontakt\/","url":"https:\/\/sankorana.com\/fr\/kontakt\/","name":"CONTACT","isPartOf":{"@id":"https:\/\/sankorana.com\/#website"},"datePublished":"2017-02-27T11:19:18+00:00","dateModified":"2025-06-13T21:02:33+00:00","breadcrumb":{"@id":"https:\/\/sankorana.com\/fr\/kontakt\/#breadcrumb"},"inLanguage":"fr","potentialAction":[{"@type":"ReadAction","target":["https:\/\/sankorana.com\/fr\/kontakt\/"]}]},{"@type":"BreadcrumbList","@id":"https:\/\/sankorana.com\/fr\/kontakt\/#breadcrumb","itemListElement":[{"@type":"ListItem","position":1,"name":"Home","item":"https:\/\/sankorana.com\/"},{"@type":"ListItem","position":2,"name":"CONTACT"}]},{"@type":"WebSite","@id":"https:\/\/sankorana.com\/#website","url":"https:\/\/sankorana.com\/","name":"Private accommodation SAN KORANA - Ivica Luketic, Plitvice Lakes Croatia","description":"Find a room close to Plitvice Lakes, Croatia - Private accommodation San Korana - TripAdvisor 5.0 Excellent score","publisher":{"@id":"https:\/\/sankorana.com\/#organization"},"potentialAction":[{"@type":"SearchAction","target":{"@type":"EntryPoint","urlTemplate":"https:\/\/sankorana.com\/?s={search_term_string}"},"query-input":{"@type":"PropertyValueSpecification","valueRequired":true,"valueName":"search_term_string"}}],"inLanguage":"fr"},{"@type":"Organization","@id":"https:\/\/sankorana.com\/#organization","name":"San korana","url":"https:\/\/sankorana.com\/","logo":{"@type":"ImageObject","inLanguage":"fr","@id":"https:\/\/sankorana.com\/#\/schema\/logo\/image\/","url":"https:\/\/sankorana.com\/wp-content\/uploads\/2017\/02\/San-korana-logo.png","contentUrl":"https:\/\/sankorana.com\/wp-content\/uploads\/2017\/02\/San-korana-logo.png","width":120,"height":120,"caption":"San korana"},"image":{"@id":"https:\/\/sankorana.com\/#\/schema\/logo\/image\/"}}]}},"_links":{"self":[{"href":"https:\/\/sankorana.com\/fr\/wp-json\/wp\/v2\/pages\/28","targetHints":{"allow":["GET"]}}],"collection":[{"href":"https:\/\/sankorana.com\/fr\/wp-json\/wp\/v2\/pages"}],"about":[{"href":"https:\/\/sankorana.com\/fr\/wp-json\/wp\/v2\/types\/page"}],"author":[{"embeddable":true,"href":"https:\/\/sankorana.com\/fr\/wp-json\/wp\/v2\/users\/1"}],"replies":[{"embeddable":true,"href":"https:\/\/sankorana.com\/fr\/wp-json\/wp\/v2\/comments?post=28"}],"version-history":[{"count":58,"href":"https:\/\/sankorana.com\/fr\/wp-json\/wp\/v2\/pages\/28\/revisions"}],"predecessor-version":[{"id":866,"href":"https:\/\/sankorana.com\/fr\/wp-json\/wp\/v2\/pages\/28\/revisions\/866"}],"wp:attachment":[{"href":"https:\/\/sankorana.com\/fr\/wp-json\/wp\/v2\/media?parent=28"}],"curies":[{"name":"wp","href":"https:\/\/api.w.org\/{rel}","templated":true}]}}