{"id":26,"date":"2017-02-27T11:19:06","date_gmt":"2017-02-27T11:19:06","guid":{"rendered":"http:\/\/estart.com.hr\/sankorana\/?page_id=26"},"modified":"2026-04-22T16:20:13","modified_gmt":"2026-04-22T16:20:13","slug":"how-to-find-us","status":"publish","type":"page","link":"https:\/\/sankorana.com\/fr\/how-to-find-us\/","title":{"rendered":"COMMENT NOUS TROUVER"},"content":{"rendered":"<p>Nous sommes situ\u00e9s \u00e0 130 kilom\u00e8tres de la ville de Zadar et \u00e0 130 km de la ville de Zagreb.<\/p>\n<p><img loading=\"lazy\" decoding=\"async\" class=\"aligncenter size-full wp-image-82\" src=\"https:\/\/sankorana.com\/wp-content\/uploads\/2017\/02\/kakoDoNas.jpg\" alt=\"\" width=\"997\" height=\"480\" srcset=\"https:\/\/sankorana.com\/wp-content\/uploads\/2017\/02\/kakoDoNas.jpg 997w, https:\/\/sankorana.com\/wp-content\/uploads\/2017\/02\/kakoDoNas-300x144.jpg 300w, https:\/\/sankorana.com\/wp-content\/uploads\/2017\/02\/kakoDoNas-768x370.jpg 768w\" sizes=\"auto, (max-width: 997px) 100vw, 997px\" \/><\/p>\n<p><!--more--><\/p>\n<p>Notre adresse :<\/p>\n<p>Ivica Luketic<br \/>\nKorana 15<br \/>\n53 231 Plitvice Lakes<br \/>\nCroatie<\/p>\n<p><strong>Coordonn\u00e9es GPS : 44.924034, 15.615306.\u00a0<\/strong><\/p>\n<p>Si vous \u00eates en retard pour votre arriv\u00e9e ou s&rsquo;il y a un probl\u00e8me pour trouver notre emplacement, n&rsquo;h\u00e9sitez pas \u00e0 appeler Ivica : +385 (0) 911 330 674.<\/p>\n<p>Si vous n&rsquo;avez pas de navigation GPS et que vous venez de Zagreb, suivez simplement : Karlovac, Slunj, Rakovica, Grabovac. Le long de la route principale, vous verrez de nombreux panneaux pour le Parc National des Lacs de Plitvice, en vous dirigeant vers le Parc National. Apr\u00e8s Grabovac, vous verrez un panneau pour CAMPING KORANA. Continuez le long de la route principale pendant quelques centaines de m\u00e8tres, et lorsque vous voyez le RESTAURANT DEGENIJA, allez encore 800 m\u00e8tres et tournez \u00e0 droite hors de la route principale en direction de Josipdol, Pla\u0161ki, Saborsko. Vous verrez \u00e9galement Selo Korana sur la route principale. Suivez les panneaux pour Korana et descendez dans le canyon en suivant la rivi\u00e8re en amont pendant environ 300 m\u00e8tres (en passant un pont en bois sur votre gauche). Lorsque vous voyez les cascades, vous verrez ma maison \u2013 pour y acc\u00e9der, vous devez traverser un pont pour passer au-dessus des cascades \u00e9galement. SANKORANA 15.<\/p>\n<p>Si vous venez du sud, vous verrez de nombreux panneaux pour le Parc National des Lacs de Plitvice. Ensuite, environ 3 km apr\u00e8s le Parc National, vous passerez sur un grand pont bleu, puis au premier carrefour, tournez \u00e0 gauche en direction de Josipdol, Pla\u0161ki, Saborsko, et suivez simplement les panneaux pour Korana.<\/p>\n<p>Nous sommes \u00e0 3 km de l&rsquo;entr\u00e9e principale du Parc National, et nous sommes \u00e9galement situ\u00e9s \u00e0 l&rsquo;int\u00e9rieur des limites de ce magnifique Parc National qui est prot\u00e9g\u00e9 et supervis\u00e9 par l&rsquo;UNESCO.<\/p>\n<p>&nbsp;<\/p>\n<p><iframe loading=\"lazy\" style=\"border: 0;\" src=\"https:\/\/www.google.com\/maps\/embed?pb=!1m18!1m12!1m3!1d2298.9573001313147!2d15.613438314929141!3d44.92417477733567!2m3!1f0!2f0!3f0!3m2!1i1024!2i768!4f13.1!3m3!1m2!1s0x4761596ae064d8c7%3A0xd8d0368bcdfcfedf!2sSankorana!5e1!3m2!1shr!2shr!4v1567787588336!5m2!1shr!2shr\" width=\"100%\" height=\"450\" frameborder=\"0\" allowfullscreen=\"allowfullscreen\"><\/iframe><\/p>\n","protected":false},"excerpt":{"rendered":"<p>Nous sommes situ\u00e9s \u00e0 130 kilom\u00e8tres de la ville de Zadar et \u00e0 130 km de la ville de Zagreb.<\/p>\n","protected":false},"author":1,"featured_media":0,"parent":0,"menu_order":0,"comment_status":"closed","ping_status":"closed","template":"","meta":{"footnotes":""},"class_list":["post-26","page","type-page","status-publish","hentry"],"yoast_head":"<!-- This site is optimized with the Yoast SEO plugin v25.3 - https:\/\/yoast.com\/wordpress\/plugins\/seo\/ -->\n<title>COMMENT NOUS TROUVER - Private accommodation SAN KORANA - Ivica Luketic, Plitvice Lakes Croatia<\/title>\n<meta name=\"robots\" content=\"index, follow, max-snippet:-1, max-image-preview:large, max-video-preview:-1\" \/>\n<link rel=\"canonical\" href=\"https:\/\/sankorana.com\/fr\/how-to-find-us\/\" \/>\n<meta property=\"og:locale\" content=\"fr_FR\" \/>\n<meta property=\"og:locale:alternate\" content=\"en_US\" \/>\n<meta property=\"og:locale:alternate\" content=\"de_DE\" \/>\n<meta property=\"og:locale:alternate\" content=\"it_IT\" \/>\n<meta property=\"og:type\" content=\"article\" \/>\n<meta property=\"og:title\" content=\"COMMENT NOUS TROUVER\" \/>\n<meta property=\"og:description\" content=\"Nous sommes situ\u00e9s \u00e0 130 kilom\u00e8tres de la ville de Zadar et \u00e0 130 km de la ville de Zagreb.\" \/>\n<meta property=\"og:url\" content=\"https:\/\/sankorana.com\/fr\/how-to-find-us\/\" \/>\n<meta property=\"og:site_name\" content=\"Private accommodation SAN KORANA - Ivica Luketic, Plitvice Lakes Croatia\" \/>\n<meta property=\"article:modified_time\" content=\"2026-04-22T16:20:13+00:00\" \/>\n<meta property=\"og:image\" content=\"https:\/\/sankorana.com\/wp-content\/uploads\/2017\/02\/kakoDoNas.jpg\" \/>\n\t<meta property=\"og:image:width\" content=\"997\" \/>\n\t<meta property=\"og:image:height\" content=\"480\" \/>\n\t<meta property=\"og:image:type\" content=\"image\/jpeg\" \/>\n<meta name=\"twitter:card\" content=\"summary_large_image\" \/>\n<meta name=\"twitter:label1\" content=\"Dur\u00e9e de lecture estim\u00e9e\" \/>\n\t<meta name=\"twitter:data1\" content=\"2 minutes\" \/>\n<script type=\"application\/ld+json\" class=\"yoast-schema-graph\">{\"@context\":\"https:\/\/schema.org\",\"@graph\":[{\"@type\":\"WebPage\",\"@id\":\"https:\/\/sankorana.com\/de\/how-to-find-us\/\",\"url\":\"https:\/\/sankorana.com\/de\/how-to-find-us\/\",\"name\":\"COMMENT NOUS TROUVER\",\"isPartOf\":{\"@id\":\"https:\/\/sankorana.com\/#website\"},\"primaryImageOfPage\":{\"@id\":\"https:\/\/sankorana.com\/de\/how-to-find-us\/#primaryimage\"},\"image\":{\"@id\":\"https:\/\/sankorana.com\/de\/how-to-find-us\/#primaryimage\"},\"thumbnailUrl\":\"https:\/\/sankorana.com\/wp-content\/uploads\/2017\/02\/kakoDoNas.jpg\",\"datePublished\":\"2017-02-27T11:19:06+00:00\",\"dateModified\":\"2026-04-22T16:20:13+00:00\",\"breadcrumb\":{\"@id\":\"https:\/\/sankorana.com\/de\/how-to-find-us\/#breadcrumb\"},\"inLanguage\":\"fr\",\"potentialAction\":[{\"@type\":\"ReadAction\",\"target\":[\"https:\/\/sankorana.com\/de\/how-to-find-us\/\"]}]},{\"@type\":\"ImageObject\",\"inLanguage\":\"fr\",\"@id\":\"https:\/\/sankorana.com\/de\/how-to-find-us\/#primaryimage\",\"url\":\"https:\/\/sankorana.com\/wp-content\/uploads\/2017\/02\/kakoDoNas.jpg\",\"contentUrl\":\"https:\/\/sankorana.com\/wp-content\/uploads\/2017\/02\/kakoDoNas.jpg\"},{\"@type\":\"BreadcrumbList\",\"@id\":\"https:\/\/sankorana.com\/de\/how-to-find-us\/#breadcrumb\",\"itemListElement\":[{\"@type\":\"ListItem\",\"position\":1,\"name\":\"Home\",\"item\":\"https:\/\/sankorana.com\/\"},{\"@type\":\"ListItem\",\"position\":2,\"name\":\"WIE FINDEN SIE UNS\"}]},{\"@type\":\"WebSite\",\"@id\":\"https:\/\/sankorana.com\/#website\",\"url\":\"https:\/\/sankorana.com\/\",\"name\":\"Private accommodation SAN KORANA - Ivica Luketic, Plitvice Lakes Croatia\",\"description\":\"Find a room close to Plitvice Lakes, Croatia - Private accommodation San Korana - TripAdvisor 5.0 Excellent score\",\"publisher\":{\"@id\":\"https:\/\/sankorana.com\/#organization\"},\"potentialAction\":[{\"@type\":\"SearchAction\",\"target\":{\"@type\":\"EntryPoint\",\"urlTemplate\":\"https:\/\/sankorana.com\/?s={search_term_string}\"},\"query-input\":{\"@type\":\"PropertyValueSpecification\",\"valueRequired\":true,\"valueName\":\"search_term_string\"}}],\"inLanguage\":\"fr\"},{\"@type\":\"Organization\",\"@id\":\"https:\/\/sankorana.com\/#organization\",\"name\":\"San korana\",\"url\":\"https:\/\/sankorana.com\/\",\"logo\":{\"@type\":\"ImageObject\",\"inLanguage\":\"fr\",\"@id\":\"https:\/\/sankorana.com\/#\/schema\/logo\/image\/\",\"url\":\"https:\/\/sankorana.com\/wp-content\/uploads\/2017\/02\/San-korana-logo.png\",\"contentUrl\":\"https:\/\/sankorana.com\/wp-content\/uploads\/2017\/02\/San-korana-logo.png\",\"width\":120,\"height\":120,\"caption\":\"San korana\"},\"image\":{\"@id\":\"https:\/\/sankorana.com\/#\/schema\/logo\/image\/\"}}]}<\/script>\n<!-- \/ Yoast SEO plugin. -->","yoast_head_json":{"title":"COMMENT NOUS TROUVER - Private accommodation SAN KORANA - Ivica Luketic, Plitvice Lakes Croatia","robots":{"index":"index","follow":"follow","max-snippet":"max-snippet:-1","max-image-preview":"max-image-preview:large","max-video-preview":"max-video-preview:-1"},"canonical":"https:\/\/sankorana.com\/fr\/how-to-find-us\/","og_locale":"fr_FR","og_type":"article","og_title":"[:fr]COMMENT NOUS TROUVER[:en]HOW TO FIND US[:de]WIE FINDEN SIE UNS[:it]COME TROVARCI[:] - Private accommodation SAN KORANA - Ivica Luketic, Plitvice Lakes Croatia","og_description":"Nous sommes situ\u00e9s \u00e0 130 kilom\u00e8tres de la ville de Zadar et \u00e0 130 km de la ville de Zagreb.","og_url":"https:\/\/sankorana.com\/fr\/how-to-find-us\/","og_site_name":"Private accommodation SAN KORANA - Ivica Luketic, Plitvice Lakes Croatia","article_modified_time":"2026-04-22T16:20:13+00:00","og_image":[{"width":997,"height":480,"url":"https:\/\/sankorana.com\/wp-content\/uploads\/2017\/02\/kakoDoNas.jpg","type":"image\/jpeg"}],"twitter_card":"summary_large_image","twitter_misc":{"Dur\u00e9e de lecture estim\u00e9e":"2 minutes"},"schema":{"@context":"https:\/\/schema.org","@graph":[{"@type":"WebPage","@id":"https:\/\/sankorana.com\/de\/how-to-find-us\/","url":"https:\/\/sankorana.com\/de\/how-to-find-us\/","name":"COMMENT NOUS TROUVER","isPartOf":{"@id":"https:\/\/sankorana.com\/#website"},"primaryImageOfPage":{"@id":"https:\/\/sankorana.com\/de\/how-to-find-us\/#primaryimage"},"image":{"@id":"https:\/\/sankorana.com\/de\/how-to-find-us\/#primaryimage"},"thumbnailUrl":"https:\/\/sankorana.com\/wp-content\/uploads\/2017\/02\/kakoDoNas.jpg","datePublished":"2017-02-27T11:19:06+00:00","dateModified":"2026-04-22T16:20:13+00:00","breadcrumb":{"@id":"https:\/\/sankorana.com\/de\/how-to-find-us\/#breadcrumb"},"inLanguage":"fr","potentialAction":[{"@type":"ReadAction","target":["https:\/\/sankorana.com\/de\/how-to-find-us\/"]}]},{"@type":"ImageObject","inLanguage":"fr","@id":"https:\/\/sankorana.com\/de\/how-to-find-us\/#primaryimage","url":"https:\/\/sankorana.com\/wp-content\/uploads\/2017\/02\/kakoDoNas.jpg","contentUrl":"https:\/\/sankorana.com\/wp-content\/uploads\/2017\/02\/kakoDoNas.jpg"},{"@type":"BreadcrumbList","@id":"https:\/\/sankorana.com\/de\/how-to-find-us\/#breadcrumb","itemListElement":[{"@type":"ListItem","position":1,"name":"Home","item":"https:\/\/sankorana.com\/"},{"@type":"ListItem","position":2,"name":"WIE FINDEN SIE UNS"}]},{"@type":"WebSite","@id":"https:\/\/sankorana.com\/#website","url":"https:\/\/sankorana.com\/","name":"Private accommodation SAN KORANA - Ivica Luketic, Plitvice Lakes Croatia","description":"Find a room close to Plitvice Lakes, Croatia - Private accommodation San Korana - TripAdvisor 5.0 Excellent score","publisher":{"@id":"https:\/\/sankorana.com\/#organization"},"potentialAction":[{"@type":"SearchAction","target":{"@type":"EntryPoint","urlTemplate":"https:\/\/sankorana.com\/?s={search_term_string}"},"query-input":{"@type":"PropertyValueSpecification","valueRequired":true,"valueName":"search_term_string"}}],"inLanguage":"fr"},{"@type":"Organization","@id":"https:\/\/sankorana.com\/#organization","name":"San korana","url":"https:\/\/sankorana.com\/","logo":{"@type":"ImageObject","inLanguage":"fr","@id":"https:\/\/sankorana.com\/#\/schema\/logo\/image\/","url":"https:\/\/sankorana.com\/wp-content\/uploads\/2017\/02\/San-korana-logo.png","contentUrl":"https:\/\/sankorana.com\/wp-content\/uploads\/2017\/02\/San-korana-logo.png","width":120,"height":120,"caption":"San korana"},"image":{"@id":"https:\/\/sankorana.com\/#\/schema\/logo\/image\/"}}]}},"_links":{"self":[{"href":"https:\/\/sankorana.com\/fr\/wp-json\/wp\/v2\/pages\/26","targetHints":{"allow":["GET"]}}],"collection":[{"href":"https:\/\/sankorana.com\/fr\/wp-json\/wp\/v2\/pages"}],"about":[{"href":"https:\/\/sankorana.com\/fr\/wp-json\/wp\/v2\/types\/page"}],"author":[{"embeddable":true,"href":"https:\/\/sankorana.com\/fr\/wp-json\/wp\/v2\/users\/1"}],"replies":[{"embeddable":true,"href":"https:\/\/sankorana.com\/fr\/wp-json\/wp\/v2\/comments?post=26"}],"version-history":[{"count":53,"href":"https:\/\/sankorana.com\/fr\/wp-json\/wp\/v2\/pages\/26\/revisions"}],"predecessor-version":[{"id":873,"href":"https:\/\/sankorana.com\/fr\/wp-json\/wp\/v2\/pages\/26\/revisions\/873"}],"wp:attachment":[{"href":"https:\/\/sankorana.com\/fr\/wp-json\/wp\/v2\/media?parent=26"}],"curies":[{"name":"wp","href":"https:\/\/api.w.org\/{rel}","templated":true}]}}