{"id":22,"date":"2017-02-27T11:18:26","date_gmt":"2017-02-27T11:18:26","guid":{"rendered":"http:\/\/estart.com.hr\/sankorana\/?page_id=22"},"modified":"2025-06-13T20:58:15","modified_gmt":"2025-06-13T20:58:15","slug":"general-info","status":"publish","type":"page","link":"https:\/\/sankorana.com\/fr\/general-info\/","title":{"rendered":"INFO G\u00c9N\u00c9RALE"},"content":{"rendered":"<p>Voici quelques autres informations concernant notre maison : vous pouvez pr\u00e9parer un barbecue juste \u00e0 c\u00f4t\u00e9 de la cascade, qui se trouve \u00e0 seulement quelques m\u00e8tres de notre maison. De plus, \u00e0 tous nos invit\u00e9s, nous recommandons g\u00e9n\u00e9ralement d&rsquo;excellents restaurants situ\u00e9s pr\u00e8s de notre village, offrant une vari\u00e9t\u00e9 de plats \u00e0 des prix tr\u00e8s raisonnables.<br \/>\nVous planifierez probablement votre s\u00e9jour aux lacs de Plitvice vous-m\u00eame, mais nous pr\u00e9parerons \u00e9galement nos suggestions. Ivica, propri\u00e9taire de San Korana, \u00e9tait auparavant responsable du secteur de l&rsquo;organisation de tous les d\u00e9tails que les visiteurs utilisent lors de leur s\u00e9jour au parc national des lacs de Plitvice \u2013 de l&rsquo;arriv\u00e9e, \u00e0 la visite du parc, jusqu&rsquo;au d\u00e9part.<br \/>\nAinsi, Ivica a organis\u00e9 tous les bureaux d&rsquo;information, mod\u00e9r\u00e9 et programm\u00e9 les guides touristiques, organis\u00e9 le transport des visiteurs par bus panoramique et par bateaux \u00e9lectriques.<\/p>\n<p>Ivica est \u00e9galement l&rsquo;auteur de tous les programmes (itin\u00e9raires) pour visiter le parc, avec une dur\u00e9e diff\u00e9rente pour chaque programme. Quel que soit le temps que vous choisissez de passer \u00e0 San Korana, il organisera des itin\u00e9raires sp\u00e9ciaux \u00ab sur mesure \u00bb en fonction de votre temps disponible et de vos pr\u00e9f\u00e9rences, qui incluent les positions les plus attrayantes et veillera \u00e0 ce que vous profitiez de la visite de la beaut\u00e9 naturelle incroyable du parc, mais surtout, que vous vous sentiez bien et libre dans notre maison \u2013 comme chez vous.<\/p>\n<p><strong>Notre adresse :<\/strong><\/p>\n<p>Ivica Luketic<br \/>\nKorana 15<br \/>\n53 231 Plitvice Lakes<br \/>\nCroatie<\/p>\n<p>Coordonn\u00e9es GPS : 44.924034, 15.615306.<\/p>\n<p>Ici, vous pouvez voir comment nous trouver.<\/p>\n<p>S&rsquo;il y a un probl\u00e8me \u00e0 l&rsquo;arriv\u00e9e, vous pouvez appeler Ivica : +385 (0) 911 330 674.<\/p>\n<p>Si notre offre vous pla\u00eet, veuillez nous le faire savoir afin que nous puissions faire une r\u00e9servation.<\/p>\n<p>De plus, si vous avez d&rsquo;autres questions, n&rsquo;h\u00e9sitez pas \u00e0 nous contacter \u00e0 sankorana@gmail.com.<\/p>\n<p>Nous vous souhaitons un merveilleux s\u00e9jour aux lacs de Plitvice !<\/p>\n<p>Recherchez des informations d\u00e9taill\u00e9es sur les lieux dans le district des lacs de Plitvice et ses environs.<\/p>\n<p><strong>BUREAU DU TOURISME DE LA MUNICIPALIT\u00c9 DES LACS DE PLITVICE<\/strong><\/p>\n<p>Trg sv. Jurja 6<br \/>\n53 230 Korenica<br \/>\ntel\/fax: 00385 (0)53 776 798<\/p>\n<p><strong>D\u00c9PARTEMENT DE POLICE<\/strong><\/p>\n<p>P.\u0160njari\u0107a b.b.<br \/>\n53 230 Korenica<br \/>\ntel: 00385 (0)53\/675-810<\/p>\n<p><strong>AMBULANCE<\/strong><\/p>\n<p>Ambulance Korenica<br \/>\nZagreba\u010dka 41<br \/>\ntel. 00385 (0)53\/776-591<\/p>\n<p>Ambulance Plitvice Lakes<br \/>\nMukinje b.b.<br \/>\ntel. 00385 (0)53\/774-057<\/p>\n<p><strong>D\u00c9PARTEMENT DES INCENDIES<\/strong><\/p>\n<p>Trg. sv. Jurja 4<br \/>\n53 230 Korenica<br \/>\ntel. 00385 (0)53\/776-053<\/p>\n<p><strong>PHARMACIE<\/strong><\/p>\n<p>J. Jovi\u0107a 2<br \/>\n53 230 Korenica<br \/>\ntel. 00385 (0)53\/776-174<\/p>\n<p><strong>BUREAU DE POSTE<\/strong><\/p>\n<p>Post office Korenica<br \/>\nTrg. sv. Jurja 13<br \/>\ntel. 00385 (0)53\/776-595<\/p>\n<p>Post office Plitvice Lakes<br \/>\nMukinje b.b.<br \/>\ntel. 00385 (0)53\/774-220<\/p>\n<p><strong>BANQUE<\/strong><\/p>\n<p>Privredna banka Zagreb \u2013 agence des Lacs de Plitvice<br \/>\nHotel Bellevue<br \/>\ntel. 00385 (0)53\/774-052<br \/>\nKarlova\u010dka banka \u2013 Korenica<br \/>\ntel. 00385 (0)53\/776-252<\/p>\n<p><strong>SERVICE DE REMORQUAGE AUTOMOBILE<\/strong><\/p>\n<p>P. \u0160njari\u0107a 3<br \/>\ntel. 00385 (0)53\/776-229<\/p>\n","protected":false},"excerpt":{"rendered":"<p>Whatever time you choose to stay in San Korana, we will arrange special \u201ccustom-made\u201d routes according to your available time and preferences, which include most attractive positions<\/p>\n","protected":false},"author":1,"featured_media":0,"parent":0,"menu_order":0,"comment_status":"closed","ping_status":"closed","template":"","meta":{"footnotes":""},"class_list":["post-22","page","type-page","status-publish","hentry"],"yoast_head":"<!-- This site is optimized with the Yoast SEO plugin v25.3 - https:\/\/yoast.com\/wordpress\/plugins\/seo\/ -->\n<title>{:en}About San Korana - Experience Unique Nature of Plitivice Lakes{:}[:]<\/title>\n<meta name=\"description\" content=\"{:en}Experience nature of Plitvice lakes at San Korana. Our house is next to a waterfall where you can barbecue. Your host will give you great tips about your stay.{:}\" \/>\n<meta name=\"robots\" content=\"index, follow, max-snippet:-1, max-image-preview:large, max-video-preview:-1\" \/>\n<link rel=\"canonical\" href=\"https:\/\/sankorana.com\/fr\/general-info\/\" \/>\n<meta property=\"og:locale\" content=\"fr_FR\" \/>\n<meta property=\"og:locale:alternate\" content=\"en_US\" \/>\n<meta property=\"og:locale:alternate\" content=\"de_DE\" \/>\n<meta property=\"og:locale:alternate\" content=\"it_IT\" \/>\n<meta property=\"og:type\" content=\"article\" \/>\n<meta property=\"og:title\" content=\"{:en}About San Korana - Experience Unique Nature of Plitivice Lakes{:}\" \/>\n<meta property=\"og:description\" content=\"{:en}Experience nature of Plitvice lakes at San Korana. Our house is next to a waterfall where you can barbecue. Your host will give you great tips about your stay.{:}\" \/>\n<meta property=\"og:url\" content=\"https:\/\/sankorana.com\/fr\/general-info\/\" \/>\n<meta property=\"og:site_name\" content=\"Private accommodation SAN KORANA - Ivica Luketic, Plitvice Lakes Croatia\" \/>\n<meta property=\"article:modified_time\" content=\"2025-06-13T20:58:15+00:00\" \/>\n<meta name=\"twitter:card\" content=\"summary_large_image\" \/>\n<meta name=\"twitter:label1\" content=\"Dur\u00e9e de lecture estim\u00e9e\" \/>\n\t<meta name=\"twitter:data1\" content=\"2 minutes\" \/>\n<script type=\"application\/ld+json\" class=\"yoast-schema-graph\">{\"@context\":\"https:\/\/schema.org\",\"@graph\":[{\"@type\":\"WebPage\",\"@id\":\"https:\/\/sankorana.com\/fr\/general-info\/\",\"url\":\"https:\/\/sankorana.com\/fr\/general-info\/\",\"name\":\"{:en}About San Korana - Experience Unique Nature of Plitivice Lakes{:}\",\"isPartOf\":{\"@id\":\"https:\/\/sankorana.com\/#website\"},\"datePublished\":\"2017-02-27T11:18:26+00:00\",\"dateModified\":\"2025-06-13T20:58:15+00:00\",\"description\":\"{:en}Experience nature of Plitvice lakes at San Korana. Our house is next to a waterfall where you can barbecue. Your host will give you great tips about your stay.{:}\",\"breadcrumb\":{\"@id\":\"https:\/\/sankorana.com\/fr\/general-info\/#breadcrumb\"},\"inLanguage\":\"fr\",\"potentialAction\":[{\"@type\":\"ReadAction\",\"target\":[\"https:\/\/sankorana.com\/fr\/general-info\/\"]}]},{\"@type\":\"BreadcrumbList\",\"@id\":\"https:\/\/sankorana.com\/fr\/general-info\/#breadcrumb\",\"itemListElement\":[{\"@type\":\"ListItem\",\"position\":1,\"name\":\"Home\",\"item\":\"https:\/\/sankorana.com\/\"},{\"@type\":\"ListItem\",\"position\":2,\"name\":\"INFO G\u00c9N\u00c9RALE\"}]},{\"@type\":\"WebSite\",\"@id\":\"https:\/\/sankorana.com\/#website\",\"url\":\"https:\/\/sankorana.com\/\",\"name\":\"Private accommodation SAN KORANA - Ivica Luketic, Plitvice Lakes Croatia\",\"description\":\"Find a room close to Plitvice Lakes, Croatia - Private accommodation San Korana - TripAdvisor 5.0 Excellent score\",\"publisher\":{\"@id\":\"https:\/\/sankorana.com\/#organization\"},\"potentialAction\":[{\"@type\":\"SearchAction\",\"target\":{\"@type\":\"EntryPoint\",\"urlTemplate\":\"https:\/\/sankorana.com\/?s={search_term_string}\"},\"query-input\":{\"@type\":\"PropertyValueSpecification\",\"valueRequired\":true,\"valueName\":\"search_term_string\"}}],\"inLanguage\":\"fr\"},{\"@type\":\"Organization\",\"@id\":\"https:\/\/sankorana.com\/#organization\",\"name\":\"San korana\",\"url\":\"https:\/\/sankorana.com\/\",\"logo\":{\"@type\":\"ImageObject\",\"inLanguage\":\"fr\",\"@id\":\"https:\/\/sankorana.com\/#\/schema\/logo\/image\/\",\"url\":\"https:\/\/sankorana.com\/wp-content\/uploads\/2017\/02\/San-korana-logo.png\",\"contentUrl\":\"https:\/\/sankorana.com\/wp-content\/uploads\/2017\/02\/San-korana-logo.png\",\"width\":120,\"height\":120,\"caption\":\"San korana\"},\"image\":{\"@id\":\"https:\/\/sankorana.com\/#\/schema\/logo\/image\/\"}}]}<\/script>\n<!-- \/ Yoast SEO plugin. -->","yoast_head_json":{"title":"{:en}About San Korana - Experience Unique Nature of Plitivice Lakes{:}[:]","description":"{:en}Experience nature of Plitvice lakes at San Korana. Our house is next to a waterfall where you can barbecue. Your host will give you great tips about your stay.{:}","robots":{"index":"index","follow":"follow","max-snippet":"max-snippet:-1","max-image-preview":"max-image-preview:large","max-video-preview":"max-video-preview:-1"},"canonical":"https:\/\/sankorana.com\/fr\/general-info\/","og_locale":"fr_FR","og_type":"article","og_title":"[:en]{:en}About San Korana - Experience Unique Nature of Plitivice Lakes{:}[:]","og_description":"[:en]{:en}Experience nature of Plitvice lakes at San Korana. Our house is next to a waterfall where you can barbecue. Your host will give you great tips about your stay.{:}[:]","og_url":"https:\/\/sankorana.com\/fr\/general-info\/","og_site_name":"Private accommodation SAN KORANA - Ivica Luketic, Plitvice Lakes Croatia","article_modified_time":"2025-06-13T20:58:15+00:00","twitter_card":"summary_large_image","twitter_misc":{"Dur\u00e9e de lecture estim\u00e9e":"2 minutes"},"schema":{"@context":"https:\/\/schema.org","@graph":[{"@type":"WebPage","@id":"https:\/\/sankorana.com\/fr\/general-info\/","url":"https:\/\/sankorana.com\/fr\/general-info\/","name":"{:en}About San Korana - Experience Unique Nature of Plitivice Lakes{:}","isPartOf":{"@id":"https:\/\/sankorana.com\/#website"},"datePublished":"2017-02-27T11:18:26+00:00","dateModified":"2025-06-13T20:58:15+00:00","description":"{:en}Experience nature of Plitvice lakes at San Korana. Our house is next to a waterfall where you can barbecue. Your host will give you great tips about your stay.{:}","breadcrumb":{"@id":"https:\/\/sankorana.com\/fr\/general-info\/#breadcrumb"},"inLanguage":"fr","potentialAction":[{"@type":"ReadAction","target":["https:\/\/sankorana.com\/fr\/general-info\/"]}]},{"@type":"BreadcrumbList","@id":"https:\/\/sankorana.com\/fr\/general-info\/#breadcrumb","itemListElement":[{"@type":"ListItem","position":1,"name":"Home","item":"https:\/\/sankorana.com\/"},{"@type":"ListItem","position":2,"name":"INFO G\u00c9N\u00c9RALE"}]},{"@type":"WebSite","@id":"https:\/\/sankorana.com\/#website","url":"https:\/\/sankorana.com\/","name":"Private accommodation SAN KORANA - Ivica Luketic, Plitvice Lakes Croatia","description":"Find a room close to Plitvice Lakes, Croatia - Private accommodation San Korana - TripAdvisor 5.0 Excellent score","publisher":{"@id":"https:\/\/sankorana.com\/#organization"},"potentialAction":[{"@type":"SearchAction","target":{"@type":"EntryPoint","urlTemplate":"https:\/\/sankorana.com\/?s={search_term_string}"},"query-input":{"@type":"PropertyValueSpecification","valueRequired":true,"valueName":"search_term_string"}}],"inLanguage":"fr"},{"@type":"Organization","@id":"https:\/\/sankorana.com\/#organization","name":"San korana","url":"https:\/\/sankorana.com\/","logo":{"@type":"ImageObject","inLanguage":"fr","@id":"https:\/\/sankorana.com\/#\/schema\/logo\/image\/","url":"https:\/\/sankorana.com\/wp-content\/uploads\/2017\/02\/San-korana-logo.png","contentUrl":"https:\/\/sankorana.com\/wp-content\/uploads\/2017\/02\/San-korana-logo.png","width":120,"height":120,"caption":"San korana"},"image":{"@id":"https:\/\/sankorana.com\/#\/schema\/logo\/image\/"}}]}},"_links":{"self":[{"href":"https:\/\/sankorana.com\/fr\/wp-json\/wp\/v2\/pages\/22","targetHints":{"allow":["GET"]}}],"collection":[{"href":"https:\/\/sankorana.com\/fr\/wp-json\/wp\/v2\/pages"}],"about":[{"href":"https:\/\/sankorana.com\/fr\/wp-json\/wp\/v2\/types\/page"}],"author":[{"embeddable":true,"href":"https:\/\/sankorana.com\/fr\/wp-json\/wp\/v2\/users\/1"}],"replies":[{"embeddable":true,"href":"https:\/\/sankorana.com\/fr\/wp-json\/wp\/v2\/comments?post=22"}],"version-history":[{"count":45,"href":"https:\/\/sankorana.com\/fr\/wp-json\/wp\/v2\/pages\/22\/revisions"}],"predecessor-version":[{"id":862,"href":"https:\/\/sankorana.com\/fr\/wp-json\/wp\/v2\/pages\/22\/revisions\/862"}],"wp:attachment":[{"href":"https:\/\/sankorana.com\/fr\/wp-json\/wp\/v2\/media?parent=22"}],"curies":[{"name":"wp","href":"https:\/\/api.w.org\/{rel}","templated":true}]}}