{"id":20,"date":"2017-02-27T11:18:13","date_gmt":"2017-02-27T11:18:13","guid":{"rendered":"http:\/\/estart.com.hr\/sankorana\/?page_id=20"},"modified":"2025-06-13T20:55:12","modified_gmt":"2025-06-13T20:55:12","slug":"plitvice-facts-did-you-know","status":"publish","type":"page","link":"https:\/\/sankorana.com\/fr\/plitvice-facts-did-you-know\/","title":{"rendered":"SAVIEZ-VOUS"},"content":{"rendered":"<p>En plus de ses beaut\u00e9s naturelles, la Croatie poss\u00e8de \u00e9galement un grand nombre d&rsquo;inventeurs et les diverses d\u00e9couvertes faites dans ce domaine. En bref, nous vous parlerons de certains des Croates c\u00e9l\u00e8bres du pass\u00e9 dont les d\u00e9couvertes ont marqu\u00e9 des p\u00e9riodes enti\u00e8res, changeant l&rsquo;histoire de l&rsquo;humanit\u00e9.<\/p>\n<p><strong>\u00c9lectricit\u00e9<\/strong><\/p>\n<p>NIKOLA TESLA (1856-1943) N\u00e9 \u00e0 Smiljan pr\u00e8s de Gospic (environ 52 kilom\u00e8tres \/ 45 minutes de route des lacs de Plitvice). L&rsquo;un des plus grands inventeurs de tous les temps. Il a offert tant d&rsquo;inventions \u00e0 l&rsquo;humanit\u00e9, telles que des innovations dans le domaine de l&rsquo;ing\u00e9nierie \u00e9lectrique, il a con\u00e7u la premi\u00e8re centrale hydro\u00e9lectrique \u00e0 courant alternatif aux chutes du Niagara, il a donn\u00e9 les bases pour la construction de dispositifs radar, apr\u00e8s son nom, une unit\u00e9 de mesure pour l&rsquo;induction magn\u00e9tique est appel\u00e9e (Tesla \u2013 T). Il nous a laiss\u00e9 plus de 700 inventions et 112 brevets dans divers domaines de la technologie et porte le nom de \u00ab L&rsquo;homme qui a \u00e9clair\u00e9 le monde \u00bb. <a href=\"https:\/\/mcnikolatesla.hr\/en\/\">La maison de Nikola Tesla et le Centre<\/a> comm\u00e9moratif se trouvent \u00e0 seulement 45 minutes de route de chez nous.<\/p>\n<p><strong>Torpille<\/strong><\/p>\n<p><a href=\"https:\/\/en.wikipedia.org\/wiki\/Giovanni_Luppis\">IVAN LUPIS<\/a> (1813-1875) Officier de marine de Rijeka, inventeur de la torpille, produite pour la premi\u00e8re fois dans l&rsquo;usine de Whitehead \u00e0 Rijeka en 1866.<\/p>\n<p><strong>Cravate<\/strong><\/p>\n<p><a href=\"https:\/\/www.croatiaweek.com\/croatian-inventions-world-cravat-day-marked\/\">Cet article d\u00e9coratif de v\u00eatement est l&rsquo;\u0153uvre des soldats croates<\/a>, qui a \u00e9t\u00e9 remarqu\u00e9 pour la premi\u00e8re fois sur leur uniforme par le roi fran\u00e7ais Louis XIII, qui a re\u00e7u leur aide en 1653. Elle a rapidement \u00e9t\u00e9 accept\u00e9e \u00e0 la cour fran\u00e7aise et est devenue un article de mode parmi la bourgeoisie de l&rsquo;\u00e9poque comme symbole d&rsquo;\u00e9l\u00e9gance et de culture. Elle s&rsquo;est bient\u00f4t r\u00e9pandue en Europe et dans le monde et est devenue la partie de v\u00eatements la plus respect\u00e9e, mais malheureusement pas sous le nom de l&rsquo;un des produits croates les plus populaires.<\/p>\n<p><strong>Parachute<\/strong><\/p>\n<p>FAUST VRAN\u010cI\u0106 (1551-1617) Inventeur, philosophe et lexicographe ; il a produit une s\u00e9rie d&rsquo;inventions techniques, entre autres, le parachute. <a href=\"https:\/\/croatia2go.com\/faust-vrancic-the-father-of-the-parachute\/\">Les premiers croquis de parachute<\/a> ont probablement \u00e9t\u00e9 r\u00e9alis\u00e9s par le g\u00e9nie L\u00e9onard de Vinci durant sa vie, de 1452 \u00e0 1519. Le premier parachute a \u00e9t\u00e9 construit par l&rsquo;inventeur et innovateur croate de \u0160ibenik, Faust Vrancic, et a \u00e9t\u00e9 d\u00e9montr\u00e9 avec succ\u00e8s en sautant d&rsquo;une tour \u00e0 Venise en 1617.<\/p>\n<p><strong>Crayon (stylo \u00e0 bille et stylo-plume)<\/strong><\/p>\n<p>SLAVOLJUB PENKALA (1871-1922) a <a href=\"https:\/\/www.turistickeprice.hr\/en\/did-you-know-that-the-first-mechanical-pen-went-from-Zagreb-to-the-world\/\">invent\u00e9 un crayon<\/a> et un stylo-plume en 1906, et est le premier croate \u00e0 avoir construit un <a href=\"https:\/\/www.lovezagreb.hr\/topics\/more-than-words\/slavoljub-eduard-penkala\">avion biplace<\/a>. Bien qu&rsquo;il soit surtout connu pour l&rsquo;invention des crayons m\u00e9caniques, qui sont aujourd&rsquo;hui souvent appel\u00e9s \u00ab\u00a0penkala\u00a0\u00bb en Croatie, son travail comprend environ 80 inventions dans les domaines de la m\u00e9canique, de la chimie, de la physique, de l&rsquo;a\u00e9ronautique et de l&rsquo;aviation, ainsi que d&rsquo;autres branches.<\/p>\n<p><strong>Marco Polo<\/strong><\/p>\n<p><a href=\"https:\/\/www.visitkorcula.eu\/marco-polo.html\">MARCO POLO<\/a> (1254-1324.) Aventurier et explorateur v\u00e9nitien, cr\u00e9dit\u00e9 pour avoir d\u00e9couvert la Chine pour l&rsquo;Europe ; originaire de l&rsquo;\u00eele de Korcula.<\/p>\n<p><strong>Lecteur MP3<\/strong><\/p>\n<p>Saviez-vous qu&rsquo;un petit appareil qui rend de nombreuses personnes heureuses en se rendant au travail ou \u00e0 l&rsquo;\u00e9cole est l&rsquo;\u0153uvre du jeune programmeur croate Tomislav Uzelac ? Il est le premier, en 1997, \u00e0 avoir construit ce dispositif incroyable, le MP MP3 Playback Engine, qui est consid\u00e9r\u00e9 comme le premier lecteur MP3. Apr\u00e8s l&rsquo;avoir cr\u00e9\u00e9, des \u00e9tudiants am\u00e9ricains l&rsquo;ont adapt\u00e9 pour fonctionner sous Windows et l&rsquo;ont nomm\u00e9 \u00ab WinAmp \u00bb. Nous devons remercier Tomislav d&rsquo;avoir rendu possible l&rsquo;\u00e9coute de la musique au format \u00ab MP3 \u00bb.<\/p>\n","protected":false},"excerpt":{"rendered":"<p>En plus de ses beaut\u00e9s naturelles, la Croatie poss\u00e8de \u00e9galement un grand nombre d&rsquo;inventeurs et les diverses d\u00e9couvertes faites dans ce domaine. En bref, nous vous parlerons de certains des Croates c\u00e9l\u00e8bres du pass\u00e9 dont les d\u00e9couvertes ont marqu\u00e9 des p\u00e9riodes enti\u00e8res, changeant l&rsquo;histoire de l&rsquo;humanit\u00e9. \u00c9lectricit\u00e9 NIKOLA TESLA (1856-1943) N\u00e9 \u00e0 Smiljan pr\u00e8s de [&hellip;]<\/p>\n","protected":false},"author":1,"featured_media":0,"parent":0,"menu_order":0,"comment_status":"closed","ping_status":"closed","template":"","meta":{"footnotes":""},"class_list":["post-20","page","type-page","status-publish","hentry"],"yoast_head":"<!-- This site is optimized with the Yoast SEO plugin v25.3 - https:\/\/yoast.com\/wordpress\/plugins\/seo\/ -->\n<title>Plitvice Facts - Faits sur Plitvice - Saviez-vous que Nikola Tesla est n\u00e9 \u00e0 50 km d&#039;ici ?[:]<\/title>\n<meta name=\"description\" content=\"Quelques faits int\u00e9ressants sur la Croatie et Plitvice. Une fois sur place, rendez-vous \u00e0 Smiljan pour visiter le lieu de naissance et la maison de Nikola Tesla.\" \/>\n<meta name=\"robots\" content=\"index, follow, max-snippet:-1, max-image-preview:large, max-video-preview:-1\" \/>\n<link rel=\"canonical\" href=\"https:\/\/sankorana.com\/fr\/plitvice-facts-did-you-know\/\" \/>\n<meta property=\"og:locale\" content=\"fr_FR\" \/>\n<meta property=\"og:locale:alternate\" content=\"en_US\" \/>\n<meta property=\"og:locale:alternate\" content=\"de_DE\" \/>\n<meta property=\"og:locale:alternate\" content=\"it_IT\" \/>\n<meta property=\"og:type\" content=\"article\" \/>\n<meta property=\"og:title\" content=\"Faits sur Plitvice - Saviez-vous que Nikola Tesla est n\u00e9 \u00e0 50 km d&#039;ici ?\" \/>\n<meta property=\"og:description\" content=\"Quelques faits int\u00e9ressants sur la Croatie et Plitvice. Une fois sur place, rendez-vous \u00e0 Smiljan pour visiter le lieu de naissance et la maison de Nikola Tesla.\" \/>\n<meta property=\"og:url\" content=\"https:\/\/sankorana.com\/fr\/plitvice-facts-did-you-know\/\" \/>\n<meta property=\"og:site_name\" content=\"Private accommodation SAN KORANA - Ivica Luketic, Plitvice Lakes Croatia\" \/>\n<meta property=\"article:modified_time\" content=\"2025-06-13T20:55:12+00:00\" \/>\n<meta name=\"twitter:card\" content=\"summary_large_image\" \/>\n<meta name=\"twitter:label1\" content=\"Dur\u00e9e de lecture estim\u00e9e\" \/>\n\t<meta name=\"twitter:data1\" content=\"3 minutes\" \/>\n<script type=\"application\/ld+json\" class=\"yoast-schema-graph\">{\"@context\":\"https:\/\/schema.org\",\"@graph\":[{\"@type\":\"WebPage\",\"@id\":\"https:\/\/sankorana.com\/fr\/plitvice-facts-did-you-know\/\",\"url\":\"https:\/\/sankorana.com\/fr\/plitvice-facts-did-you-know\/\",\"name\":\"Faits sur Plitvice - Saviez-vous que Nikola Tesla est n\u00e9 \u00e0 50 km d'ici ?\",\"isPartOf\":{\"@id\":\"https:\/\/sankorana.com\/#website\"},\"datePublished\":\"2017-02-27T11:18:13+00:00\",\"dateModified\":\"2025-06-13T20:55:12+00:00\",\"description\":\"Quelques faits int\u00e9ressants sur la Croatie et Plitvice. Une fois sur place, rendez-vous \u00e0 Smiljan pour visiter le lieu de naissance et la maison de Nikola Tesla.\",\"breadcrumb\":{\"@id\":\"https:\/\/sankorana.com\/fr\/plitvice-facts-did-you-know\/#breadcrumb\"},\"inLanguage\":\"fr\",\"potentialAction\":[{\"@type\":\"ReadAction\",\"target\":[\"https:\/\/sankorana.com\/fr\/plitvice-facts-did-you-know\/\"]}]},{\"@type\":\"BreadcrumbList\",\"@id\":\"https:\/\/sankorana.com\/fr\/plitvice-facts-did-you-know\/#breadcrumb\",\"itemListElement\":[{\"@type\":\"ListItem\",\"position\":1,\"name\":\"Home\",\"item\":\"https:\/\/sankorana.com\/\"},{\"@type\":\"ListItem\",\"position\":2,\"name\":\"SAVIEZ-VOUS\"}]},{\"@type\":\"WebSite\",\"@id\":\"https:\/\/sankorana.com\/#website\",\"url\":\"https:\/\/sankorana.com\/\",\"name\":\"Private accommodation SAN KORANA - Ivica Luketic, Plitvice Lakes Croatia\",\"description\":\"Find a room close to Plitvice Lakes, Croatia - Private accommodation San Korana - TripAdvisor 5.0 Excellent score\",\"publisher\":{\"@id\":\"https:\/\/sankorana.com\/#organization\"},\"potentialAction\":[{\"@type\":\"SearchAction\",\"target\":{\"@type\":\"EntryPoint\",\"urlTemplate\":\"https:\/\/sankorana.com\/?s={search_term_string}\"},\"query-input\":{\"@type\":\"PropertyValueSpecification\",\"valueRequired\":true,\"valueName\":\"search_term_string\"}}],\"inLanguage\":\"fr\"},{\"@type\":\"Organization\",\"@id\":\"https:\/\/sankorana.com\/#organization\",\"name\":\"San korana\",\"url\":\"https:\/\/sankorana.com\/\",\"logo\":{\"@type\":\"ImageObject\",\"inLanguage\":\"fr\",\"@id\":\"https:\/\/sankorana.com\/#\/schema\/logo\/image\/\",\"url\":\"https:\/\/sankorana.com\/wp-content\/uploads\/2017\/02\/San-korana-logo.png\",\"contentUrl\":\"https:\/\/sankorana.com\/wp-content\/uploads\/2017\/02\/San-korana-logo.png\",\"width\":120,\"height\":120,\"caption\":\"San korana\"},\"image\":{\"@id\":\"https:\/\/sankorana.com\/#\/schema\/logo\/image\/\"}}]}<\/script>\n<!-- \/ Yoast SEO plugin. -->","yoast_head_json":{"title":"Plitvice Facts - Faits sur Plitvice - Saviez-vous que Nikola Tesla est n\u00e9 \u00e0 50 km d'ici ?[:]","description":"Quelques faits int\u00e9ressants sur la Croatie et Plitvice. Une fois sur place, rendez-vous \u00e0 Smiljan pour visiter le lieu de naissance et la maison de Nikola Tesla.","robots":{"index":"index","follow":"follow","max-snippet":"max-snippet:-1","max-image-preview":"max-image-preview:large","max-video-preview":"max-video-preview:-1"},"canonical":"https:\/\/sankorana.com\/fr\/plitvice-facts-did-you-know\/","og_locale":"fr_FR","og_type":"article","og_title":"[:en]Plitvice Facts - Did You Know that Nikola Tesla was born 50 km from here?[:fr]Faits sur Plitvice - Saviez-vous que Nikola Tesla est n\u00e9 \u00e0 50 km d'ici ?[:]","og_description":"[:en]Some interesting facts about Croatia and Plitvice. When here drive to Smiljan to visit the birth place and house of Nikola Tesla.[:fr]Quelques faits int\u00e9ressants sur la Croatie et Plitvice. Une fois sur place, rendez-vous \u00e0 Smiljan pour visiter le lieu de naissance et la maison de Nikola Tesla.[:]","og_url":"https:\/\/sankorana.com\/fr\/plitvice-facts-did-you-know\/","og_site_name":"Private accommodation SAN KORANA - Ivica Luketic, Plitvice Lakes Croatia","article_modified_time":"2025-06-13T20:55:12+00:00","twitter_card":"summary_large_image","twitter_misc":{"Dur\u00e9e de lecture estim\u00e9e":"3 minutes"},"schema":{"@context":"https:\/\/schema.org","@graph":[{"@type":"WebPage","@id":"https:\/\/sankorana.com\/fr\/plitvice-facts-did-you-know\/","url":"https:\/\/sankorana.com\/fr\/plitvice-facts-did-you-know\/","name":"Faits sur Plitvice - Saviez-vous que Nikola Tesla est n\u00e9 \u00e0 50 km d'ici ?","isPartOf":{"@id":"https:\/\/sankorana.com\/#website"},"datePublished":"2017-02-27T11:18:13+00:00","dateModified":"2025-06-13T20:55:12+00:00","description":"Quelques faits int\u00e9ressants sur la Croatie et Plitvice. Une fois sur place, rendez-vous \u00e0 Smiljan pour visiter le lieu de naissance et la maison de Nikola Tesla.","breadcrumb":{"@id":"https:\/\/sankorana.com\/fr\/plitvice-facts-did-you-know\/#breadcrumb"},"inLanguage":"fr","potentialAction":[{"@type":"ReadAction","target":["https:\/\/sankorana.com\/fr\/plitvice-facts-did-you-know\/"]}]},{"@type":"BreadcrumbList","@id":"https:\/\/sankorana.com\/fr\/plitvice-facts-did-you-know\/#breadcrumb","itemListElement":[{"@type":"ListItem","position":1,"name":"Home","item":"https:\/\/sankorana.com\/"},{"@type":"ListItem","position":2,"name":"SAVIEZ-VOUS"}]},{"@type":"WebSite","@id":"https:\/\/sankorana.com\/#website","url":"https:\/\/sankorana.com\/","name":"Private accommodation SAN KORANA - Ivica Luketic, Plitvice Lakes Croatia","description":"Find a room close to Plitvice Lakes, Croatia - Private accommodation San Korana - TripAdvisor 5.0 Excellent score","publisher":{"@id":"https:\/\/sankorana.com\/#organization"},"potentialAction":[{"@type":"SearchAction","target":{"@type":"EntryPoint","urlTemplate":"https:\/\/sankorana.com\/?s={search_term_string}"},"query-input":{"@type":"PropertyValueSpecification","valueRequired":true,"valueName":"search_term_string"}}],"inLanguage":"fr"},{"@type":"Organization","@id":"https:\/\/sankorana.com\/#organization","name":"San korana","url":"https:\/\/sankorana.com\/","logo":{"@type":"ImageObject","inLanguage":"fr","@id":"https:\/\/sankorana.com\/#\/schema\/logo\/image\/","url":"https:\/\/sankorana.com\/wp-content\/uploads\/2017\/02\/San-korana-logo.png","contentUrl":"https:\/\/sankorana.com\/wp-content\/uploads\/2017\/02\/San-korana-logo.png","width":120,"height":120,"caption":"San korana"},"image":{"@id":"https:\/\/sankorana.com\/#\/schema\/logo\/image\/"}}]}},"_links":{"self":[{"href":"https:\/\/sankorana.com\/fr\/wp-json\/wp\/v2\/pages\/20","targetHints":{"allow":["GET"]}}],"collection":[{"href":"https:\/\/sankorana.com\/fr\/wp-json\/wp\/v2\/pages"}],"about":[{"href":"https:\/\/sankorana.com\/fr\/wp-json\/wp\/v2\/types\/page"}],"author":[{"embeddable":true,"href":"https:\/\/sankorana.com\/fr\/wp-json\/wp\/v2\/users\/1"}],"replies":[{"embeddable":true,"href":"https:\/\/sankorana.com\/fr\/wp-json\/wp\/v2\/comments?post=20"}],"version-history":[{"count":28,"href":"https:\/\/sankorana.com\/fr\/wp-json\/wp\/v2\/pages\/20\/revisions"}],"predecessor-version":[{"id":861,"href":"https:\/\/sankorana.com\/fr\/wp-json\/wp\/v2\/pages\/20\/revisions\/861"}],"wp:attachment":[{"href":"https:\/\/sankorana.com\/fr\/wp-json\/wp\/v2\/media?parent=20"}],"curies":[{"name":"wp","href":"https:\/\/api.w.org\/{rel}","templated":true}]}}