{"id":14,"date":"2017-02-27T11:17:11","date_gmt":"2017-02-27T11:17:11","guid":{"rendered":"http:\/\/estart.com.hr\/sankorana\/?page_id=14"},"modified":"2025-06-13T20:51:02","modified_gmt":"2025-06-13T20:51:02","slug":"urlaub","status":"publish","type":"page","link":"https:\/\/sankorana.com\/fr\/urlaub\/","title":{"rendered":"VACANCES"},"content":{"rendered":"<p>\u00c0 c\u00f4t\u00e9 de la visite du parc national lui-m\u00eame, vous pouvez \u00e9galement d\u00e9couvrir des destinations int\u00e9ressantes \u00e0 proximit\u00e9 de l&rsquo;endroit o\u00f9 vous s\u00e9journerez. Une excursion dans les montagnes vous apportera le plaisir de respirer l&rsquo;air frais et d&rsquo;admirer de magnifiques vues. Vous pouvez essayer le rafting sur les cascades sauvages, p\u00eacher dans certaines des rivi\u00e8res les plus propres du monde ou visiter des sites sp\u00e9l\u00e9ologiques, ou encore tester vos capacit\u00e9s au paintball. Nous vous recommandons de visiter le centre comm\u00e9moratif d\u00e9di\u00e9 \u00e0 l&rsquo;un des scientifiques les plus appr\u00e9ci\u00e9s au monde, Nikola Tesla.<\/p>\n<table class=\"aligncenter\" style=\"width: 100%;\" border=\"0\" cellspacing=\"0\" cellpadding=\"0\">\n<tbody>\n<tr>\n<td style=\"width: 50%; text-align: center; vertical-align: top;\">OFFICE DE TOURISME DES LACS DE PLITVICE<\/p>\n<p><a href=\"http:\/\/www.tzplitvice.hr\"><img loading=\"lazy\" decoding=\"async\" class=\"aligncenter wp-image-92 size-thumbnail\" src=\"http:\/\/www.sankorana.com\/\/wp-content\/uploads\/2017\/02\/tzplitvice-150x150.jpg\" width=\"150\" height=\"150\" srcset=\"https:\/\/sankorana.com\/wp-content\/uploads\/2017\/02\/tzplitvice-150x150.jpg 150w, https:\/\/sankorana.com\/wp-content\/uploads\/2017\/02\/tzplitvice-50x50.jpg 50w, https:\/\/sankorana.com\/wp-content\/uploads\/2017\/02\/tzplitvice-49x49.jpg 49w, https:\/\/sankorana.com\/wp-content\/uploads\/2017\/02\/tzplitvice-184x184.jpg 184w\" sizes=\"auto, (max-width: 150px) 100vw, 150px\" \/><\/a><\/td>\n<td style=\"width: 50%; text-align: center; vertical-align: top;\">MUKINJE SKI &#8211; RESORT<\/p>\n<p><a href=\"http:\/\/www.np-plitvicka-jezera.hr\"><img loading=\"lazy\" decoding=\"async\" class=\"aligncenter wp-image-94 size-thumbnail\" src=\"http:\/\/www.sankorana.com\/\/wp-content\/uploads\/2017\/02\/mukinje-150x150.jpg\" width=\"150\" height=\"150\" srcset=\"https:\/\/sankorana.com\/wp-content\/uploads\/2017\/02\/mukinje-150x150.jpg 150w, https:\/\/sankorana.com\/wp-content\/uploads\/2017\/02\/mukinje-50x50.jpg 50w, https:\/\/sankorana.com\/wp-content\/uploads\/2017\/02\/mukinje-49x49.jpg 49w, https:\/\/sankorana.com\/wp-content\/uploads\/2017\/02\/mukinje-184x184.jpg 184w\" sizes=\"auto, (max-width: 150px) 100vw, 150px\" \/><\/a><\/td>\n<\/tr>\n<tr>\n<td style=\"width: 50%; text-align: center; vertical-align: top;\">MEDVJE\u0110AK<\/p>\n<p><a href=\"http:\/\/www.np-plitvicka-jezera.hr\"><img loading=\"lazy\" decoding=\"async\" class=\"aligncenter wp-image-161 size-thumbnail\" src=\"http:\/\/www.sankorana.com\/\/wp-content\/uploads\/2017\/02\/medvjedjak-150x150.jpg\" width=\"150\" height=\"150\" srcset=\"https:\/\/sankorana.com\/wp-content\/uploads\/2017\/02\/medvjedjak-150x150.jpg 150w, https:\/\/sankorana.com\/wp-content\/uploads\/2017\/02\/medvjedjak-50x50.jpg 50w, https:\/\/sankorana.com\/wp-content\/uploads\/2017\/02\/medvjedjak-49x49.jpg 49w, https:\/\/sankorana.com\/wp-content\/uploads\/2017\/02\/medvjedjak-184x184.jpg 184w\" sizes=\"auto, (max-width: 150px) 100vw, 150px\" \/><\/a><\/td>\n<td style=\"width: 50%; text-align: center; vertical-align: top;\">SCIERIE ET \u200b\u200bMOULIN \u00c0 EAU DE \u0160POLJARI\u0106 DANS LE VILLAGE DE KORANA<\/p>\n<p><a href=\"http:\/\/www.np-plitvicka-jezera.hr\"><img loading=\"lazy\" decoding=\"async\" class=\"aligncenter size-thumbnail wp-image-162\" src=\"http:\/\/www.sankorana.com\/\/wp-content\/uploads\/2017\/02\/pilanaKorana-150x150.jpg\" alt=\"\" width=\"150\" height=\"150\" srcset=\"https:\/\/sankorana.com\/wp-content\/uploads\/2017\/02\/pilanaKorana-150x150.jpg 150w, https:\/\/sankorana.com\/wp-content\/uploads\/2017\/02\/pilanaKorana-50x50.jpg 50w, https:\/\/sankorana.com\/wp-content\/uploads\/2017\/02\/pilanaKorana-49x49.jpg 49w, https:\/\/sankorana.com\/wp-content\/uploads\/2017\/02\/pilanaKorana-184x184.jpg 184w\" sizes=\"auto, (max-width: 150px) 100vw, 150px\" \/><\/a><\/td>\n<\/tr>\n<tr>\n<td style=\"width: 50%; text-align: center; vertical-align: top;\">\u00a0MRSINJGRAD<\/p>\n<p><a href=\"http:\/\/www.tz-plitvice.hr\"><img loading=\"lazy\" decoding=\"async\" class=\"aligncenter size-thumbnail wp-image-163\" src=\"http:\/\/www.sankorana.com\/\/wp-content\/uploads\/2017\/02\/Mrsinj_01-150x150.jpg\" alt=\"\" width=\"150\" height=\"150\" srcset=\"https:\/\/sankorana.com\/wp-content\/uploads\/2017\/02\/Mrsinj_01-150x150.jpg 150w, https:\/\/sankorana.com\/wp-content\/uploads\/2017\/02\/Mrsinj_01-50x50.jpg 50w, https:\/\/sankorana.com\/wp-content\/uploads\/2017\/02\/Mrsinj_01-49x49.jpg 49w, https:\/\/sankorana.com\/wp-content\/uploads\/2017\/02\/Mrsinj_01-184x184.jpg 184w\" sizes=\"auto, (max-width: 150px) 100vw, 150px\" \/><\/a><\/td>\n<td style=\"width: 50%; text-align: center; vertical-align: top;\">GROTTES DE BARA\u0106<\/p>\n<p><a href=\"http:\/\/ www.baraceve-spilje.com\"><img loading=\"lazy\" decoding=\"async\" class=\"aligncenter size-thumbnail wp-image-164\" src=\"http:\/\/www.sankorana.com\/\/wp-content\/uploads\/2017\/02\/baraceve-spilje-150x150.jpg\" alt=\"\" width=\"150\" height=\"150\" srcset=\"https:\/\/sankorana.com\/wp-content\/uploads\/2017\/02\/baraceve-spilje-150x150.jpg 150w, https:\/\/sankorana.com\/wp-content\/uploads\/2017\/02\/baraceve-spilje-50x50.jpg 50w, https:\/\/sankorana.com\/wp-content\/uploads\/2017\/02\/baraceve-spilje-49x49.jpg 49w, https:\/\/sankorana.com\/wp-content\/uploads\/2017\/02\/baraceve-spilje-184x184.jpg 184w\" sizes=\"auto, (max-width: 150px) 100vw, 150px\" \/><\/a><\/td>\n<\/tr>\n<tr>\n<td style=\"width: 50%; text-align: center; vertical-align: top;\">P\u00caCHE ET MOULINS SUR LA RIVI\u00c8RE GACKA<\/p>\n<p><a href=\"http:\/\/www.gacka.hr\"><img loading=\"lazy\" decoding=\"async\" class=\"aligncenter size-thumbnail wp-image-165\" src=\"http:\/\/www.sankorana.com\/\/wp-content\/uploads\/2017\/02\/Gacka-150x150.jpg\" alt=\"\" width=\"150\" height=\"150\" srcset=\"https:\/\/sankorana.com\/wp-content\/uploads\/2017\/02\/Gacka-150x150.jpg 150w, https:\/\/sankorana.com\/wp-content\/uploads\/2017\/02\/Gacka-50x50.jpg 50w, https:\/\/sankorana.com\/wp-content\/uploads\/2017\/02\/Gacka-49x49.jpg 49w, https:\/\/sankorana.com\/wp-content\/uploads\/2017\/02\/Gacka-184x184.jpg 184w\" sizes=\"auto, (max-width: 150px) 100vw, 150px\" \/><\/a><\/td>\n<td style=\"width: 50%; text-align: center; vertical-align: top;\">CENTRE COMM\u00c9MORATIF NIKOLA TESLA \u00c0 SMILJAN<\/p>\n<p><a href=\"http:\/\/www.tz-gospic.hr\"><img loading=\"lazy\" decoding=\"async\" class=\"aligncenter size-thumbnail wp-image-166\" src=\"http:\/\/www.sankorana.com\/\/wp-content\/uploads\/2017\/02\/nikola_tesla-150x150.jpg\" alt=\"\" width=\"150\" height=\"150\" srcset=\"https:\/\/sankorana.com\/wp-content\/uploads\/2017\/02\/nikola_tesla-150x150.jpg 150w, https:\/\/sankorana.com\/wp-content\/uploads\/2017\/02\/nikola_tesla-50x50.jpg 50w, https:\/\/sankorana.com\/wp-content\/uploads\/2017\/02\/nikola_tesla-49x49.jpg 49w, https:\/\/sankorana.com\/wp-content\/uploads\/2017\/02\/nikola_tesla-184x184.jpg 184w\" sizes=\"auto, (max-width: 150px) 100vw, 150px\" \/><\/a><\/td>\n<\/tr>\n<tr>\n<td style=\"width: 50%; text-align: center; vertical-align: top;\">PARC NATUREL DU VELEBIT NORD<\/p>\n<p><a href=\"http:\/\/www.velebit.hr\"><img loading=\"lazy\" decoding=\"async\" class=\"aligncenter size-thumbnail wp-image-167\" src=\"http:\/\/www.sankorana.com\/\/wp-content\/uploads\/2017\/02\/velebit-150x150.jpg\" alt=\"\" width=\"150\" height=\"150\" srcset=\"https:\/\/sankorana.com\/wp-content\/uploads\/2017\/02\/velebit-150x150.jpg 150w, https:\/\/sankorana.com\/wp-content\/uploads\/2017\/02\/velebit-50x50.jpg 50w, https:\/\/sankorana.com\/wp-content\/uploads\/2017\/02\/velebit-49x49.jpg 49w, https:\/\/sankorana.com\/wp-content\/uploads\/2017\/02\/velebit-184x184.jpg 184w\" sizes=\"auto, (max-width: 150px) 100vw, 150px\" \/><\/a><\/td>\n<td style=\"width: 50%; text-align: center; vertical-align: top;\">GROTTES DE CEROVAC<\/p>\n<p><a href=\"http:\/\/www.velebit.hr\"><img loading=\"lazy\" decoding=\"async\" class=\"aligncenter size-thumbnail wp-image-168\" src=\"http:\/\/www.sankorana.com\/\/wp-content\/uploads\/2017\/02\/cerovacke_spilje-150x150.jpg\" alt=\"\" width=\"150\" height=\"150\" srcset=\"https:\/\/sankorana.com\/wp-content\/uploads\/2017\/02\/cerovacke_spilje-150x150.jpg 150w, https:\/\/sankorana.com\/wp-content\/uploads\/2017\/02\/cerovacke_spilje-50x50.jpg 50w, https:\/\/sankorana.com\/wp-content\/uploads\/2017\/02\/cerovacke_spilje-49x49.jpg 49w, https:\/\/sankorana.com\/wp-content\/uploads\/2017\/02\/cerovacke_spilje-184x184.jpg 184w\" sizes=\"auto, (max-width: 150px) 100vw, 150px\" \/><\/a><\/td>\n<\/tr>\n<tr>\n<td style=\"width: 50%; text-align: center; vertical-align: top;\">CENTRE D&rsquo;AVENTURE ET D&rsquo;EXCURSION RIZVAN<\/p>\n<p><a href=\"http:\/\/www.rizvancity.com\"><img loading=\"lazy\" decoding=\"async\" class=\"aligncenter size-thumbnail wp-image-169\" src=\"http:\/\/www.sankorana.com\/\/wp-content\/uploads\/2017\/02\/rizvan_city-150x150.jpg\" alt=\"\" width=\"150\" height=\"150\" srcset=\"https:\/\/sankorana.com\/wp-content\/uploads\/2017\/02\/rizvan_city-150x150.jpg 150w, https:\/\/sankorana.com\/wp-content\/uploads\/2017\/02\/rizvan_city-50x50.jpg 50w, https:\/\/sankorana.com\/wp-content\/uploads\/2017\/02\/rizvan_city-49x49.jpg 49w\" sizes=\"auto, (max-width: 150px) 100vw, 150px\" \/><\/a><\/td>\n<td style=\"width: 50%; text-align: center; vertical-align: top;\">KUTEREVO &#8211; LE REFUGE DES PETITS OURS<\/p>\n<p><a href=\"http:\/\/ www.tz-otocac.hr\"><img loading=\"lazy\" decoding=\"async\" class=\"aligncenter size-thumbnail wp-image-170\" src=\"http:\/\/www.sankorana.com\/\/wp-content\/uploads\/2017\/02\/kuterevo-150x150.jpg\" alt=\"\" width=\"150\" height=\"150\" srcset=\"https:\/\/sankorana.com\/wp-content\/uploads\/2017\/02\/kuterevo-150x150.jpg 150w, https:\/\/sankorana.com\/wp-content\/uploads\/2017\/02\/kuterevo-50x50.jpg 50w, https:\/\/sankorana.com\/wp-content\/uploads\/2017\/02\/kuterevo-49x49.jpg 49w, https:\/\/sankorana.com\/wp-content\/uploads\/2017\/02\/kuterevo-184x184.jpg 184w\" sizes=\"auto, (max-width: 150px) 100vw, 150px\" \/><\/a><\/td>\n<\/tr>\n<tr>\n<td style=\"width: 50%; text-align: center; vertical-align: top;\">ADRIAAPARTMENTS.COM<\/p>\n<p><a href=\"http:\/\/www.adriaapartments.de\"><img loading=\"lazy\" decoding=\"async\" class=\"aligncenter size-thumbnail wp-image-171\" src=\"http:\/\/www.sankorana.com\/\/wp-content\/uploads\/2017\/02\/adriaapartments-150x150.jpg\" alt=\"\" width=\"150\" height=\"150\" srcset=\"https:\/\/sankorana.com\/wp-content\/uploads\/2017\/02\/adriaapartments-150x150.jpg 150w, https:\/\/sankorana.com\/wp-content\/uploads\/2017\/02\/adriaapartments-50x50.jpg 50w, https:\/\/sankorana.com\/wp-content\/uploads\/2017\/02\/adriaapartments-49x49.jpg 49w, https:\/\/sankorana.com\/wp-content\/uploads\/2017\/02\/adriaapartments-184x184.jpg 184w\" sizes=\"auto, (max-width: 150px) 100vw, 150px\" \/><\/a><\/td>\n<td style=\"width: 50%; text-align: center; vertical-align: top;\"><\/td>\n<\/tr>\n<\/tbody>\n<\/table>\n","protected":false},"excerpt":{"rendered":"<p>\u00c0 c\u00f4t\u00e9 de la visite du parc national lui-m\u00eame, vous pouvez \u00e9galement d\u00e9couvrir des destinations int\u00e9ressantes \u00e0 proximit\u00e9 de l&rsquo;endroit o\u00f9 vous s\u00e9journerez. Une excursion dans les montagnes vous apportera le plaisir de respirer l&rsquo;air frais et d&rsquo;admirer de magnifiques vues. Vous pouvez essayer le rafting sur les cascades sauvages, p\u00eacher dans certaines des rivi\u00e8res [&hellip;]<\/p>\n","protected":false},"author":1,"featured_media":0,"parent":0,"menu_order":0,"comment_status":"closed","ping_status":"closed","template":"","meta":{"footnotes":""},"class_list":["post-14","page","type-page","status-publish","hentry"],"yoast_head":"<!-- This site is optimized with the Yoast SEO plugin v25.3 - https:\/\/yoast.com\/wordpress\/plugins\/seo\/ -->\n<title>VACANCES - Private accommodation SAN KORANA - Ivica Luketic, Plitvice Lakes Croatia<\/title>\n<meta name=\"robots\" content=\"index, follow, max-snippet:-1, max-image-preview:large, max-video-preview:-1\" \/>\n<link rel=\"canonical\" href=\"https:\/\/sankorana.com\/fr\/urlaub\/\" \/>\n<meta property=\"og:locale\" content=\"fr_FR\" \/>\n<meta property=\"og:locale:alternate\" content=\"en_US\" \/>\n<meta property=\"og:locale:alternate\" content=\"de_DE\" \/>\n<meta property=\"og:locale:alternate\" content=\"it_IT\" \/>\n<meta property=\"og:type\" content=\"article\" \/>\n<meta property=\"og:title\" content=\"VACANCES\" \/>\n<meta property=\"og:description\" content=\"\u00c0 c\u00f4t\u00e9 de la visite du parc national lui-m\u00eame, vous pouvez \u00e9galement d\u00e9couvrir des destinations int\u00e9ressantes \u00e0 proximit\u00e9 de l&rsquo;endroit o\u00f9 vous s\u00e9journerez. Une excursion dans les montagnes vous apportera le plaisir de respirer l&rsquo;air frais et d&rsquo;admirer de magnifiques vues. Vous pouvez essayer le rafting sur les cascades sauvages, p\u00eacher dans certaines des rivi\u00e8res [&hellip;]\" \/>\n<meta property=\"og:url\" content=\"https:\/\/sankorana.com\/fr\/urlaub\/\" \/>\n<meta property=\"og:site_name\" content=\"Private accommodation SAN KORANA - Ivica Luketic, Plitvice Lakes Croatia\" \/>\n<meta property=\"article:modified_time\" content=\"2025-06-13T20:51:02+00:00\" \/>\n<meta property=\"og:image\" content=\"https:\/\/sankorana.com\/wp-content\/uploads\/2017\/02\/tzplitvice.jpg\" \/>\n\t<meta property=\"og:image:width\" content=\"250\" \/>\n\t<meta property=\"og:image:height\" content=\"188\" \/>\n\t<meta property=\"og:image:type\" content=\"image\/jpeg\" \/>\n<meta name=\"twitter:card\" content=\"summary_large_image\" \/>\n<meta name=\"twitter:label1\" content=\"Dur\u00e9e de lecture estim\u00e9e\" \/>\n\t<meta name=\"twitter:data1\" content=\"4 minutes\" \/>\n<script type=\"application\/ld+json\" class=\"yoast-schema-graph\">{\"@context\":\"https:\/\/schema.org\",\"@graph\":[{\"@type\":\"WebPage\",\"@id\":\"https:\/\/sankorana.com\/fr\/urlaub\/\",\"url\":\"https:\/\/sankorana.com\/fr\/urlaub\/\",\"name\":\"VACANCES\",\"isPartOf\":{\"@id\":\"https:\/\/sankorana.com\/#website\"},\"primaryImageOfPage\":{\"@id\":\"https:\/\/sankorana.com\/fr\/urlaub\/#primaryimage\"},\"image\":{\"@id\":\"https:\/\/sankorana.com\/fr\/urlaub\/#primaryimage\"},\"thumbnailUrl\":\"http:\/\/www.sankorana.com\/\/wp-content\/uploads\/2017\/02\/tzplitvice-150x150.jpg\",\"datePublished\":\"2017-02-27T11:17:11+00:00\",\"dateModified\":\"2025-06-13T20:51:02+00:00\",\"breadcrumb\":{\"@id\":\"https:\/\/sankorana.com\/fr\/urlaub\/#breadcrumb\"},\"inLanguage\":\"fr\",\"potentialAction\":[{\"@type\":\"ReadAction\",\"target\":[\"https:\/\/sankorana.com\/fr\/urlaub\/\"]}]},{\"@type\":\"ImageObject\",\"inLanguage\":\"fr\",\"@id\":\"https:\/\/sankorana.com\/fr\/urlaub\/#primaryimage\",\"url\":\"http:\/\/www.sankorana.com\/\/wp-content\/uploads\/2017\/02\/tzplitvice-150x150.jpg\",\"contentUrl\":\"http:\/\/www.sankorana.com\/\/wp-content\/uploads\/2017\/02\/tzplitvice-150x150.jpg\"},{\"@type\":\"BreadcrumbList\",\"@id\":\"https:\/\/sankorana.com\/fr\/urlaub\/#breadcrumb\",\"itemListElement\":[{\"@type\":\"ListItem\",\"position\":1,\"name\":\"Home\",\"item\":\"https:\/\/sankorana.com\/\"},{\"@type\":\"ListItem\",\"position\":2,\"name\":\"VACANCES\"}]},{\"@type\":\"WebSite\",\"@id\":\"https:\/\/sankorana.com\/#website\",\"url\":\"https:\/\/sankorana.com\/\",\"name\":\"Private accommodation SAN KORANA - Ivica Luketic, Plitvice Lakes Croatia\",\"description\":\"Find a room close to Plitvice Lakes, Croatia - Private accommodation San Korana - TripAdvisor 5.0 Excellent score\",\"publisher\":{\"@id\":\"https:\/\/sankorana.com\/#organization\"},\"potentialAction\":[{\"@type\":\"SearchAction\",\"target\":{\"@type\":\"EntryPoint\",\"urlTemplate\":\"https:\/\/sankorana.com\/?s={search_term_string}\"},\"query-input\":{\"@type\":\"PropertyValueSpecification\",\"valueRequired\":true,\"valueName\":\"search_term_string\"}}],\"inLanguage\":\"fr\"},{\"@type\":\"Organization\",\"@id\":\"https:\/\/sankorana.com\/#organization\",\"name\":\"San korana\",\"url\":\"https:\/\/sankorana.com\/\",\"logo\":{\"@type\":\"ImageObject\",\"inLanguage\":\"fr\",\"@id\":\"https:\/\/sankorana.com\/#\/schema\/logo\/image\/\",\"url\":\"https:\/\/sankorana.com\/wp-content\/uploads\/2017\/02\/San-korana-logo.png\",\"contentUrl\":\"https:\/\/sankorana.com\/wp-content\/uploads\/2017\/02\/San-korana-logo.png\",\"width\":120,\"height\":120,\"caption\":\"San korana\"},\"image\":{\"@id\":\"https:\/\/sankorana.com\/#\/schema\/logo\/image\/\"}}]}<\/script>\n<!-- \/ Yoast SEO plugin. -->","yoast_head_json":{"title":"VACANCES - Private accommodation SAN KORANA - Ivica Luketic, Plitvice Lakes Croatia","robots":{"index":"index","follow":"follow","max-snippet":"max-snippet:-1","max-image-preview":"max-image-preview:large","max-video-preview":"max-video-preview:-1"},"canonical":"https:\/\/sankorana.com\/fr\/urlaub\/","og_locale":"fr_FR","og_type":"article","og_title":"[:en]VACATION[:de]URLAUB[:it]Vacanza[:fr]VACANCES[:] - Private accommodation SAN KORANA - Ivica Luketic, Plitvice Lakes Croatia","og_description":"\u00c0 c\u00f4t\u00e9 de la visite du parc national lui-m\u00eame, vous pouvez \u00e9galement d\u00e9couvrir des destinations int\u00e9ressantes \u00e0 proximit\u00e9 de l&rsquo;endroit o\u00f9 vous s\u00e9journerez. Une excursion dans les montagnes vous apportera le plaisir de respirer l&rsquo;air frais et d&rsquo;admirer de magnifiques vues. Vous pouvez essayer le rafting sur les cascades sauvages, p\u00eacher dans certaines des rivi\u00e8res [&hellip;]","og_url":"https:\/\/sankorana.com\/fr\/urlaub\/","og_site_name":"Private accommodation SAN KORANA - Ivica Luketic, Plitvice Lakes Croatia","article_modified_time":"2025-06-13T20:51:02+00:00","og_image":[{"width":250,"height":188,"url":"https:\/\/sankorana.com\/wp-content\/uploads\/2017\/02\/tzplitvice.jpg","type":"image\/jpeg"}],"twitter_card":"summary_large_image","twitter_misc":{"Dur\u00e9e de lecture estim\u00e9e":"4 minutes"},"schema":{"@context":"https:\/\/schema.org","@graph":[{"@type":"WebPage","@id":"https:\/\/sankorana.com\/fr\/urlaub\/","url":"https:\/\/sankorana.com\/fr\/urlaub\/","name":"VACANCES","isPartOf":{"@id":"https:\/\/sankorana.com\/#website"},"primaryImageOfPage":{"@id":"https:\/\/sankorana.com\/fr\/urlaub\/#primaryimage"},"image":{"@id":"https:\/\/sankorana.com\/fr\/urlaub\/#primaryimage"},"thumbnailUrl":"http:\/\/www.sankorana.com\/\/wp-content\/uploads\/2017\/02\/tzplitvice-150x150.jpg","datePublished":"2017-02-27T11:17:11+00:00","dateModified":"2025-06-13T20:51:02+00:00","breadcrumb":{"@id":"https:\/\/sankorana.com\/fr\/urlaub\/#breadcrumb"},"inLanguage":"fr","potentialAction":[{"@type":"ReadAction","target":["https:\/\/sankorana.com\/fr\/urlaub\/"]}]},{"@type":"ImageObject","inLanguage":"fr","@id":"https:\/\/sankorana.com\/fr\/urlaub\/#primaryimage","url":"http:\/\/www.sankorana.com\/\/wp-content\/uploads\/2017\/02\/tzplitvice-150x150.jpg","contentUrl":"http:\/\/www.sankorana.com\/\/wp-content\/uploads\/2017\/02\/tzplitvice-150x150.jpg"},{"@type":"BreadcrumbList","@id":"https:\/\/sankorana.com\/fr\/urlaub\/#breadcrumb","itemListElement":[{"@type":"ListItem","position":1,"name":"Home","item":"https:\/\/sankorana.com\/"},{"@type":"ListItem","position":2,"name":"VACANCES"}]},{"@type":"WebSite","@id":"https:\/\/sankorana.com\/#website","url":"https:\/\/sankorana.com\/","name":"Private accommodation SAN KORANA - Ivica Luketic, Plitvice Lakes Croatia","description":"Find a room close to Plitvice Lakes, Croatia - Private accommodation San Korana - TripAdvisor 5.0 Excellent score","publisher":{"@id":"https:\/\/sankorana.com\/#organization"},"potentialAction":[{"@type":"SearchAction","target":{"@type":"EntryPoint","urlTemplate":"https:\/\/sankorana.com\/?s={search_term_string}"},"query-input":{"@type":"PropertyValueSpecification","valueRequired":true,"valueName":"search_term_string"}}],"inLanguage":"fr"},{"@type":"Organization","@id":"https:\/\/sankorana.com\/#organization","name":"San korana","url":"https:\/\/sankorana.com\/","logo":{"@type":"ImageObject","inLanguage":"fr","@id":"https:\/\/sankorana.com\/#\/schema\/logo\/image\/","url":"https:\/\/sankorana.com\/wp-content\/uploads\/2017\/02\/San-korana-logo.png","contentUrl":"https:\/\/sankorana.com\/wp-content\/uploads\/2017\/02\/San-korana-logo.png","width":120,"height":120,"caption":"San korana"},"image":{"@id":"https:\/\/sankorana.com\/#\/schema\/logo\/image\/"}}]}},"_links":{"self":[{"href":"https:\/\/sankorana.com\/fr\/wp-json\/wp\/v2\/pages\/14","targetHints":{"allow":["GET"]}}],"collection":[{"href":"https:\/\/sankorana.com\/fr\/wp-json\/wp\/v2\/pages"}],"about":[{"href":"https:\/\/sankorana.com\/fr\/wp-json\/wp\/v2\/types\/page"}],"author":[{"embeddable":true,"href":"https:\/\/sankorana.com\/fr\/wp-json\/wp\/v2\/users\/1"}],"replies":[{"embeddable":true,"href":"https:\/\/sankorana.com\/fr\/wp-json\/wp\/v2\/comments?post=14"}],"version-history":[{"count":26,"href":"https:\/\/sankorana.com\/fr\/wp-json\/wp\/v2\/pages\/14\/revisions"}],"predecessor-version":[{"id":859,"href":"https:\/\/sankorana.com\/fr\/wp-json\/wp\/v2\/pages\/14\/revisions\/859"}],"wp:attachment":[{"href":"https:\/\/sankorana.com\/fr\/wp-json\/wp\/v2\/media?parent=14"}],"curies":[{"name":"wp","href":"https:\/\/api.w.org\/{rel}","templated":true}]}}