{"id":12,"date":"2017-02-27T11:16:54","date_gmt":"2017-02-27T11:16:54","guid":{"rendered":"http:\/\/estart.com.hr\/sankorana\/?page_id=12"},"modified":"2026-04-22T16:22:47","modified_gmt":"2026-04-22T16:22:47","slug":"prices","status":"publish","type":"page","link":"https:\/\/sankorana.com\/fr\/prices\/","title":{"rendered":"LES PRIX"},"content":{"rendered":"<p>La maison dispose de quatre chambres doubles. Deux chambres ont leur propre salle de bain priv\u00e9e. Il y a aussi deux chambres doubles qui partagent une grande salle de bain (non partag\u00e9e avec d&rsquo;autres invit\u00e9s, uniquement partag\u00e9e au sein d&rsquo;une r\u00e9servation \/ entre la m\u00eame famille \/ amis), une cuisine enti\u00e8rement \u00e9quip\u00e9e avec r\u00e9frig\u00e9rateur, micro-ondes, vaisselle, salon et une terrasse surplombant la rivi\u00e8re et les cascades.<\/p>\n<p>Les prix par personne et par nuit sont :<\/p>\n<p>\u2022 Adultes : 36,00 \u20ac<br \/>\n\u2022 Enfants de 7 \u00e0 18 ans : 18,00 \u20ac<br \/>\n\u2022 Enfants de 0 \u00e0 7 ans : 0,00 \u20ac<br \/>\n\u2022 Chambre simple : 46,00 \u20ac<br \/>\n\u2022 Taxe de s\u00e9jour incluse dans tous les prix.<\/p>\n<hr \/>\n\r\n\t\t<style type='text\/css'>\r\n\t\t\t#gallery-1 {\r\n\t\t\t\tmargin: auto;\r\n\t\t\t}\r\n\t\t\t#gallery-1 .gallery-item {\r\n\t\t\t\tfloat: left;\r\n\t\t\t\tmargin-top: 10px;\r\n\t\t\t\ttext-align: center;\r\n\t\t\t\twidth: 33%;\r\n\t\t\t}\r\n\t\t\t#gallery-1 img {\r\n\t\t\t\tborder: 2px solid #cfcfcf;\r\n\t\t\t}\r\n\t\t\t#gallery-1 .gallery-caption {\r\n\t\t\t\tmargin-left: 0;\r\n\t\t\t}\r\n\t\t\t\/* see gallery_shortcode() in wp-includes\/media.php *\/\r\n\t\t<\/style>\n\t\t<div id='gallery-1' class='gallery galleryid-12 gallery-columns-3 gallery-size-thumbnail'><dl class='gallery-item'>\r\n\t\t\t<dt class='gallery-icon landscape'>\r\n\t\t\t\t<a href='https:\/\/sankorana.com\/wp-content\/uploads\/2022\/06\/IMG-20220610-WA0012.jpg'><img loading=\"lazy\" decoding=\"async\" width=\"150\" height=\"150\" src=\"https:\/\/sankorana.com\/wp-content\/uploads\/2022\/06\/IMG-20220610-WA0012-150x150.jpg\" class=\"attachment-thumbnail size-thumbnail\" alt=\"\" srcset=\"https:\/\/sankorana.com\/wp-content\/uploads\/2022\/06\/IMG-20220610-WA0012-150x150.jpg 150w, https:\/\/sankorana.com\/wp-content\/uploads\/2022\/06\/IMG-20220610-WA0012-50x50.jpg 50w, https:\/\/sankorana.com\/wp-content\/uploads\/2022\/06\/IMG-20220610-WA0012-49x49.jpg 49w, https:\/\/sankorana.com\/wp-content\/uploads\/2022\/06\/IMG-20220610-WA0012-184x184.jpg 184w\" sizes=\"auto, (max-width: 150px) 100vw, 150px\" \/><\/a>\r\n\t\t\t<\/dt><\/dl><dl class='gallery-item'>\r\n\t\t\t<dt class='gallery-icon portrait'>\r\n\t\t\t\t<a href='https:\/\/sankorana.com\/wp-content\/uploads\/2022\/06\/IMG-20220610-WA0011.jpg'><img loading=\"lazy\" decoding=\"async\" width=\"150\" height=\"150\" src=\"https:\/\/sankorana.com\/wp-content\/uploads\/2022\/06\/IMG-20220610-WA0011-150x150.jpg\" class=\"attachment-thumbnail size-thumbnail\" alt=\"\" srcset=\"https:\/\/sankorana.com\/wp-content\/uploads\/2022\/06\/IMG-20220610-WA0011-150x150.jpg 150w, https:\/\/sankorana.com\/wp-content\/uploads\/2022\/06\/IMG-20220610-WA0011-50x50.jpg 50w, https:\/\/sankorana.com\/wp-content\/uploads\/2022\/06\/IMG-20220610-WA0011-49x49.jpg 49w, https:\/\/sankorana.com\/wp-content\/uploads\/2022\/06\/IMG-20220610-WA0011-184x184.jpg 184w\" sizes=\"auto, (max-width: 150px) 100vw, 150px\" \/><\/a>\r\n\t\t\t<\/dt><\/dl><dl class='gallery-item'>\r\n\t\t\t<dt class='gallery-icon portrait'>\r\n\t\t\t\t<a href='https:\/\/sankorana.com\/wp-content\/uploads\/2022\/06\/IMG-20220610-WA0007.jpg'><img loading=\"lazy\" decoding=\"async\" width=\"150\" height=\"150\" src=\"https:\/\/sankorana.com\/wp-content\/uploads\/2022\/06\/IMG-20220610-WA0007-150x150.jpg\" class=\"attachment-thumbnail size-thumbnail\" alt=\"\" srcset=\"https:\/\/sankorana.com\/wp-content\/uploads\/2022\/06\/IMG-20220610-WA0007-150x150.jpg 150w, https:\/\/sankorana.com\/wp-content\/uploads\/2022\/06\/IMG-20220610-WA0007-50x50.jpg 50w, https:\/\/sankorana.com\/wp-content\/uploads\/2022\/06\/IMG-20220610-WA0007-49x49.jpg 49w, https:\/\/sankorana.com\/wp-content\/uploads\/2022\/06\/IMG-20220610-WA0007-184x184.jpg 184w\" sizes=\"auto, (max-width: 150px) 100vw, 150px\" \/><\/a>\r\n\t\t\t<\/dt><\/dl><br style=\"clear: both\" \/><dl class='gallery-item'>\r\n\t\t\t<dt class='gallery-icon landscape'>\r\n\t\t\t\t<a href='https:\/\/sankorana.com\/wp-content\/uploads\/2022\/06\/IMG-20220610-WA0006.jpg'><img loading=\"lazy\" decoding=\"async\" width=\"150\" height=\"150\" src=\"https:\/\/sankorana.com\/wp-content\/uploads\/2022\/06\/IMG-20220610-WA0006-150x150.jpg\" class=\"attachment-thumbnail size-thumbnail\" alt=\"\" srcset=\"https:\/\/sankorana.com\/wp-content\/uploads\/2022\/06\/IMG-20220610-WA0006-150x150.jpg 150w, https:\/\/sankorana.com\/wp-content\/uploads\/2022\/06\/IMG-20220610-WA0006-50x50.jpg 50w, https:\/\/sankorana.com\/wp-content\/uploads\/2022\/06\/IMG-20220610-WA0006-49x49.jpg 49w, https:\/\/sankorana.com\/wp-content\/uploads\/2022\/06\/IMG-20220610-WA0006-184x184.jpg 184w\" sizes=\"auto, (max-width: 150px) 100vw, 150px\" \/><\/a>\r\n\t\t\t<\/dt><\/dl><dl class='gallery-item'>\r\n\t\t\t<dt class='gallery-icon landscape'>\r\n\t\t\t\t<a href='https:\/\/sankorana.com\/wp-content\/uploads\/2022\/06\/IMG-20220610-WA0005.jpg'><img loading=\"lazy\" decoding=\"async\" width=\"150\" height=\"150\" src=\"https:\/\/sankorana.com\/wp-content\/uploads\/2022\/06\/IMG-20220610-WA0005-150x150.jpg\" class=\"attachment-thumbnail size-thumbnail\" alt=\"\" srcset=\"https:\/\/sankorana.com\/wp-content\/uploads\/2022\/06\/IMG-20220610-WA0005-150x150.jpg 150w, https:\/\/sankorana.com\/wp-content\/uploads\/2022\/06\/IMG-20220610-WA0005-50x50.jpg 50w, https:\/\/sankorana.com\/wp-content\/uploads\/2022\/06\/IMG-20220610-WA0005-49x49.jpg 49w, https:\/\/sankorana.com\/wp-content\/uploads\/2022\/06\/IMG-20220610-WA0005-184x184.jpg 184w\" sizes=\"auto, (max-width: 150px) 100vw, 150px\" \/><\/a>\r\n\t\t\t<\/dt><\/dl><dl class='gallery-item'>\r\n\t\t\t<dt class='gallery-icon landscape'>\r\n\t\t\t\t<a href='https:\/\/sankorana.com\/wp-content\/uploads\/2022\/06\/IMG-20220610-WA0009.jpg'><img loading=\"lazy\" decoding=\"async\" width=\"150\" height=\"150\" src=\"https:\/\/sankorana.com\/wp-content\/uploads\/2022\/06\/IMG-20220610-WA0009-150x150.jpg\" class=\"attachment-thumbnail size-thumbnail\" alt=\"\" srcset=\"https:\/\/sankorana.com\/wp-content\/uploads\/2022\/06\/IMG-20220610-WA0009-150x150.jpg 150w, https:\/\/sankorana.com\/wp-content\/uploads\/2022\/06\/IMG-20220610-WA0009-50x50.jpg 50w, https:\/\/sankorana.com\/wp-content\/uploads\/2022\/06\/IMG-20220610-WA0009-49x49.jpg 49w, https:\/\/sankorana.com\/wp-content\/uploads\/2022\/06\/IMG-20220610-WA0009-184x184.jpg 184w\" sizes=\"auto, (max-width: 150px) 100vw, 150px\" \/><\/a>\r\n\t\t\t<\/dt><\/dl><br style=\"clear: both\" \/><\/div>\n\n<p>&nbsp;<\/p>\n<p>Si un petit enfant dort avec ses parents ou un fr\u00e8re\/s\u0153ur dans le m\u00eame lit, la nuit\u00e9e est gratuite. Un lit b\u00e9b\u00e9 est disponible gratuitement.<\/p>\n<p>Toutes les salles de bains sont \u00e9quip\u00e9es de s\u00e8che-cheveux, serviettes et articles de toilette.<\/p>\n<p>Il est interdit de fumer dans toutes nos chambres.<\/p>\n<p>Il est interdit d&rsquo;introduire des animaux dans la maison \u2013 merci de votre compr\u00e9hension.<\/p>\n<p>Chaque chambre a une vue sur la claire rivi\u00e8re Korana et les magnifiques chutes d&rsquo;eau qui ne sont qu&rsquo;\u00e0 quelques m\u00e8tres de la maison, et vous d\u00e9tendront avec leur son incroyable.<\/p>\n<p>Sur ce lien, vous pouvez voir une panorama a\u00e9rienne \u00e0 360\u00b0 de notre village Korana, r\u00e9alis\u00e9e par notre cher invit\u00e9 Tyler.<\/p>\n<p>Enfin, nos services gratuits: parking, boisson de bienvenue, lit b\u00e9b\u00e9, WiFi.<br \/>\nSi notre offre vous pla\u00eet, merci de nous le faire savoir, afin que nous puissions faire une r\u00e9servation.<\/p>\n<p>De plus, si vous avez d&rsquo;autres questions, n&rsquo;h\u00e9sitez pas \u00e0 nous contacter \u00e0 sankorana@gmail.com.<\/p>\n<p>Concernant les paiements, nous n&rsquo;avons pas de syst\u00e8me pour facturer les cartes de cr\u00e9dit, donc le paiement se fait en esp\u00e8ces au d\u00e9part. Il y a de nombreux distributeurs automatiques \u00e0 proximit\u00e9, et vous pouvez retirer votre argent \u00e0 tout moment de la journ\u00e9e.<\/p>\n<p>Ne vous inqui\u00e9tez pas non plus pour l&rsquo;heure de votre arriv\u00e9e, le plus important est que vous arriviez en toute s\u00e9curit\u00e9, sans probl\u00e8mes de circulation. Nous sommes \u00e0 la maison et nous vous accueillerons quelle que soit l&rsquo;heure de votre arriv\u00e9e.<\/p>\n<p>Bien s\u00fbr, lors de la boisson de bienvenue, je vous donnerai des instructions d\u00e9taill\u00e9es sur la fa\u00e7on de combiner certains programmes de visites, afin que vous puissiez pleinement profiter de la beaut\u00e9 offerte par le parc national des lacs de Plitvice. Votre seul travail est de vous d\u00e9tendre et de ne vous soucier de rien. Nous avons h\u00e2te de vous rencontrer et nous vous souhaitons un agr\u00e9able voyage et un excellent s\u00e9jour dans notre pays.<\/p>\n<hr \/>\n\r\n\t\t<style type='text\/css'>\r\n\t\t\t#gallery-2 {\r\n\t\t\t\tmargin: auto;\r\n\t\t\t}\r\n\t\t\t#gallery-2 .gallery-item {\r\n\t\t\t\tfloat: left;\r\n\t\t\t\tmargin-top: 10px;\r\n\t\t\t\ttext-align: center;\r\n\t\t\t\twidth: 33%;\r\n\t\t\t}\r\n\t\t\t#gallery-2 img {\r\n\t\t\t\tborder: 2px solid #cfcfcf;\r\n\t\t\t}\r\n\t\t\t#gallery-2 .gallery-caption {\r\n\t\t\t\tmargin-left: 0;\r\n\t\t\t}\r\n\t\t\t\/* see gallery_shortcode() in wp-includes\/media.php *\/\r\n\t\t<\/style>\n\t\t<div id='gallery-2' class='gallery galleryid-12 gallery-columns-3 gallery-size-thumbnail'><dl class='gallery-item'>\r\n\t\t\t<dt class='gallery-icon landscape'>\r\n\t\t\t\t<a href='https:\/\/sankorana.com\/wp-content\/uploads\/2017\/02\/san-korana-1.jpg'><img loading=\"lazy\" decoding=\"async\" width=\"150\" height=\"150\" src=\"https:\/\/sankorana.com\/wp-content\/uploads\/2017\/02\/san-korana-1-150x150.jpg\" class=\"attachment-thumbnail size-thumbnail\" alt=\"\" srcset=\"https:\/\/sankorana.com\/wp-content\/uploads\/2017\/02\/san-korana-1-150x150.jpg 150w, https:\/\/sankorana.com\/wp-content\/uploads\/2017\/02\/san-korana-1-50x50.jpg 50w, https:\/\/sankorana.com\/wp-content\/uploads\/2017\/02\/san-korana-1-49x49.jpg 49w, https:\/\/sankorana.com\/wp-content\/uploads\/2017\/02\/san-korana-1-184x184.jpg 184w\" sizes=\"auto, (max-width: 150px) 100vw, 150px\" \/><\/a>\r\n\t\t\t<\/dt><\/dl><dl class='gallery-item'>\r\n\t\t\t<dt class='gallery-icon landscape'>\r\n\t\t\t\t<a href='https:\/\/sankorana.com\/wp-content\/uploads\/2017\/02\/1.-Balcony-view.jpg'><img loading=\"lazy\" decoding=\"async\" width=\"150\" height=\"150\" src=\"https:\/\/sankorana.com\/wp-content\/uploads\/2017\/02\/1.-Balcony-view-150x150.jpg\" class=\"attachment-thumbnail size-thumbnail\" alt=\"\" srcset=\"https:\/\/sankorana.com\/wp-content\/uploads\/2017\/02\/1.-Balcony-view-150x150.jpg 150w, https:\/\/sankorana.com\/wp-content\/uploads\/2017\/02\/1.-Balcony-view-50x50.jpg 50w, https:\/\/sankorana.com\/wp-content\/uploads\/2017\/02\/1.-Balcony-view-49x49.jpg 49w, https:\/\/sankorana.com\/wp-content\/uploads\/2017\/02\/1.-Balcony-view-184x184.jpg 184w\" sizes=\"auto, (max-width: 150px) 100vw, 150px\" \/><\/a>\r\n\t\t\t<\/dt><\/dl><dl class='gallery-item'>\r\n\t\t\t<dt class='gallery-icon landscape'>\r\n\t\t\t\t<a href='https:\/\/sankorana.com\/wp-content\/uploads\/2017\/02\/slap.jpg'><img loading=\"lazy\" decoding=\"async\" width=\"150\" height=\"150\" src=\"https:\/\/sankorana.com\/wp-content\/uploads\/2017\/02\/slap-150x150.jpg\" class=\"attachment-thumbnail size-thumbnail\" alt=\"\" srcset=\"https:\/\/sankorana.com\/wp-content\/uploads\/2017\/02\/slap-150x150.jpg 150w, https:\/\/sankorana.com\/wp-content\/uploads\/2017\/02\/slap-50x50.jpg 50w, https:\/\/sankorana.com\/wp-content\/uploads\/2017\/02\/slap-49x49.jpg 49w, https:\/\/sankorana.com\/wp-content\/uploads\/2017\/02\/slap-184x184.jpg 184w\" sizes=\"auto, (max-width: 150px) 100vw, 150px\" \/><\/a>\r\n\t\t\t<\/dt><\/dl><br style=\"clear: both\" \/><dl class='gallery-item'>\r\n\t\t\t<dt class='gallery-icon portrait'>\r\n\t\t\t\t<a href='https:\/\/sankorana.com\/wp-content\/uploads\/2022\/06\/IMG-20220610-WA0014-1.jpg'><img loading=\"lazy\" decoding=\"async\" width=\"150\" height=\"150\" src=\"https:\/\/sankorana.com\/wp-content\/uploads\/2022\/06\/IMG-20220610-WA0014-1-150x150.jpg\" class=\"attachment-thumbnail size-thumbnail\" alt=\"\" srcset=\"https:\/\/sankorana.com\/wp-content\/uploads\/2022\/06\/IMG-20220610-WA0014-1-150x150.jpg 150w, https:\/\/sankorana.com\/wp-content\/uploads\/2022\/06\/IMG-20220610-WA0014-1-50x50.jpg 50w, https:\/\/sankorana.com\/wp-content\/uploads\/2022\/06\/IMG-20220610-WA0014-1-49x49.jpg 49w, https:\/\/sankorana.com\/wp-content\/uploads\/2022\/06\/IMG-20220610-WA0014-1-184x184.jpg 184w\" sizes=\"auto, (max-width: 150px) 100vw, 150px\" \/><\/a>\r\n\t\t\t<\/dt><\/dl><dl class='gallery-item'>\r\n\t\t\t<dt class='gallery-icon portrait'>\r\n\t\t\t\t<a href='https:\/\/sankorana.com\/wp-content\/uploads\/2022\/06\/IMG-20220610-WA0003.jpg'><img loading=\"lazy\" decoding=\"async\" width=\"150\" height=\"150\" src=\"https:\/\/sankorana.com\/wp-content\/uploads\/2022\/06\/IMG-20220610-WA0003-150x150.jpg\" class=\"attachment-thumbnail size-thumbnail\" alt=\"\" srcset=\"https:\/\/sankorana.com\/wp-content\/uploads\/2022\/06\/IMG-20220610-WA0003-150x150.jpg 150w, https:\/\/sankorana.com\/wp-content\/uploads\/2022\/06\/IMG-20220610-WA0003-50x50.jpg 50w, https:\/\/sankorana.com\/wp-content\/uploads\/2022\/06\/IMG-20220610-WA0003-49x49.jpg 49w, https:\/\/sankorana.com\/wp-content\/uploads\/2022\/06\/IMG-20220610-WA0003-184x184.jpg 184w\" sizes=\"auto, (max-width: 150px) 100vw, 150px\" \/><\/a>\r\n\t\t\t<\/dt><\/dl><dl class='gallery-item'>\r\n\t\t\t<dt class='gallery-icon portrait'>\r\n\t\t\t\t<a href='https:\/\/sankorana.com\/wp-content\/uploads\/2021\/07\/IMG-37f64a45951226df4bda89fb92af464c-V.jpg'><img loading=\"lazy\" decoding=\"async\" width=\"150\" height=\"150\" src=\"https:\/\/sankorana.com\/wp-content\/uploads\/2021\/07\/IMG-37f64a45951226df4bda89fb92af464c-V-150x150.jpg\" class=\"attachment-thumbnail size-thumbnail\" alt=\"\" srcset=\"https:\/\/sankorana.com\/wp-content\/uploads\/2021\/07\/IMG-37f64a45951226df4bda89fb92af464c-V-150x150.jpg 150w, https:\/\/sankorana.com\/wp-content\/uploads\/2021\/07\/IMG-37f64a45951226df4bda89fb92af464c-V-50x50.jpg 50w, https:\/\/sankorana.com\/wp-content\/uploads\/2021\/07\/IMG-37f64a45951226df4bda89fb92af464c-V-49x49.jpg 49w, https:\/\/sankorana.com\/wp-content\/uploads\/2021\/07\/IMG-37f64a45951226df4bda89fb92af464c-V-184x184.jpg 184w\" sizes=\"auto, (max-width: 150px) 100vw, 150px\" \/><\/a>\r\n\t\t\t<\/dt><\/dl><br style=\"clear: both\" \/><\/div>\n\n<p>&nbsp;<\/p>\n","protected":false},"excerpt":{"rendered":"<p>Prices are per person per night, tourist tax is included in all prices. Our free services: welcome drink, parking, baby cot, WiFi<\/p>\n","protected":false},"author":1,"featured_media":680,"parent":0,"menu_order":0,"comment_status":"closed","ping_status":"closed","template":"","meta":{"footnotes":""},"class_list":["post-12","page","type-page","status-publish","has-post-thumbnail","hentry"],"yoast_head":"<!-- This site is optimized with the Yoast SEO plugin v25.3 - https:\/\/yoast.com\/wordpress\/plugins\/seo\/ -->\n<title>LES PRIX - Private accommodation SAN KORANA - Ivica Luketic, Plitvice Lakes Croatia<\/title>\n<meta name=\"robots\" content=\"index, follow, max-snippet:-1, max-image-preview:large, max-video-preview:-1\" \/>\n<link rel=\"canonical\" href=\"https:\/\/sankorana.com\/fr\/prices\/\" \/>\n<meta property=\"og:locale\" content=\"fr_FR\" \/>\n<meta property=\"og:locale:alternate\" content=\"en_US\" \/>\n<meta property=\"og:locale:alternate\" content=\"de_DE\" \/>\n<meta property=\"og:locale:alternate\" content=\"it_IT\" \/>\n<meta property=\"og:type\" content=\"article\" \/>\n<meta property=\"og:title\" content=\"LES PRIX\" \/>\n<meta property=\"og:description\" content=\"Prices are per person per night, tourist tax is included in all prices. Our free services: welcome drink, parking, baby cot, WiFi\" \/>\n<meta property=\"og:url\" content=\"https:\/\/sankorana.com\/fr\/prices\/\" \/>\n<meta property=\"og:site_name\" content=\"Private accommodation SAN KORANA - Ivica Luketic, Plitvice Lakes Croatia\" \/>\n<meta property=\"article:modified_time\" content=\"2026-04-22T16:22:47+00:00\" \/>\n<meta property=\"og:image\" content=\"https:\/\/sankorana.com\/wp-content\/uploads\/2017\/02\/safe-stay-in-croatia-the-safe-vacation-in-croatia-162037461292.png\" \/>\n\t<meta property=\"og:image:width\" content=\"554\" \/>\n\t<meta property=\"og:image:height\" content=\"281\" \/>\n\t<meta property=\"og:image:type\" content=\"image\/png\" \/>\n<meta name=\"twitter:card\" content=\"summary_large_image\" \/>\n<meta name=\"twitter:label1\" content=\"Dur\u00e9e de lecture estim\u00e9e\" \/>\n\t<meta name=\"twitter:data1\" content=\"2 minutes\" \/>\n<script type=\"application\/ld+json\" class=\"yoast-schema-graph\">{\"@context\":\"https:\/\/schema.org\",\"@graph\":[{\"@type\":\"WebPage\",\"@id\":\"https:\/\/sankorana.com\/prices\/\",\"url\":\"https:\/\/sankorana.com\/prices\/\",\"name\":\"LES PRIX\",\"isPartOf\":{\"@id\":\"https:\/\/sankorana.com\/#website\"},\"primaryImageOfPage\":{\"@id\":\"https:\/\/sankorana.com\/prices\/#primaryimage\"},\"image\":{\"@id\":\"https:\/\/sankorana.com\/prices\/#primaryimage\"},\"thumbnailUrl\":\"https:\/\/sankorana.com\/wp-content\/uploads\/2017\/02\/safe-stay-in-croatia-the-safe-vacation-in-croatia-162037461292.png\",\"datePublished\":\"2017-02-27T11:16:54+00:00\",\"dateModified\":\"2026-04-22T16:22:47+00:00\",\"breadcrumb\":{\"@id\":\"https:\/\/sankorana.com\/prices\/#breadcrumb\"},\"inLanguage\":\"fr\",\"potentialAction\":[{\"@type\":\"ReadAction\",\"target\":[\"https:\/\/sankorana.com\/prices\/\"]}]},{\"@type\":\"ImageObject\",\"inLanguage\":\"fr\",\"@id\":\"https:\/\/sankorana.com\/prices\/#primaryimage\",\"url\":\"https:\/\/sankorana.com\/wp-content\/uploads\/2017\/02\/safe-stay-in-croatia-the-safe-vacation-in-croatia-162037461292.png\",\"contentUrl\":\"https:\/\/sankorana.com\/wp-content\/uploads\/2017\/02\/safe-stay-in-croatia-the-safe-vacation-in-croatia-162037461292.png\",\"width\":554,\"height\":281},{\"@type\":\"BreadcrumbList\",\"@id\":\"https:\/\/sankorana.com\/prices\/#breadcrumb\",\"itemListElement\":[{\"@type\":\"ListItem\",\"position\":1,\"name\":\"Home\",\"item\":\"https:\/\/sankorana.com\/\"},{\"@type\":\"ListItem\",\"position\":2,\"name\":\"PRICES\"}]},{\"@type\":\"WebSite\",\"@id\":\"https:\/\/sankorana.com\/#website\",\"url\":\"https:\/\/sankorana.com\/\",\"name\":\"Private accommodation SAN KORANA - Ivica Luketic, Plitvice Lakes Croatia\",\"description\":\"Find a room close to Plitvice Lakes, Croatia - Private accommodation San Korana - TripAdvisor 5.0 Excellent score\",\"publisher\":{\"@id\":\"https:\/\/sankorana.com\/#organization\"},\"potentialAction\":[{\"@type\":\"SearchAction\",\"target\":{\"@type\":\"EntryPoint\",\"urlTemplate\":\"https:\/\/sankorana.com\/?s={search_term_string}\"},\"query-input\":{\"@type\":\"PropertyValueSpecification\",\"valueRequired\":true,\"valueName\":\"search_term_string\"}}],\"inLanguage\":\"fr\"},{\"@type\":\"Organization\",\"@id\":\"https:\/\/sankorana.com\/#organization\",\"name\":\"San korana\",\"url\":\"https:\/\/sankorana.com\/\",\"logo\":{\"@type\":\"ImageObject\",\"inLanguage\":\"fr\",\"@id\":\"https:\/\/sankorana.com\/#\/schema\/logo\/image\/\",\"url\":\"https:\/\/sankorana.com\/wp-content\/uploads\/2017\/02\/San-korana-logo.png\",\"contentUrl\":\"https:\/\/sankorana.com\/wp-content\/uploads\/2017\/02\/San-korana-logo.png\",\"width\":120,\"height\":120,\"caption\":\"San korana\"},\"image\":{\"@id\":\"https:\/\/sankorana.com\/#\/schema\/logo\/image\/\"}}]}<\/script>\n<!-- \/ Yoast SEO plugin. -->","yoast_head_json":{"title":"LES PRIX - Private accommodation SAN KORANA - Ivica Luketic, Plitvice Lakes Croatia","robots":{"index":"index","follow":"follow","max-snippet":"max-snippet:-1","max-image-preview":"max-image-preview:large","max-video-preview":"max-video-preview:-1"},"canonical":"https:\/\/sankorana.com\/fr\/prices\/","og_locale":"fr_FR","og_type":"article","og_title":"[:fr]LES PRIX[:en]PRICES[:de]PREISE[:it]Prezzi[:] - Private accommodation SAN KORANA - Ivica Luketic, Plitvice Lakes Croatia","og_description":"Prices are per person per night, tourist tax is included in all prices. Our free services: welcome drink, parking, baby cot, WiFi","og_url":"https:\/\/sankorana.com\/fr\/prices\/","og_site_name":"Private accommodation SAN KORANA - Ivica Luketic, Plitvice Lakes Croatia","article_modified_time":"2026-04-22T16:22:47+00:00","og_image":[{"width":554,"height":281,"url":"https:\/\/sankorana.com\/wp-content\/uploads\/2017\/02\/safe-stay-in-croatia-the-safe-vacation-in-croatia-162037461292.png","type":"image\/png"}],"twitter_card":"summary_large_image","twitter_misc":{"Dur\u00e9e de lecture estim\u00e9e":"2 minutes"},"schema":{"@context":"https:\/\/schema.org","@graph":[{"@type":"WebPage","@id":"https:\/\/sankorana.com\/prices\/","url":"https:\/\/sankorana.com\/prices\/","name":"LES PRIX","isPartOf":{"@id":"https:\/\/sankorana.com\/#website"},"primaryImageOfPage":{"@id":"https:\/\/sankorana.com\/prices\/#primaryimage"},"image":{"@id":"https:\/\/sankorana.com\/prices\/#primaryimage"},"thumbnailUrl":"https:\/\/sankorana.com\/wp-content\/uploads\/2017\/02\/safe-stay-in-croatia-the-safe-vacation-in-croatia-162037461292.png","datePublished":"2017-02-27T11:16:54+00:00","dateModified":"2026-04-22T16:22:47+00:00","breadcrumb":{"@id":"https:\/\/sankorana.com\/prices\/#breadcrumb"},"inLanguage":"fr","potentialAction":[{"@type":"ReadAction","target":["https:\/\/sankorana.com\/prices\/"]}]},{"@type":"ImageObject","inLanguage":"fr","@id":"https:\/\/sankorana.com\/prices\/#primaryimage","url":"https:\/\/sankorana.com\/wp-content\/uploads\/2017\/02\/safe-stay-in-croatia-the-safe-vacation-in-croatia-162037461292.png","contentUrl":"https:\/\/sankorana.com\/wp-content\/uploads\/2017\/02\/safe-stay-in-croatia-the-safe-vacation-in-croatia-162037461292.png","width":554,"height":281},{"@type":"BreadcrumbList","@id":"https:\/\/sankorana.com\/prices\/#breadcrumb","itemListElement":[{"@type":"ListItem","position":1,"name":"Home","item":"https:\/\/sankorana.com\/"},{"@type":"ListItem","position":2,"name":"PRICES"}]},{"@type":"WebSite","@id":"https:\/\/sankorana.com\/#website","url":"https:\/\/sankorana.com\/","name":"Private accommodation SAN KORANA - Ivica Luketic, Plitvice Lakes Croatia","description":"Find a room close to Plitvice Lakes, Croatia - Private accommodation San Korana - TripAdvisor 5.0 Excellent score","publisher":{"@id":"https:\/\/sankorana.com\/#organization"},"potentialAction":[{"@type":"SearchAction","target":{"@type":"EntryPoint","urlTemplate":"https:\/\/sankorana.com\/?s={search_term_string}"},"query-input":{"@type":"PropertyValueSpecification","valueRequired":true,"valueName":"search_term_string"}}],"inLanguage":"fr"},{"@type":"Organization","@id":"https:\/\/sankorana.com\/#organization","name":"San korana","url":"https:\/\/sankorana.com\/","logo":{"@type":"ImageObject","inLanguage":"fr","@id":"https:\/\/sankorana.com\/#\/schema\/logo\/image\/","url":"https:\/\/sankorana.com\/wp-content\/uploads\/2017\/02\/San-korana-logo.png","contentUrl":"https:\/\/sankorana.com\/wp-content\/uploads\/2017\/02\/San-korana-logo.png","width":120,"height":120,"caption":"San korana"},"image":{"@id":"https:\/\/sankorana.com\/#\/schema\/logo\/image\/"}}]}},"_links":{"self":[{"href":"https:\/\/sankorana.com\/fr\/wp-json\/wp\/v2\/pages\/12","targetHints":{"allow":["GET"]}}],"collection":[{"href":"https:\/\/sankorana.com\/fr\/wp-json\/wp\/v2\/pages"}],"about":[{"href":"https:\/\/sankorana.com\/fr\/wp-json\/wp\/v2\/types\/page"}],"author":[{"embeddable":true,"href":"https:\/\/sankorana.com\/fr\/wp-json\/wp\/v2\/users\/1"}],"replies":[{"embeddable":true,"href":"https:\/\/sankorana.com\/fr\/wp-json\/wp\/v2\/comments?post=12"}],"version-history":[{"count":169,"href":"https:\/\/sankorana.com\/fr\/wp-json\/wp\/v2\/pages\/12\/revisions"}],"predecessor-version":[{"id":876,"href":"https:\/\/sankorana.com\/fr\/wp-json\/wp\/v2\/pages\/12\/revisions\/876"}],"wp:featuredmedia":[{"embeddable":true,"href":"https:\/\/sankorana.com\/fr\/wp-json\/wp\/v2\/media\/680"}],"wp:attachment":[{"href":"https:\/\/sankorana.com\/fr\/wp-json\/wp\/v2\/media?parent=12"}],"curies":[{"name":"wp","href":"https:\/\/api.w.org\/{rel}","templated":true}]}}