{"id":9,"date":"2017-02-27T11:15:41","date_gmt":"2017-02-27T11:15:41","guid":{"rendered":"http:\/\/estart.com.hr\/sankorana\/?page_id=9"},"modified":"2026-03-13T18:42:15","modified_gmt":"2026-03-13T18:42:15","slug":"unterkunft","status":"publish","type":"page","link":"https:\/\/sankorana.com\/de\/unterkunft\/","title":{"rendered":"UNTERKUNFT"},"content":{"rendered":"<p><span style=\"font-family: verdana, geneva, sans-serif;\">Korana Etno Dorf befindet sich in dem Nationalpark Plitvicer Seen. Es ist ein Beispiel der Auferweckung von Kroatien nach dem Krieg. Dank der Reparatur und den entsprechenden architektonischen Methoden ist Korana ein einzigartiger Ort f\u00fcr die Besucher aus der ganzen Welt geworden. <span lang=\"de\" tabindex=\"0\">\u00dcber <span style=\"color: #3366ff;\"><a style=\"color: #3366ff;\" href=\"https:\/\/www.skypixel.com\/photos\/sankorana-croatia\">diesen Link<\/a><\/span> k\u00f6nnen Sie ein 360 \u00b0 -Luftbild unseres Dorfes Korana sehen, das von unserem lieben Gast Tyler angefertigt wurde. <\/span><\/span><\/p>\n<p><span style=\"font-family: verdana, geneva, sans-serif;\"><!--more-->Wenn Sie die traditionell gebaute H\u00e4user, den Fluss und die Wasserf\u00e4lle, die kristallklar sind, sehen, werden Sie den Eindruck gewinnen, dass Sie in einen Ort angekommen sind, den es\u00a0 nur in Ihrer Phantasie geben kann. Sie k\u00f6nnen auch neben den Wasserf\u00e4llen grillen oder die traditionell vorbereiteten Gerichte genie\u00dfen. Als Teil des Nationalparks Plitvicer Seen ist Korana Dorf auch von UNESCO gesch\u00fctzt und wird h\u00f6chst wahrscheinlich seine Einzigartigkeit f\u00fcr immer und ewig behalten.<\/span><\/p>\n\r\n\t\t<style type='text\/css'>\r\n\t\t\t#gallery-1 {\r\n\t\t\t\tmargin: auto;\r\n\t\t\t}\r\n\t\t\t#gallery-1 .gallery-item {\r\n\t\t\t\tfloat: left;\r\n\t\t\t\tmargin-top: 10px;\r\n\t\t\t\ttext-align: center;\r\n\t\t\t\twidth: 33%;\r\n\t\t\t}\r\n\t\t\t#gallery-1 img {\r\n\t\t\t\tborder: 2px solid #cfcfcf;\r\n\t\t\t}\r\n\t\t\t#gallery-1 .gallery-caption {\r\n\t\t\t\tmargin-left: 0;\r\n\t\t\t}\r\n\t\t\t\/* see gallery_shortcode() in wp-includes\/media.php *\/\r\n\t\t<\/style>\n\t\t<div id='gallery-1' class='gallery galleryid-9 gallery-columns-3 gallery-size-thumbnail'><dl class='gallery-item'>\r\n\t\t\t<dt class='gallery-icon landscape'>\r\n\t\t\t\t<a href='https:\/\/sankorana.com\/wp-content\/uploads\/2017\/02\/Soba-4.jpg'><img loading=\"lazy\" decoding=\"async\" width=\"150\" height=\"150\" src=\"https:\/\/sankorana.com\/wp-content\/uploads\/2017\/02\/Soba-4-150x150.jpg\" class=\"attachment-thumbnail size-thumbnail\" alt=\"\" srcset=\"https:\/\/sankorana.com\/wp-content\/uploads\/2017\/02\/Soba-4-150x150.jpg 150w, https:\/\/sankorana.com\/wp-content\/uploads\/2017\/02\/Soba-4-50x50.jpg 50w, https:\/\/sankorana.com\/wp-content\/uploads\/2017\/02\/Soba-4-49x49.jpg 49w, https:\/\/sankorana.com\/wp-content\/uploads\/2017\/02\/Soba-4-184x184.jpg 184w\" sizes=\"auto, (max-width: 150px) 100vw, 150px\" \/><\/a>\r\n\t\t\t<\/dt><\/dl><dl class='gallery-item'>\r\n\t\t\t<dt class='gallery-icon landscape'>\r\n\t\t\t\t<a href='https:\/\/sankorana.com\/wp-content\/uploads\/2017\/02\/hodnik.jpg'><img loading=\"lazy\" decoding=\"async\" width=\"150\" height=\"150\" src=\"https:\/\/sankorana.com\/wp-content\/uploads\/2017\/02\/hodnik-150x150.jpg\" class=\"attachment-thumbnail size-thumbnail\" alt=\"\" srcset=\"https:\/\/sankorana.com\/wp-content\/uploads\/2017\/02\/hodnik-150x150.jpg 150w, https:\/\/sankorana.com\/wp-content\/uploads\/2017\/02\/hodnik-50x50.jpg 50w, https:\/\/sankorana.com\/wp-content\/uploads\/2017\/02\/hodnik-49x49.jpg 49w, https:\/\/sankorana.com\/wp-content\/uploads\/2017\/02\/hodnik-184x184.jpg 184w\" sizes=\"auto, (max-width: 150px) 100vw, 150px\" \/><\/a>\r\n\t\t\t<\/dt><\/dl><dl class='gallery-item'>\r\n\t\t\t<dt class='gallery-icon landscape'>\r\n\t\t\t\t<a href='https:\/\/sankorana.com\/wp-content\/uploads\/2022\/06\/IMG-20220610-WA0008.jpg'><img loading=\"lazy\" decoding=\"async\" width=\"150\" height=\"150\" src=\"https:\/\/sankorana.com\/wp-content\/uploads\/2022\/06\/IMG-20220610-WA0008-150x150.jpg\" class=\"attachment-thumbnail size-thumbnail\" alt=\"\" srcset=\"https:\/\/sankorana.com\/wp-content\/uploads\/2022\/06\/IMG-20220610-WA0008-150x150.jpg 150w, https:\/\/sankorana.com\/wp-content\/uploads\/2022\/06\/IMG-20220610-WA0008-50x50.jpg 50w, https:\/\/sankorana.com\/wp-content\/uploads\/2022\/06\/IMG-20220610-WA0008-49x49.jpg 49w, https:\/\/sankorana.com\/wp-content\/uploads\/2022\/06\/IMG-20220610-WA0008-184x184.jpg 184w\" sizes=\"auto, (max-width: 150px) 100vw, 150px\" \/><\/a>\r\n\t\t\t<\/dt><\/dl><br style=\"clear: both\" \/><dl class='gallery-item'>\r\n\t\t\t<dt class='gallery-icon portrait'>\r\n\t\t\t\t<a href='https:\/\/sankorana.com\/wp-content\/uploads\/2022\/06\/IMG-20220610-WA0015.jpg'><img loading=\"lazy\" decoding=\"async\" width=\"150\" height=\"150\" src=\"https:\/\/sankorana.com\/wp-content\/uploads\/2022\/06\/IMG-20220610-WA0015-150x150.jpg\" class=\"attachment-thumbnail size-thumbnail\" alt=\"\" srcset=\"https:\/\/sankorana.com\/wp-content\/uploads\/2022\/06\/IMG-20220610-WA0015-150x150.jpg 150w, https:\/\/sankorana.com\/wp-content\/uploads\/2022\/06\/IMG-20220610-WA0015-50x50.jpg 50w, https:\/\/sankorana.com\/wp-content\/uploads\/2022\/06\/IMG-20220610-WA0015-49x49.jpg 49w, https:\/\/sankorana.com\/wp-content\/uploads\/2022\/06\/IMG-20220610-WA0015-184x184.jpg 184w\" sizes=\"auto, (max-width: 150px) 100vw, 150px\" \/><\/a>\r\n\t\t\t<\/dt><\/dl><dl class='gallery-item'>\r\n\t\t\t<dt class='gallery-icon portrait'>\r\n\t\t\t\t<a href='https:\/\/sankorana.com\/wp-content\/uploads\/2022\/06\/IMG-20220610-WA0016.jpg'><img loading=\"lazy\" decoding=\"async\" width=\"150\" height=\"150\" src=\"https:\/\/sankorana.com\/wp-content\/uploads\/2022\/06\/IMG-20220610-WA0016-150x150.jpg\" class=\"attachment-thumbnail size-thumbnail\" alt=\"\" srcset=\"https:\/\/sankorana.com\/wp-content\/uploads\/2022\/06\/IMG-20220610-WA0016-150x150.jpg 150w, https:\/\/sankorana.com\/wp-content\/uploads\/2022\/06\/IMG-20220610-WA0016-50x50.jpg 50w, https:\/\/sankorana.com\/wp-content\/uploads\/2022\/06\/IMG-20220610-WA0016-49x49.jpg 49w, https:\/\/sankorana.com\/wp-content\/uploads\/2022\/06\/IMG-20220610-WA0016-184x184.jpg 184w\" sizes=\"auto, (max-width: 150px) 100vw, 150px\" \/><\/a>\r\n\t\t\t<\/dt><\/dl><dl class='gallery-item'>\r\n\t\t\t<dt class='gallery-icon portrait'>\r\n\t\t\t\t<a href='https:\/\/sankorana.com\/wp-content\/uploads\/2022\/06\/IMG-20220610-WA0000.jpg'><img loading=\"lazy\" decoding=\"async\" width=\"150\" height=\"150\" src=\"https:\/\/sankorana.com\/wp-content\/uploads\/2022\/06\/IMG-20220610-WA0000-150x150.jpg\" class=\"attachment-thumbnail size-thumbnail\" alt=\"\" srcset=\"https:\/\/sankorana.com\/wp-content\/uploads\/2022\/06\/IMG-20220610-WA0000-150x150.jpg 150w, https:\/\/sankorana.com\/wp-content\/uploads\/2022\/06\/IMG-20220610-WA0000-50x50.jpg 50w, https:\/\/sankorana.com\/wp-content\/uploads\/2022\/06\/IMG-20220610-WA0000-49x49.jpg 49w, https:\/\/sankorana.com\/wp-content\/uploads\/2022\/06\/IMG-20220610-WA0000-184x184.jpg 184w\" sizes=\"auto, (max-width: 150px) 100vw, 150px\" \/><\/a>\r\n\t\t\t<\/dt><\/dl><br style=\"clear: both\" \/><\/div>\n\n<p><a href=\"http:\/\/www.sankorana.com\/\/wp-content\/uploads\/2017\/02\/smjestaj-2.jpg\">\u00a0<\/a><\/p>\n<p><span style=\"font-family: verdana, geneva, sans-serif;\">Wir haben vier Doppelzimmer mit eigenen Badezimmern. Jedes Zimmer bietet einen Blick auf den klaren Fluss Korana und die wundersch\u00f6nen Wasserf\u00e4lle, die nur wenige Meter vom Haus entfernt sind und Sie mit ihrem erstaunlichen Ger\u00e4usch entspannen werden.<\/span><\/p>\n\r\n\t\t<style type='text\/css'>\r\n\t\t\t#gallery-2 {\r\n\t\t\t\tmargin: auto;\r\n\t\t\t}\r\n\t\t\t#gallery-2 .gallery-item {\r\n\t\t\t\tfloat: left;\r\n\t\t\t\tmargin-top: 10px;\r\n\t\t\t\ttext-align: center;\r\n\t\t\t\twidth: 33%;\r\n\t\t\t}\r\n\t\t\t#gallery-2 img {\r\n\t\t\t\tborder: 2px solid #cfcfcf;\r\n\t\t\t}\r\n\t\t\t#gallery-2 .gallery-caption {\r\n\t\t\t\tmargin-left: 0;\r\n\t\t\t}\r\n\t\t\t\/* see gallery_shortcode() in wp-includes\/media.php *\/\r\n\t\t<\/style>\n\t\t<div id='gallery-2' class='gallery galleryid-9 gallery-columns-3 gallery-size-thumbnail'><dl class='gallery-item'>\r\n\t\t\t<dt class='gallery-icon landscape'>\r\n\t\t\t\t<a href='https:\/\/sankorana.com\/wp-content\/uploads\/2017\/02\/smjestaj-5.jpg'><img loading=\"lazy\" decoding=\"async\" width=\"150\" height=\"150\" src=\"https:\/\/sankorana.com\/wp-content\/uploads\/2017\/02\/smjestaj-5-150x150.jpg\" class=\"attachment-thumbnail size-thumbnail\" alt=\"\" srcset=\"https:\/\/sankorana.com\/wp-content\/uploads\/2017\/02\/smjestaj-5-150x150.jpg 150w, https:\/\/sankorana.com\/wp-content\/uploads\/2017\/02\/smjestaj-5-50x50.jpg 50w, https:\/\/sankorana.com\/wp-content\/uploads\/2017\/02\/smjestaj-5-49x49.jpg 49w, https:\/\/sankorana.com\/wp-content\/uploads\/2017\/02\/smjestaj-5-184x184.jpg 184w\" sizes=\"auto, (max-width: 150px) 100vw, 150px\" \/><\/a>\r\n\t\t\t<\/dt><\/dl><dl class='gallery-item'>\r\n\t\t\t<dt class='gallery-icon landscape'>\r\n\t\t\t\t<a href='https:\/\/sankorana.com\/wp-content\/uploads\/2017\/02\/ku\u00e5a..jpg'><img loading=\"lazy\" decoding=\"async\" width=\"150\" height=\"150\" src=\"https:\/\/sankorana.com\/wp-content\/uploads\/2017\/02\/ku\u00e5a.-150x150.jpg\" class=\"attachment-thumbnail size-thumbnail\" alt=\"\" srcset=\"https:\/\/sankorana.com\/wp-content\/uploads\/2017\/02\/ku\u00e5a.-150x150.jpg 150w, https:\/\/sankorana.com\/wp-content\/uploads\/2017\/02\/ku\u00e5a.-50x50.jpg 50w, https:\/\/sankorana.com\/wp-content\/uploads\/2017\/02\/ku\u00e5a.-49x49.jpg 49w, https:\/\/sankorana.com\/wp-content\/uploads\/2017\/02\/ku\u00e5a.-184x184.jpg 184w\" sizes=\"auto, (max-width: 150px) 100vw, 150px\" \/><\/a>\r\n\t\t\t<\/dt><\/dl><dl class='gallery-item'>\r\n\t\t\t<dt class='gallery-icon landscape'>\r\n\t\t\t\t<a href='https:\/\/sankorana.com\/wp-content\/uploads\/2017\/02\/2.-BBQ-spot-view_bellow-the-watermill.jpg'><img loading=\"lazy\" decoding=\"async\" width=\"150\" height=\"150\" src=\"https:\/\/sankorana.com\/wp-content\/uploads\/2017\/02\/2.-BBQ-spot-view_bellow-the-watermill-150x150.jpg\" class=\"attachment-thumbnail size-thumbnail\" alt=\"\" srcset=\"https:\/\/sankorana.com\/wp-content\/uploads\/2017\/02\/2.-BBQ-spot-view_bellow-the-watermill-150x150.jpg 150w, https:\/\/sankorana.com\/wp-content\/uploads\/2017\/02\/2.-BBQ-spot-view_bellow-the-watermill-50x50.jpg 50w, https:\/\/sankorana.com\/wp-content\/uploads\/2017\/02\/2.-BBQ-spot-view_bellow-the-watermill-49x49.jpg 49w, https:\/\/sankorana.com\/wp-content\/uploads\/2017\/02\/2.-BBQ-spot-view_bellow-the-watermill-184x184.jpg 184w\" sizes=\"auto, (max-width: 150px) 100vw, 150px\" \/><\/a>\r\n\t\t\t<\/dt><\/dl><br style=\"clear: both\" \/><\/div>\n\n","protected":false},"excerpt":{"rendered":"<p>Jedes Zimmer mit eigenem Bad und Blick auf den Fluss Korana und die wundersch\u00f6nen Wasserf\u00e4lle.<\/p>\n","protected":false},"author":1,"featured_media":0,"parent":0,"menu_order":0,"comment_status":"closed","ping_status":"closed","template":"","meta":{"footnotes":""},"class_list":["post-9","page","type-page","status-publish","hentry"],"yoast_head":"<!-- This site is optimized with the Yoast SEO plugin v25.3 - https:\/\/yoast.com\/wordpress\/plugins\/seo\/ -->\n<title>UNTERKUNFT - SAN KORANA - Ivica Luketic, Plitvice Seen Kroatien<\/title>\n<meta name=\"robots\" content=\"index, follow, max-snippet:-1, max-image-preview:large, max-video-preview:-1\" \/>\n<link rel=\"canonical\" href=\"https:\/\/sankorana.com\/de\/unterkunft\/\" \/>\n<meta property=\"og:locale\" content=\"de_DE\" \/>\n<meta property=\"og:locale:alternate\" content=\"fr\" \/>\n<meta property=\"og:locale:alternate\" content=\"en_US\" \/>\n<meta property=\"og:locale:alternate\" content=\"it_IT\" \/>\n<meta property=\"og:type\" content=\"article\" \/>\n<meta property=\"og:title\" content=\"UNTERKUNFT\" \/>\n<meta property=\"og:description\" content=\"Jedes Zimmer mit eigenem Bad und Blick auf den Fluss Korana und die wundersch\u00f6nen Wasserf\u00e4lle.\" \/>\n<meta property=\"og:url\" content=\"https:\/\/sankorana.com\/de\/unterkunft\/\" \/>\n<meta property=\"og:site_name\" content=\"SAN KORANA - Ivica Luketic, Plitvice Seen Kroatien\" \/>\n<meta property=\"article:modified_time\" content=\"2026-03-13T18:42:15+00:00\" \/>\n<meta property=\"og:image\" content=\"https:\/\/sankorana.com\/wp-content\/uploads\/2017\/02\/Soba-4-150x150.jpg\" \/>\n<meta name=\"twitter:card\" content=\"summary_large_image\" \/>\n<meta name=\"twitter:label1\" content=\"Gesch\u00e4tzte Lesezeit\" \/>\n\t<meta name=\"twitter:data1\" content=\"1\u00a0Minute\" \/>\n<script type=\"application\/ld+json\" class=\"yoast-schema-graph\">{\"@context\":\"https:\/\/schema.org\",\"@graph\":[{\"@type\":\"WebPage\",\"@id\":\"https:\/\/sankorana.com\/unterkunft\/\",\"url\":\"https:\/\/sankorana.com\/unterkunft\/\",\"name\":\"UNTERKUNFT\",\"isPartOf\":{\"@id\":\"https:\/\/sankorana.com\/#website\"},\"datePublished\":\"2017-02-27T11:15:41+00:00\",\"dateModified\":\"2026-03-13T18:42:15+00:00\",\"breadcrumb\":{\"@id\":\"https:\/\/sankorana.com\/unterkunft\/#breadcrumb\"},\"inLanguage\":\"de-DE\",\"potentialAction\":[{\"@type\":\"ReadAction\",\"target\":[\"https:\/\/sankorana.com\/unterkunft\/\"]}]},{\"@type\":\"BreadcrumbList\",\"@id\":\"https:\/\/sankorana.com\/unterkunft\/#breadcrumb\",\"itemListElement\":[{\"@type\":\"ListItem\",\"position\":1,\"name\":\"Home\",\"item\":\"https:\/\/sankorana.com\/\"},{\"@type\":\"ListItem\",\"position\":2,\"name\":\"ACCOMMODATION\"}]},{\"@type\":\"WebSite\",\"@id\":\"https:\/\/sankorana.com\/#website\",\"url\":\"https:\/\/sankorana.com\/\",\"name\":\"SAN KORANA - Ivica Luketic, Plitvice Seen Kroatien\",\"description\":\"Plitvice Seen Kroatien - ***** San Korana Unterkunft\",\"publisher\":{\"@id\":\"https:\/\/sankorana.com\/#organization\"},\"potentialAction\":[{\"@type\":\"SearchAction\",\"target\":{\"@type\":\"EntryPoint\",\"urlTemplate\":\"https:\/\/sankorana.com\/?s={search_term_string}\"},\"query-input\":{\"@type\":\"PropertyValueSpecification\",\"valueRequired\":true,\"valueName\":\"search_term_string\"}}],\"inLanguage\":\"de-DE\"},{\"@type\":\"Organization\",\"@id\":\"https:\/\/sankorana.com\/#organization\",\"name\":\"San korana\",\"url\":\"https:\/\/sankorana.com\/\",\"logo\":{\"@type\":\"ImageObject\",\"inLanguage\":\"de-DE\",\"@id\":\"https:\/\/sankorana.com\/#\/schema\/logo\/image\/\",\"url\":\"https:\/\/sankorana.com\/wp-content\/uploads\/2017\/02\/San-korana-logo.png\",\"contentUrl\":\"https:\/\/sankorana.com\/wp-content\/uploads\/2017\/02\/San-korana-logo.png\",\"width\":120,\"height\":120,\"caption\":\"San korana\"},\"image\":{\"@id\":\"https:\/\/sankorana.com\/#\/schema\/logo\/image\/\"}}]}<\/script>\n<!-- \/ Yoast SEO plugin. -->","yoast_head_json":{"title":"UNTERKUNFT - SAN KORANA - Ivica Luketic, Plitvice Seen Kroatien","robots":{"index":"index","follow":"follow","max-snippet":"max-snippet:-1","max-image-preview":"max-image-preview:large","max-video-preview":"max-video-preview:-1"},"canonical":"https:\/\/sankorana.com\/de\/unterkunft\/","og_locale":"de_DE","og_type":"article","og_title":"[:fr]H\u00c9BERGEMENT[:en]ACCOMMODATION[:de]UNTERKUNFT[:it]ALLOGGIO[:] - SAN KORANA - Ivica Luketic, Plitvice Seen Kroatien","og_description":"Jedes Zimmer mit eigenem Bad und Blick auf den Fluss Korana und die wundersch\u00f6nen Wasserf\u00e4lle.","og_url":"https:\/\/sankorana.com\/de\/unterkunft\/","og_site_name":"SAN KORANA - Ivica Luketic, Plitvice Seen Kroatien","article_modified_time":"2026-03-13T18:42:15+00:00","og_image":[{"url":"https:\/\/sankorana.com\/wp-content\/uploads\/2017\/02\/Soba-4-150x150.jpg","type":"","width":"","height":""}],"twitter_card":"summary_large_image","twitter_misc":{"Gesch\u00e4tzte Lesezeit":"1\u00a0Minute"},"schema":{"@context":"https:\/\/schema.org","@graph":[{"@type":"WebPage","@id":"https:\/\/sankorana.com\/unterkunft\/","url":"https:\/\/sankorana.com\/unterkunft\/","name":"UNTERKUNFT","isPartOf":{"@id":"https:\/\/sankorana.com\/#website"},"datePublished":"2017-02-27T11:15:41+00:00","dateModified":"2026-03-13T18:42:15+00:00","breadcrumb":{"@id":"https:\/\/sankorana.com\/unterkunft\/#breadcrumb"},"inLanguage":"de-DE","potentialAction":[{"@type":"ReadAction","target":["https:\/\/sankorana.com\/unterkunft\/"]}]},{"@type":"BreadcrumbList","@id":"https:\/\/sankorana.com\/unterkunft\/#breadcrumb","itemListElement":[{"@type":"ListItem","position":1,"name":"Home","item":"https:\/\/sankorana.com\/"},{"@type":"ListItem","position":2,"name":"ACCOMMODATION"}]},{"@type":"WebSite","@id":"https:\/\/sankorana.com\/#website","url":"https:\/\/sankorana.com\/","name":"SAN KORANA - Ivica Luketic, Plitvice Seen Kroatien","description":"Plitvice Seen Kroatien - ***** San Korana Unterkunft","publisher":{"@id":"https:\/\/sankorana.com\/#organization"},"potentialAction":[{"@type":"SearchAction","target":{"@type":"EntryPoint","urlTemplate":"https:\/\/sankorana.com\/?s={search_term_string}"},"query-input":{"@type":"PropertyValueSpecification","valueRequired":true,"valueName":"search_term_string"}}],"inLanguage":"de-DE"},{"@type":"Organization","@id":"https:\/\/sankorana.com\/#organization","name":"San korana","url":"https:\/\/sankorana.com\/","logo":{"@type":"ImageObject","inLanguage":"de-DE","@id":"https:\/\/sankorana.com\/#\/schema\/logo\/image\/","url":"https:\/\/sankorana.com\/wp-content\/uploads\/2017\/02\/San-korana-logo.png","contentUrl":"https:\/\/sankorana.com\/wp-content\/uploads\/2017\/02\/San-korana-logo.png","width":120,"height":120,"caption":"San korana"},"image":{"@id":"https:\/\/sankorana.com\/#\/schema\/logo\/image\/"}}]}},"_links":{"self":[{"href":"https:\/\/sankorana.com\/de\/wp-json\/wp\/v2\/pages\/9","targetHints":{"allow":["GET"]}}],"collection":[{"href":"https:\/\/sankorana.com\/de\/wp-json\/wp\/v2\/pages"}],"about":[{"href":"https:\/\/sankorana.com\/de\/wp-json\/wp\/v2\/types\/page"}],"author":[{"embeddable":true,"href":"https:\/\/sankorana.com\/de\/wp-json\/wp\/v2\/users\/1"}],"replies":[{"embeddable":true,"href":"https:\/\/sankorana.com\/de\/wp-json\/wp\/v2\/comments?post=9"}],"version-history":[{"count":66,"href":"https:\/\/sankorana.com\/de\/wp-json\/wp\/v2\/pages\/9\/revisions"}],"predecessor-version":[{"id":871,"href":"https:\/\/sankorana.com\/de\/wp-json\/wp\/v2\/pages\/9\/revisions\/871"}],"wp:attachment":[{"href":"https:\/\/sankorana.com\/de\/wp-json\/wp\/v2\/media?parent=9"}],"curies":[{"name":"wp","href":"https:\/\/api.w.org\/{rel}","templated":true}]}}