{"id":28,"date":"2017-02-27T11:19:18","date_gmt":"2017-02-27T11:19:18","guid":{"rendered":"http:\/\/estart.com.hr\/sankorana\/?page_id=28"},"modified":"2025-06-13T21:02:33","modified_gmt":"2025-06-13T21:02:33","slug":"kontakt","status":"publish","type":"page","link":"https:\/\/sankorana.com\/de\/kontakt\/","title":{"rendered":"KONTAKT"},"content":{"rendered":"<p>&nbsp;<\/p>\n<p>Wir hoffen, dass Sie unsere einzigartige und idyllische Landschaft f\u00fcr Ihren Urlaub ausw\u00e4hlen werden. Kontaktieren Sie uns, bitte, wenn Sie buchen wollen oder eventuell Vorschl\u00e4ge haben.<\/p>\n<p><span id=\"result_box\" class=\"short_text\" lang=\"de\"><span class=\"\">KONTAKTDATEN<\/span><\/span><\/p>\n<p><span id=\"result_box\" class=\"short_text\" lang=\"de\"><span class=\"\">Privatunterkunft<\/span><\/span>\u00a0SAN KORANA \u2013 Ivica Luketi\u0107<br \/>\nKorana 15<br \/>\n53231 Plitvi\u010dka jezera<\/p>\n<p>KROATIEN<br \/>\n<strong>tel<\/strong>: 00385 (0)53 757 008<br \/>\n<strong>GSM Ivica<\/strong>: 00385 (0)91 133 0674<\/p>\n<p><strong><span style=\"color: #008000;\">WhattsApp<\/span> &#038; <span style=\"color: #800080;\">Viber<\/span>:<\/strong> 00385 (0)91 133 0674<\/p>\n<p><strong>GSM Boris<\/strong>: 00385 (0)99 5470 700<\/p>\n<p>Sie k\u00f6nnen uns auch auf\u00a0<span style=\"color: #3366ff;\"><a style=\"color: #3366ff;\" href=\"https:\/\/www.facebook.com\/SankoranaPlitviceLakes\/\">Facebook<\/a><\/span>\u00a0und\u00a0<span style=\"color: #3366ff;\"><a style=\"color: #3366ff;\" href=\"https:\/\/www.linkedin.com\/in\/sankorana-accommodation-95b750123\/\">LinkedIn<\/a><\/span>\u00a0folgen.<\/p>\n<p class=\"O-ComplexForm__leftColumnHeadline col-xs-12 u-LightFontWeight u-TextColor--violet\"><strong>Schreiben Sie uns eine E-Mail<\/strong><\/p>\n<p>Geben sie Ihre Name, E-Mail Adresse, Telefonnummer und Text an. Wir werden so bald wie m\u00f6glich antworten.<\/p>\n<p>&nbsp;<\/p>\n\n<div class=\"wpcf7 no-js\" id=\"wpcf7-f837-o1\" lang=\"en-US\" dir=\"ltr\" data-wpcf7-id=\"837\">\n<div class=\"screen-reader-response\"><p role=\"status\" aria-live=\"polite\" aria-atomic=\"true\"><\/p> <ul><\/ul><\/div>\n<form action=\"\/de\/wp-json\/wp\/v2\/pages\/28#wpcf7-f837-o1\" method=\"post\" class=\"wpcf7-form init\" aria-label=\"Contact form\" novalidate=\"novalidate\" data-status=\"init\">\n<div style=\"display: none;\">\n<input type=\"hidden\" name=\"_wpcf7\" value=\"837\" \/>\n<input type=\"hidden\" name=\"_wpcf7_version\" value=\"6.0.6\" \/>\n<input type=\"hidden\" name=\"_wpcf7_locale\" value=\"en_US\" \/>\n<input type=\"hidden\" name=\"_wpcf7_unit_tag\" value=\"wpcf7-f837-o1\" \/>\n<input type=\"hidden\" name=\"_wpcf7_container_post\" value=\"0\" \/>\n<input type=\"hidden\" name=\"_wpcf7_posted_data_hash\" value=\"\" \/>\n<input type=\"hidden\" name=\"lang\" value=\"de\" \/>\n<\/div>\n<p><label> Ihre Name (notwendigerweise)<br \/>\n<span class=\"wpcf7-form-control-wrap\" data-name=\"your-name\"><input size=\"40\" maxlength=\"400\" class=\"wpcf7-form-control wpcf7-text wpcf7-validates-as-required\" aria-required=\"true\" aria-invalid=\"false\" value=\"\" type=\"text\" name=\"your-name\" \/><\/span> <\/label>\n<\/p>\n<p><label> Ihre E-Mail (notwendigerweise)<br \/>\n<span class=\"wpcf7-form-control-wrap\" data-name=\"your-email\"><input size=\"40\" maxlength=\"400\" class=\"wpcf7-form-control wpcf7-email wpcf7-validates-as-required wpcf7-text wpcf7-validates-as-email\" aria-required=\"true\" aria-invalid=\"false\" value=\"\" type=\"email\" name=\"your-email\" \/><\/span> <\/label>\n<\/p>\n<p><label> Telefonnummer<br \/>\n<span class=\"wpcf7-form-control-wrap\" data-name=\"telefon\"><input size=\"40\" maxlength=\"400\" class=\"wpcf7-form-control wpcf7-text\" aria-invalid=\"false\" value=\"\" type=\"text\" name=\"telefon\" \/><\/span> <\/label>\n<\/p>\n<p><label> Ihre Nachricht<br \/>\n<span class=\"wpcf7-form-control-wrap\" data-name=\"your-message\"><textarea cols=\"40\" rows=\"10\" maxlength=\"2000\" class=\"wpcf7-form-control wpcf7-textarea\" aria-invalid=\"false\" name=\"your-message\"><\/textarea><\/span> <\/label>\n<\/p>\n<p><input class=\"wpcf7-form-control wpcf7-submit has-spinner\" type=\"submit\" value=\"Senden\" \/>\n<\/p><div class=\"wpcf7-response-output\" aria-hidden=\"true\"><\/div>\n<\/form>\n<\/div>\n\n","protected":false},"excerpt":{"rendered":"<p>&nbsp; Wir hoffen, dass Sie unsere einzigartige und idyllische Landschaft f\u00fcr Ihren Urlaub ausw\u00e4hlen werden. Kontaktieren Sie uns, bitte, wenn Sie buchen wollen oder eventuell Vorschl\u00e4ge haben. KONTAKTDATEN Privatunterkunft\u00a0SAN KORANA \u2013 Ivica Luketi\u0107 Korana 15 53231 Plitvi\u010dka jezera KROATIEN tel: 00385 (0)53 757 008 GSM Ivica: 00385 (0)91 133 0674 WhattsApp &#038; Viber: 00385 (0)91 [&hellip;]<\/p>\n","protected":false},"author":1,"featured_media":0,"parent":0,"menu_order":0,"comment_status":"closed","ping_status":"closed","template":"","meta":{"footnotes":""},"class_list":["post-28","page","type-page","status-publish","hentry"],"yoast_head":"<!-- This site is optimized with the Yoast SEO plugin v25.3 - https:\/\/yoast.com\/wordpress\/plugins\/seo\/ -->\n<title>KONTAKT - SAN KORANA - Ivica Luketic, Plitvice Seen Kroatien<\/title>\n<meta name=\"robots\" content=\"index, follow, max-snippet:-1, max-image-preview:large, max-video-preview:-1\" \/>\n<link rel=\"canonical\" href=\"https:\/\/sankorana.com\/de\/kontakt\/\" \/>\n<meta property=\"og:locale\" content=\"de_DE\" \/>\n<meta property=\"og:locale:alternate\" content=\"fr\" \/>\n<meta property=\"og:locale:alternate\" content=\"en_US\" \/>\n<meta property=\"og:locale:alternate\" content=\"it_IT\" \/>\n<meta property=\"og:type\" content=\"article\" \/>\n<meta property=\"og:title\" content=\"KONTAKT\" \/>\n<meta property=\"og:description\" content=\"&nbsp; Wir hoffen, dass Sie unsere einzigartige und idyllische Landschaft f\u00fcr Ihren Urlaub ausw\u00e4hlen werden. Kontaktieren Sie uns, bitte, wenn Sie buchen wollen oder eventuell Vorschl\u00e4ge haben. KONTAKTDATEN Privatunterkunft\u00a0SAN KORANA \u2013 Ivica Luketi\u0107 Korana 15 53231 Plitvi\u010dka jezera KROATIEN tel: 00385 (0)53 757 008 GSM Ivica: 00385 (0)91 133 0674 WhattsApp &amp; Viber: 00385 (0)91 [&hellip;]\" \/>\n<meta property=\"og:url\" content=\"https:\/\/sankorana.com\/de\/kontakt\/\" \/>\n<meta property=\"og:site_name\" content=\"SAN KORANA - Ivica Luketic, Plitvice Seen Kroatien\" \/>\n<meta property=\"article:modified_time\" content=\"2025-06-13T21:02:33+00:00\" \/>\n<meta name=\"twitter:card\" content=\"summary_large_image\" \/>\n<meta name=\"twitter:label1\" content=\"Gesch\u00e4tzte Lesezeit\" \/>\n\t<meta name=\"twitter:data1\" content=\"1\u00a0Minute\" \/>\n<script type=\"application\/ld+json\" class=\"yoast-schema-graph\">{\"@context\":\"https:\/\/schema.org\",\"@graph\":[{\"@type\":\"WebPage\",\"@id\":\"https:\/\/sankorana.com\/fr\/kontakt\/\",\"url\":\"https:\/\/sankorana.com\/fr\/kontakt\/\",\"name\":\"KONTAKT\",\"isPartOf\":{\"@id\":\"https:\/\/sankorana.com\/#website\"},\"datePublished\":\"2017-02-27T11:19:18+00:00\",\"dateModified\":\"2025-06-13T21:02:33+00:00\",\"breadcrumb\":{\"@id\":\"https:\/\/sankorana.com\/fr\/kontakt\/#breadcrumb\"},\"inLanguage\":\"de-DE\",\"potentialAction\":[{\"@type\":\"ReadAction\",\"target\":[\"https:\/\/sankorana.com\/fr\/kontakt\/\"]}]},{\"@type\":\"BreadcrumbList\",\"@id\":\"https:\/\/sankorana.com\/fr\/kontakt\/#breadcrumb\",\"itemListElement\":[{\"@type\":\"ListItem\",\"position\":1,\"name\":\"Home\",\"item\":\"https:\/\/sankorana.com\/\"},{\"@type\":\"ListItem\",\"position\":2,\"name\":\"CONTACT\"}]},{\"@type\":\"WebSite\",\"@id\":\"https:\/\/sankorana.com\/#website\",\"url\":\"https:\/\/sankorana.com\/\",\"name\":\"SAN KORANA - Ivica Luketic, Plitvice Seen Kroatien\",\"description\":\"Plitvice Seen Kroatien - ***** San Korana Unterkunft\",\"publisher\":{\"@id\":\"https:\/\/sankorana.com\/#organization\"},\"potentialAction\":[{\"@type\":\"SearchAction\",\"target\":{\"@type\":\"EntryPoint\",\"urlTemplate\":\"https:\/\/sankorana.com\/?s={search_term_string}\"},\"query-input\":{\"@type\":\"PropertyValueSpecification\",\"valueRequired\":true,\"valueName\":\"search_term_string\"}}],\"inLanguage\":\"de-DE\"},{\"@type\":\"Organization\",\"@id\":\"https:\/\/sankorana.com\/#organization\",\"name\":\"San korana\",\"url\":\"https:\/\/sankorana.com\/\",\"logo\":{\"@type\":\"ImageObject\",\"inLanguage\":\"de-DE\",\"@id\":\"https:\/\/sankorana.com\/#\/schema\/logo\/image\/\",\"url\":\"https:\/\/sankorana.com\/wp-content\/uploads\/2017\/02\/San-korana-logo.png\",\"contentUrl\":\"https:\/\/sankorana.com\/wp-content\/uploads\/2017\/02\/San-korana-logo.png\",\"width\":120,\"height\":120,\"caption\":\"San korana\"},\"image\":{\"@id\":\"https:\/\/sankorana.com\/#\/schema\/logo\/image\/\"}}]}<\/script>\n<!-- \/ Yoast SEO plugin. -->","yoast_head_json":{"title":"KONTAKT - SAN KORANA - Ivica Luketic, Plitvice Seen Kroatien","robots":{"index":"index","follow":"follow","max-snippet":"max-snippet:-1","max-image-preview":"max-image-preview:large","max-video-preview":"max-video-preview:-1"},"canonical":"https:\/\/sankorana.com\/de\/kontakt\/","og_locale":"de_DE","og_type":"article","og_title":"[:en]CONTACT[:de]KONTAKT[:it]CONTATTO[:fr]CONTACT[:] - SAN KORANA - Ivica Luketic, Plitvice Seen Kroatien","og_description":"&nbsp; Wir hoffen, dass Sie unsere einzigartige und idyllische Landschaft f\u00fcr Ihren Urlaub ausw\u00e4hlen werden. Kontaktieren Sie uns, bitte, wenn Sie buchen wollen oder eventuell Vorschl\u00e4ge haben. KONTAKTDATEN Privatunterkunft\u00a0SAN KORANA \u2013 Ivica Luketi\u0107 Korana 15 53231 Plitvi\u010dka jezera KROATIEN tel: 00385 (0)53 757 008 GSM Ivica: 00385 (0)91 133 0674 WhattsApp &#038; Viber: 00385 (0)91 [&hellip;]","og_url":"https:\/\/sankorana.com\/de\/kontakt\/","og_site_name":"SAN KORANA - Ivica Luketic, Plitvice Seen Kroatien","article_modified_time":"2025-06-13T21:02:33+00:00","twitter_card":"summary_large_image","twitter_misc":{"Gesch\u00e4tzte Lesezeit":"1\u00a0Minute"},"schema":{"@context":"https:\/\/schema.org","@graph":[{"@type":"WebPage","@id":"https:\/\/sankorana.com\/fr\/kontakt\/","url":"https:\/\/sankorana.com\/fr\/kontakt\/","name":"KONTAKT","isPartOf":{"@id":"https:\/\/sankorana.com\/#website"},"datePublished":"2017-02-27T11:19:18+00:00","dateModified":"2025-06-13T21:02:33+00:00","breadcrumb":{"@id":"https:\/\/sankorana.com\/fr\/kontakt\/#breadcrumb"},"inLanguage":"de-DE","potentialAction":[{"@type":"ReadAction","target":["https:\/\/sankorana.com\/fr\/kontakt\/"]}]},{"@type":"BreadcrumbList","@id":"https:\/\/sankorana.com\/fr\/kontakt\/#breadcrumb","itemListElement":[{"@type":"ListItem","position":1,"name":"Home","item":"https:\/\/sankorana.com\/"},{"@type":"ListItem","position":2,"name":"CONTACT"}]},{"@type":"WebSite","@id":"https:\/\/sankorana.com\/#website","url":"https:\/\/sankorana.com\/","name":"SAN KORANA - Ivica Luketic, Plitvice Seen Kroatien","description":"Plitvice Seen Kroatien - ***** San Korana Unterkunft","publisher":{"@id":"https:\/\/sankorana.com\/#organization"},"potentialAction":[{"@type":"SearchAction","target":{"@type":"EntryPoint","urlTemplate":"https:\/\/sankorana.com\/?s={search_term_string}"},"query-input":{"@type":"PropertyValueSpecification","valueRequired":true,"valueName":"search_term_string"}}],"inLanguage":"de-DE"},{"@type":"Organization","@id":"https:\/\/sankorana.com\/#organization","name":"San korana","url":"https:\/\/sankorana.com\/","logo":{"@type":"ImageObject","inLanguage":"de-DE","@id":"https:\/\/sankorana.com\/#\/schema\/logo\/image\/","url":"https:\/\/sankorana.com\/wp-content\/uploads\/2017\/02\/San-korana-logo.png","contentUrl":"https:\/\/sankorana.com\/wp-content\/uploads\/2017\/02\/San-korana-logo.png","width":120,"height":120,"caption":"San korana"},"image":{"@id":"https:\/\/sankorana.com\/#\/schema\/logo\/image\/"}}]}},"_links":{"self":[{"href":"https:\/\/sankorana.com\/de\/wp-json\/wp\/v2\/pages\/28","targetHints":{"allow":["GET"]}}],"collection":[{"href":"https:\/\/sankorana.com\/de\/wp-json\/wp\/v2\/pages"}],"about":[{"href":"https:\/\/sankorana.com\/de\/wp-json\/wp\/v2\/types\/page"}],"author":[{"embeddable":true,"href":"https:\/\/sankorana.com\/de\/wp-json\/wp\/v2\/users\/1"}],"replies":[{"embeddable":true,"href":"https:\/\/sankorana.com\/de\/wp-json\/wp\/v2\/comments?post=28"}],"version-history":[{"count":58,"href":"https:\/\/sankorana.com\/de\/wp-json\/wp\/v2\/pages\/28\/revisions"}],"predecessor-version":[{"id":866,"href":"https:\/\/sankorana.com\/de\/wp-json\/wp\/v2\/pages\/28\/revisions\/866"}],"wp:attachment":[{"href":"https:\/\/sankorana.com\/de\/wp-json\/wp\/v2\/media?parent=28"}],"curies":[{"name":"wp","href":"https:\/\/api.w.org\/{rel}","templated":true}]}}