{"id":26,"date":"2017-02-27T11:19:06","date_gmt":"2017-02-27T11:19:06","guid":{"rendered":"http:\/\/estart.com.hr\/sankorana\/?page_id=26"},"modified":"2025-06-13T20:59:29","modified_gmt":"2025-06-13T20:59:29","slug":"how-to-find-us","status":"publish","type":"page","link":"https:\/\/sankorana.com\/de\/how-to-find-us\/","title":{"rendered":"WIE FINDEN SIE UNS"},"content":{"rendered":"<p>Wir sind 130 km von der Stadt Zadar und 130 km von der Stadt Zagreb entfernt.<br \/>\n<!--more--><\/p>\n<p><img loading=\"lazy\" decoding=\"async\" class=\"aligncenter size-full wp-image-82\" src=\"https:\/\/sankorana.com\/wp-content\/uploads\/2017\/02\/kakoDoNas.jpg\" alt=\"\" width=\"997\" height=\"480\" srcset=\"https:\/\/sankorana.com\/wp-content\/uploads\/2017\/02\/kakoDoNas.jpg 997w, https:\/\/sankorana.com\/wp-content\/uploads\/2017\/02\/kakoDoNas-300x144.jpg 300w, https:\/\/sankorana.com\/wp-content\/uploads\/2017\/02\/kakoDoNas-768x370.jpg 768w\" sizes=\"auto, (max-width: 997px) 100vw, 997px\" \/><\/p>\n<p><!--more--><\/p>\n<p>Unsere Adresse:<\/p>\n<p>Ivica Luketic<br \/>\nKorana 15<br \/>\n53 231 Plitvicka Jezera<br \/>\nCroatia<\/p>\n<p>GPS Koordinaten: 44.924034, 15.615306.<\/p>\n<p>Sollte es Probleme mit der Ankunft geben, rufen Sie, bitte, Ivica an: \u00a0<a href=\"tel:%2B385%20%280%29%20911%20330%20674\"><span style=\"color: #3366ff;\">+385 (0) 911 330 674<\/span><\/a><\/p>\n<p>Wenn Sie keine GPS-Navigation haben und <strong>wenn Sie aus der Richtung Zagreb kommen<\/strong>, folgen Sie einfach:\u00a0Karlovac,\u00a0Slunj,\u00a0Rakovica,\u00a0Grabovac.\u00a0 Sie werden auch viele Reklametafel von dem Nationalpark Plitvicer Seen sehen, die sich der Hauptstra\u00dfe entlang in der Richtung von dem Nationalpark befinden. Nach Grabovac werden Sie auf der linken Seite CAMPING\u00a0KORANA\u00a0 sehen, aber Sie sollen ein paar hundert Meter der Hauptstra\u00dfe entlang weiter fahren\u00a0 und wenn Sie die Tafel mit RESTAURANT DEGENIJA sehen, fahren Sie noch 800 Meter weiter und dann biegen Sie nach rechts abseits der Hauptstra\u00dfe in der Richtung Josipdol, Pla\u0161ki, Saborsko ab.<\/p>\n<p>Auf der Hauptstra\u00dfe ist auch das Verkehrsschild f\u00fcr das Dorf SELO KORANA.\u00a0Folgen Sie, bitte, das Schild f\u00fcr Korana und fahren Sie unten in den Canyon des Flusses, der rund 300 Meter flussauf l\u00e4uft. Wenn Sie Wasserf\u00e4lle erblicken, werden Sie unser Haus \u00fcber den Wasserf\u00e4llen sehen:\u00a0SAN KORANA\u00a015.<\/p>\n<p><strong>Wenn sie aus dem S\u00fcden kommen<\/strong>, k\u00f6nnen Sie viele Reklametafel von dem Nationalpark Plitvicer Seen sehen. Nach ungef\u00e4hr 3 km nach dem Nationalpark werden Sie die gro\u00dfe blaue Br\u00fccke \u00fcberqueren, und sofort danach, zu Ihrer linken Seite ist die Kreuzung, wo Sie links in der Richtung Josipdo, Pla\u0161ki, Saborsko abbiegen sollen, und dann einfach die Tafel Korana folgen und nach unten in den Canyon neben dem Fluss fahren, die ungef\u00e4hr 300 Meter flussauf l\u00e4uft.<\/p>\n<p>Wenn Sie die Wasserf\u00e4lle erblicken, werden Sie unser Haus \u00fcber den Wasserf\u00e4llen sehen:\u00a0SAN KORANA\u00a015.<\/p>\n<p>&nbsp;<\/p>\n<p><iframe loading=\"lazy\" style=\"border: 0;\" src=\"https:\/\/www.google.com\/maps\/embed?pb=!1m18!1m12!1m3!1d2298.9573001313147!2d15.613438314929141!3d44.92417477733567!2m3!1f0!2f0!3f0!3m2!1i1024!2i768!4f13.1!3m3!1m2!1s0x4761596ae064d8c7%3A0xd8d0368bcdfcfedf!2sSankorana!5e1!3m2!1shr!2shr!4v1567787588336!5m2!1shr!2shr\" width=\"100%\" height=\"450\" frameborder=\"0\" allowfullscreen=\"allowfullscreen\"><\/iframe><\/p>\n","protected":false},"excerpt":{"rendered":"<p>Wir sind 130 km von der Stadt Zadar und 130 km von der Stadt Zagreb entfernt.<\/p>\n","protected":false},"author":1,"featured_media":0,"parent":0,"menu_order":0,"comment_status":"closed","ping_status":"closed","template":"","meta":{"footnotes":""},"class_list":["post-26","page","type-page","status-publish","hentry"],"yoast_head":"<!-- This site is optimized with the Yoast SEO plugin v25.3 - https:\/\/yoast.com\/wordpress\/plugins\/seo\/ -->\n<title>WIE FINDEN SIE UNS - SAN KORANA - Ivica Luketic, Plitvice Seen Kroatien<\/title>\n<meta name=\"robots\" content=\"index, follow, max-snippet:-1, max-image-preview:large, max-video-preview:-1\" \/>\n<link rel=\"canonical\" href=\"https:\/\/sankorana.com\/de\/how-to-find-us\/\" \/>\n<meta property=\"og:locale\" content=\"de_DE\" \/>\n<meta property=\"og:locale:alternate\" content=\"fr\" \/>\n<meta property=\"og:locale:alternate\" content=\"en_US\" \/>\n<meta property=\"og:locale:alternate\" content=\"it_IT\" \/>\n<meta property=\"og:type\" content=\"article\" \/>\n<meta property=\"og:title\" content=\"WIE FINDEN SIE UNS\" \/>\n<meta property=\"og:description\" content=\"We are located 130 kilometres from city of Zadar and 130 km from city of Zagreb.\" \/>\n<meta property=\"og:url\" content=\"https:\/\/sankorana.com\/de\/how-to-find-us\/\" \/>\n<meta property=\"og:site_name\" content=\"SAN KORANA - Ivica Luketic, Plitvice Seen Kroatien\" \/>\n<meta property=\"article:modified_time\" content=\"2025-06-13T20:59:29+00:00\" \/>\n<meta property=\"og:image\" content=\"https:\/\/sankorana.com\/wp-content\/uploads\/2017\/02\/kakoDoNas.jpg\" \/>\n\t<meta property=\"og:image:width\" content=\"997\" \/>\n\t<meta property=\"og:image:height\" content=\"480\" \/>\n\t<meta property=\"og:image:type\" content=\"image\/jpeg\" \/>\n<meta name=\"twitter:card\" content=\"summary_large_image\" \/>\n<meta name=\"twitter:label1\" content=\"Gesch\u00e4tzte Lesezeit\" \/>\n\t<meta name=\"twitter:data1\" content=\"2\u00a0Minuten\" \/>\n<script type=\"application\/ld+json\" class=\"yoast-schema-graph\">{\"@context\":\"https:\/\/schema.org\",\"@graph\":[{\"@type\":\"WebPage\",\"@id\":\"https:\/\/sankorana.com\/fr\/how-to-find-us\/\",\"url\":\"https:\/\/sankorana.com\/fr\/how-to-find-us\/\",\"name\":\"WIE FINDEN SIE UNS\",\"isPartOf\":{\"@id\":\"https:\/\/sankorana.com\/#website\"},\"primaryImageOfPage\":{\"@id\":\"https:\/\/sankorana.com\/fr\/how-to-find-us\/#primaryimage\"},\"image\":{\"@id\":\"https:\/\/sankorana.com\/fr\/how-to-find-us\/#primaryimage\"},\"thumbnailUrl\":\"https:\/\/sankorana.com\/wp-content\/uploads\/2017\/02\/kakoDoNas.jpg\",\"datePublished\":\"2017-02-27T11:19:06+00:00\",\"dateModified\":\"2025-06-13T20:59:29+00:00\",\"breadcrumb\":{\"@id\":\"https:\/\/sankorana.com\/fr\/how-to-find-us\/#breadcrumb\"},\"inLanguage\":\"de-DE\",\"potentialAction\":[{\"@type\":\"ReadAction\",\"target\":[\"https:\/\/sankorana.com\/fr\/how-to-find-us\/\"]}]},{\"@type\":\"ImageObject\",\"inLanguage\":\"de-DE\",\"@id\":\"https:\/\/sankorana.com\/fr\/how-to-find-us\/#primaryimage\",\"url\":\"https:\/\/sankorana.com\/wp-content\/uploads\/2017\/02\/kakoDoNas.jpg\",\"contentUrl\":\"https:\/\/sankorana.com\/wp-content\/uploads\/2017\/02\/kakoDoNas.jpg\"},{\"@type\":\"BreadcrumbList\",\"@id\":\"https:\/\/sankorana.com\/fr\/how-to-find-us\/#breadcrumb\",\"itemListElement\":[{\"@type\":\"ListItem\",\"position\":1,\"name\":\"Home\",\"item\":\"https:\/\/sankorana.com\/\"},{\"@type\":\"ListItem\",\"position\":2,\"name\":\"COMMENT NOUS TROUVER\"}]},{\"@type\":\"WebSite\",\"@id\":\"https:\/\/sankorana.com\/#website\",\"url\":\"https:\/\/sankorana.com\/\",\"name\":\"SAN KORANA - Ivica Luketic, Plitvice Seen Kroatien\",\"description\":\"Plitvice Seen Kroatien - ***** San Korana Unterkunft\",\"publisher\":{\"@id\":\"https:\/\/sankorana.com\/#organization\"},\"potentialAction\":[{\"@type\":\"SearchAction\",\"target\":{\"@type\":\"EntryPoint\",\"urlTemplate\":\"https:\/\/sankorana.com\/?s={search_term_string}\"},\"query-input\":{\"@type\":\"PropertyValueSpecification\",\"valueRequired\":true,\"valueName\":\"search_term_string\"}}],\"inLanguage\":\"de-DE\"},{\"@type\":\"Organization\",\"@id\":\"https:\/\/sankorana.com\/#organization\",\"name\":\"San korana\",\"url\":\"https:\/\/sankorana.com\/\",\"logo\":{\"@type\":\"ImageObject\",\"inLanguage\":\"de-DE\",\"@id\":\"https:\/\/sankorana.com\/#\/schema\/logo\/image\/\",\"url\":\"https:\/\/sankorana.com\/wp-content\/uploads\/2017\/02\/San-korana-logo.png\",\"contentUrl\":\"https:\/\/sankorana.com\/wp-content\/uploads\/2017\/02\/San-korana-logo.png\",\"width\":120,\"height\":120,\"caption\":\"San korana\"},\"image\":{\"@id\":\"https:\/\/sankorana.com\/#\/schema\/logo\/image\/\"}}]}<\/script>\n<!-- \/ Yoast SEO plugin. -->","yoast_head_json":{"title":"WIE FINDEN SIE UNS - SAN KORANA - Ivica Luketic, Plitvice Seen Kroatien","robots":{"index":"index","follow":"follow","max-snippet":"max-snippet:-1","max-image-preview":"max-image-preview:large","max-video-preview":"max-video-preview:-1"},"canonical":"https:\/\/sankorana.com\/de\/how-to-find-us\/","og_locale":"de_DE","og_type":"article","og_title":"[:en]HOW TO FIND US[:de]WIE FINDEN SIE UNS[:it]COME TROVARCI[:fr]COMMENT NOUS TROUVER[:] - SAN KORANA - Ivica Luketic, Plitvice Seen Kroatien","og_description":"We are located 130 kilometres from city of Zadar and 130 km from city of Zagreb.","og_url":"https:\/\/sankorana.com\/de\/how-to-find-us\/","og_site_name":"SAN KORANA - Ivica Luketic, Plitvice Seen Kroatien","article_modified_time":"2025-06-13T20:59:29+00:00","og_image":[{"width":997,"height":480,"url":"https:\/\/sankorana.com\/wp-content\/uploads\/2017\/02\/kakoDoNas.jpg","type":"image\/jpeg"}],"twitter_card":"summary_large_image","twitter_misc":{"Gesch\u00e4tzte Lesezeit":"2\u00a0Minuten"},"schema":{"@context":"https:\/\/schema.org","@graph":[{"@type":"WebPage","@id":"https:\/\/sankorana.com\/fr\/how-to-find-us\/","url":"https:\/\/sankorana.com\/fr\/how-to-find-us\/","name":"WIE FINDEN SIE UNS","isPartOf":{"@id":"https:\/\/sankorana.com\/#website"},"primaryImageOfPage":{"@id":"https:\/\/sankorana.com\/fr\/how-to-find-us\/#primaryimage"},"image":{"@id":"https:\/\/sankorana.com\/fr\/how-to-find-us\/#primaryimage"},"thumbnailUrl":"https:\/\/sankorana.com\/wp-content\/uploads\/2017\/02\/kakoDoNas.jpg","datePublished":"2017-02-27T11:19:06+00:00","dateModified":"2025-06-13T20:59:29+00:00","breadcrumb":{"@id":"https:\/\/sankorana.com\/fr\/how-to-find-us\/#breadcrumb"},"inLanguage":"de-DE","potentialAction":[{"@type":"ReadAction","target":["https:\/\/sankorana.com\/fr\/how-to-find-us\/"]}]},{"@type":"ImageObject","inLanguage":"de-DE","@id":"https:\/\/sankorana.com\/fr\/how-to-find-us\/#primaryimage","url":"https:\/\/sankorana.com\/wp-content\/uploads\/2017\/02\/kakoDoNas.jpg","contentUrl":"https:\/\/sankorana.com\/wp-content\/uploads\/2017\/02\/kakoDoNas.jpg"},{"@type":"BreadcrumbList","@id":"https:\/\/sankorana.com\/fr\/how-to-find-us\/#breadcrumb","itemListElement":[{"@type":"ListItem","position":1,"name":"Home","item":"https:\/\/sankorana.com\/"},{"@type":"ListItem","position":2,"name":"COMMENT NOUS TROUVER"}]},{"@type":"WebSite","@id":"https:\/\/sankorana.com\/#website","url":"https:\/\/sankorana.com\/","name":"SAN KORANA - Ivica Luketic, Plitvice Seen Kroatien","description":"Plitvice Seen Kroatien - ***** San Korana Unterkunft","publisher":{"@id":"https:\/\/sankorana.com\/#organization"},"potentialAction":[{"@type":"SearchAction","target":{"@type":"EntryPoint","urlTemplate":"https:\/\/sankorana.com\/?s={search_term_string}"},"query-input":{"@type":"PropertyValueSpecification","valueRequired":true,"valueName":"search_term_string"}}],"inLanguage":"de-DE"},{"@type":"Organization","@id":"https:\/\/sankorana.com\/#organization","name":"San korana","url":"https:\/\/sankorana.com\/","logo":{"@type":"ImageObject","inLanguage":"de-DE","@id":"https:\/\/sankorana.com\/#\/schema\/logo\/image\/","url":"https:\/\/sankorana.com\/wp-content\/uploads\/2017\/02\/San-korana-logo.png","contentUrl":"https:\/\/sankorana.com\/wp-content\/uploads\/2017\/02\/San-korana-logo.png","width":120,"height":120,"caption":"San korana"},"image":{"@id":"https:\/\/sankorana.com\/#\/schema\/logo\/image\/"}}]}},"_links":{"self":[{"href":"https:\/\/sankorana.com\/de\/wp-json\/wp\/v2\/pages\/26","targetHints":{"allow":["GET"]}}],"collection":[{"href":"https:\/\/sankorana.com\/de\/wp-json\/wp\/v2\/pages"}],"about":[{"href":"https:\/\/sankorana.com\/de\/wp-json\/wp\/v2\/types\/page"}],"author":[{"embeddable":true,"href":"https:\/\/sankorana.com\/de\/wp-json\/wp\/v2\/users\/1"}],"replies":[{"embeddable":true,"href":"https:\/\/sankorana.com\/de\/wp-json\/wp\/v2\/comments?post=26"}],"version-history":[{"count":52,"href":"https:\/\/sankorana.com\/de\/wp-json\/wp\/v2\/pages\/26\/revisions"}],"predecessor-version":[{"id":863,"href":"https:\/\/sankorana.com\/de\/wp-json\/wp\/v2\/pages\/26\/revisions\/863"}],"wp:attachment":[{"href":"https:\/\/sankorana.com\/de\/wp-json\/wp\/v2\/media?parent=26"}],"curies":[{"name":"wp","href":"https:\/\/api.w.org\/{rel}","templated":true}]}}