{"id":22,"date":"2017-02-27T11:18:26","date_gmt":"2017-02-27T11:18:26","guid":{"rendered":"http:\/\/estart.com.hr\/sankorana\/?page_id=22"},"modified":"2025-06-13T20:58:15","modified_gmt":"2025-06-13T20:58:15","slug":"general-info","status":"publish","type":"page","link":"https:\/\/sankorana.com\/de\/general-info\/","title":{"rendered":"ALGEMEINE INFORMATIONEN"},"content":{"rendered":"<p>Wir geben noch ein paar weiteren Informationen \u00fcber unser Haus an: Sie k\u00f6nnen direkt neben den Wasserf\u00e4llen, die nu rein paar Meter von unserem Haus entfernt sind, grillen. Wir empfehlen auch allen unseren G\u00e4sten, einige hervorragende Restaurants zu besuchen, die sich in der N\u00e4he von unserem Dorf befinden und ein reiches preisg\u00fcnstiges Angebot haben.<\/p>\n<p>Sie werden wahrscheinlich Ihren Aufenthalt an den Plitvicer Seen selbst planen, aber wir haben auch weitere Vorschl\u00e4ge f\u00fcr Sie vorbereitet. Ivica, der Eigent\u00fcmer von San Korana, war Manager von dem Nationalpark Plitvicer Seen, der f\u00fcr die Organisation bezugnehmend auf den Aufenthalt von Besuchern zust\u00e4ndig war \u2013 die Ankunft, den Besuch zum Nationalpark Plitvicer Seen und die Abfahrt.<\/p>\n<p>Ivica war auch f\u00fcr alle Auskunftsb\u00fcros zust\u00e4ndig, moderierte und plante gef\u00fchrte Touren, organisierte Transport f\u00fcr Besucher mit dem Bus und Booten. Ivica ist auch der Autor von Programmen (Routen) f\u00fcr den Besuch im Park \u2013 mit verschiedener Dauer f\u00fcr jedes Programm.<\/p>\n<p>Wann immer Sie sich entscheiden, bei uns in San Korana zu verweilen, wird er f\u00fcr Sie besondere nach Ihrem Wunsch und nach der verf\u00fcgbaren Zeit und Pr\u00e4ferenzen gefertigte Touren organisieren, was die meistens attraktive Zielorte einschlie\u00dft. Dabei wird es gesichert, dass Sie die phantastischen landschaftlichen Sch\u00f6nheiten im Park besuchen und genie\u00dfen, und besonders, dass Sie sich in unserem Haus gut und frei f\u00fchlen \u2013 als ob Sie zu Ihre eigenen Haus w\u00e4ren.<\/p>\n<p><span id=\"result_box\" class=\"short_text\" lang=\"de\"><span class=\"\">KONTAKTDATEN<\/span><\/span><\/p>\n<p><span id=\"result_box\" class=\"short_text\" lang=\"de\"><span class=\"\">Privatunterkunft<\/span><\/span>\u00a0SAN KORANA \u2013 Ivica Luketi\u0107<br \/>\nKorana 15<br \/>\n53231 Plitvi\u010dka jezera<\/p>\n<p>KROATIEN<br \/>\n<strong>tel<\/strong>: 00 385 (0)53 757 008<br \/>\n<strong>gsm Ivica<\/strong>: 00 385 (0)91 133 0674<\/p>\n<p>Sie k\u00f6nnen uns auch auf\u00a0<a href=\"https:\/\/www.facebook.com\/SankoranaPlitviceLakes\/\">Facebook<\/a>\u00a0und\u00a0<a href=\"https:\/\/www.linkedin.com\/in\/sankorana-accommodation-95b750123\/\">LinkedIn<\/a>\u00a0folgen.<\/p>\n<p>Kontaktieren Sie uns, bitte, wenn Sie buchen wollen oder eventuell Vorschl\u00e4ge haben.<\/p>\n<p>Wir w\u00fcnschen Ihnen einen sch\u00f6nen Urlaub in Kroatien!<\/p>\n<p>\u2014\u2014\u2014\u2014\u2014\u2014\u2014\u2014\u2014\u2014\u2014\u2014\u2014\u2014\u2014\u2014\u2014\u2014\u2014\u2014\u2014\u2014\u2014\u2014\u2014\u2014-<\/p>\n<p><span class=\"text\">Weitere Informationen \u00fcber Sonstige Dienstleistungen finden Sie hier:<br \/>\n<\/span><\/p>\n<p><strong><span id=\"result_box\" class=\"short_text\" lang=\"de\"><span class=\"\">PLITVICER SEEN TOURISTISCHE GEMEINSCHAFT<\/span><\/span><\/strong><\/p>\n<p>Trg sv. Jurja 6<br \/>\n53 230 Korenica<br \/>\ntel\/fax: 00385 (0)53 776 798<\/p>\n<p><strong>POLIZEI<\/strong><br \/>\nP.\u0160njari\u0107a b.b.<br \/>\n53 230 Korenica<br \/>\ntel: 00385 (0)53\/675-810<\/p>\n<p><strong>KRANKENWAGEN<\/strong><br \/>\nAmbulanz Korenica:<br \/>\nZagreba\u010dka 41<br \/>\ntel. 00385 (0)53\/776-591<\/p>\n<p>Ambulanz Plitvicer Seen:<br \/>\nMukinje b.b.<br \/>\ntel. 00385 (0)53\/774-057<\/p>\n<p><strong><span id=\"result_box\" class=\"short_text\" lang=\"de\"><span class=\"\">FEUERWEHR<\/span><\/span><\/strong><br \/>\nTrg. sv. Jurja 4<br \/>\n53 230 Korenica<br \/>\ntel. 00385 (0)53\/776-053<\/p>\n<p><strong>APOTHEKE<\/strong><br \/>\nJ. Jovi\u0107a 2<br \/>\n53 230 Korenica<br \/>\ntel. 00385 (0)53\/776-174<\/p>\n<p><strong>POST<\/strong><br \/>\nPost Korenica:<br \/>\nTrg. sv. Jurja 13<br \/>\ntel. 00385 (0)53\/776-595<\/p>\n<p>Post Plitvicer Seen:<\/p>\n<p>Mukinje b.b.<br \/>\ntel. 00385 (0)53\/774-220<\/p>\n<p><strong>BANK<\/strong><br \/>\nPrivredna banka Zagreb \u2013 Plitvicer Seen:<br \/>\nHotel Bellevue<br \/>\ntel. 00385 (0)53\/774-052<\/p>\n<p>Karlova\u010dka banka \u2013 Korenica:<br \/>\ntel. 00385 (0)53\/776-252<\/p>\n<p><strong>AUTO\u00a0<span id=\"result_box\" class=\"short_text\" lang=\"de\"><span class=\"\">ABSCHLEPPDIENST<\/span><\/span><\/strong><br \/>\nP. \u0160njari\u0107a 3<br \/>\ntel. 00385 (0)53\/776-229<\/p>\n","protected":false},"excerpt":{"rendered":"<p>Whatever time you choose to stay in San Korana, we will arrange special \u201ccustom-made\u201d routes according to your available time and preferences, which include most attractive positions<\/p>\n","protected":false},"author":1,"featured_media":0,"parent":0,"menu_order":0,"comment_status":"closed","ping_status":"closed","template":"","meta":{"footnotes":""},"class_list":["post-22","page","type-page","status-publish","hentry"],"yoast_head":"<!-- This site is optimized with the Yoast SEO plugin v25.3 - https:\/\/yoast.com\/wordpress\/plugins\/seo\/ -->\n<title>{:en}About San Korana - Experience Unique Nature of Plitivice Lakes{:}[:]<\/title>\n<meta name=\"description\" content=\"{:en}Experience nature of Plitvice lakes at San Korana. Our house is next to a waterfall where you can barbecue. Your host will give you great tips about your stay.{:}\" \/>\n<meta name=\"robots\" content=\"index, follow, max-snippet:-1, max-image-preview:large, max-video-preview:-1\" \/>\n<link rel=\"canonical\" href=\"https:\/\/sankorana.com\/de\/general-info\/\" \/>\n<meta property=\"og:locale\" content=\"de_DE\" \/>\n<meta property=\"og:locale:alternate\" content=\"fr\" \/>\n<meta property=\"og:locale:alternate\" content=\"en_US\" \/>\n<meta property=\"og:locale:alternate\" content=\"it_IT\" \/>\n<meta property=\"og:type\" content=\"article\" \/>\n<meta property=\"og:title\" content=\"{:en}About San Korana - Experience Unique Nature of Plitivice Lakes{:}\" \/>\n<meta property=\"og:description\" content=\"{:en}Experience nature of Plitvice lakes at San Korana. Our house is next to a waterfall where you can barbecue. Your host will give you great tips about your stay.{:}\" \/>\n<meta property=\"og:url\" content=\"https:\/\/sankorana.com\/de\/general-info\/\" \/>\n<meta property=\"og:site_name\" content=\"SAN KORANA - Ivica Luketic, Plitvice Seen Kroatien\" \/>\n<meta property=\"article:modified_time\" content=\"2025-06-13T20:58:15+00:00\" \/>\n<meta name=\"twitter:card\" content=\"summary_large_image\" \/>\n<meta name=\"twitter:label1\" content=\"Gesch\u00e4tzte Lesezeit\" \/>\n\t<meta name=\"twitter:data1\" content=\"2\u00a0Minuten\" \/>\n<script type=\"application\/ld+json\" class=\"yoast-schema-graph\">{\"@context\":\"https:\/\/schema.org\",\"@graph\":[{\"@type\":\"WebPage\",\"@id\":\"https:\/\/sankorana.com\/fr\/general-info\/\",\"url\":\"https:\/\/sankorana.com\/fr\/general-info\/\",\"name\":\"{:en}About San Korana - Experience Unique Nature of Plitivice Lakes{:}\",\"isPartOf\":{\"@id\":\"https:\/\/sankorana.com\/#website\"},\"datePublished\":\"2017-02-27T11:18:26+00:00\",\"dateModified\":\"2025-06-13T20:58:15+00:00\",\"description\":\"{:en}Experience nature of Plitvice lakes at San Korana. Our house is next to a waterfall where you can barbecue. Your host will give you great tips about your stay.{:}\",\"breadcrumb\":{\"@id\":\"https:\/\/sankorana.com\/fr\/general-info\/#breadcrumb\"},\"inLanguage\":\"de-DE\",\"potentialAction\":[{\"@type\":\"ReadAction\",\"target\":[\"https:\/\/sankorana.com\/fr\/general-info\/\"]}]},{\"@type\":\"BreadcrumbList\",\"@id\":\"https:\/\/sankorana.com\/fr\/general-info\/#breadcrumb\",\"itemListElement\":[{\"@type\":\"ListItem\",\"position\":1,\"name\":\"Home\",\"item\":\"https:\/\/sankorana.com\/\"},{\"@type\":\"ListItem\",\"position\":2,\"name\":\"INFO G\u00c9N\u00c9RALE\"}]},{\"@type\":\"WebSite\",\"@id\":\"https:\/\/sankorana.com\/#website\",\"url\":\"https:\/\/sankorana.com\/\",\"name\":\"SAN KORANA - Ivica Luketic, Plitvice Seen Kroatien\",\"description\":\"Plitvice Seen Kroatien - ***** San Korana Unterkunft\",\"publisher\":{\"@id\":\"https:\/\/sankorana.com\/#organization\"},\"potentialAction\":[{\"@type\":\"SearchAction\",\"target\":{\"@type\":\"EntryPoint\",\"urlTemplate\":\"https:\/\/sankorana.com\/?s={search_term_string}\"},\"query-input\":{\"@type\":\"PropertyValueSpecification\",\"valueRequired\":true,\"valueName\":\"search_term_string\"}}],\"inLanguage\":\"de-DE\"},{\"@type\":\"Organization\",\"@id\":\"https:\/\/sankorana.com\/#organization\",\"name\":\"San korana\",\"url\":\"https:\/\/sankorana.com\/\",\"logo\":{\"@type\":\"ImageObject\",\"inLanguage\":\"de-DE\",\"@id\":\"https:\/\/sankorana.com\/#\/schema\/logo\/image\/\",\"url\":\"https:\/\/sankorana.com\/wp-content\/uploads\/2017\/02\/San-korana-logo.png\",\"contentUrl\":\"https:\/\/sankorana.com\/wp-content\/uploads\/2017\/02\/San-korana-logo.png\",\"width\":120,\"height\":120,\"caption\":\"San korana\"},\"image\":{\"@id\":\"https:\/\/sankorana.com\/#\/schema\/logo\/image\/\"}}]}<\/script>\n<!-- \/ Yoast SEO plugin. -->","yoast_head_json":{"title":"{:en}About San Korana - Experience Unique Nature of Plitivice Lakes{:}[:]","description":"{:en}Experience nature of Plitvice lakes at San Korana. Our house is next to a waterfall where you can barbecue. Your host will give you great tips about your stay.{:}","robots":{"index":"index","follow":"follow","max-snippet":"max-snippet:-1","max-image-preview":"max-image-preview:large","max-video-preview":"max-video-preview:-1"},"canonical":"https:\/\/sankorana.com\/de\/general-info\/","og_locale":"de_DE","og_type":"article","og_title":"[:en]{:en}About San Korana - Experience Unique Nature of Plitivice Lakes{:}[:]","og_description":"[:en]{:en}Experience nature of Plitvice lakes at San Korana. Our house is next to a waterfall where you can barbecue. Your host will give you great tips about your stay.{:}[:]","og_url":"https:\/\/sankorana.com\/de\/general-info\/","og_site_name":"SAN KORANA - Ivica Luketic, Plitvice Seen Kroatien","article_modified_time":"2025-06-13T20:58:15+00:00","twitter_card":"summary_large_image","twitter_misc":{"Gesch\u00e4tzte Lesezeit":"2\u00a0Minuten"},"schema":{"@context":"https:\/\/schema.org","@graph":[{"@type":"WebPage","@id":"https:\/\/sankorana.com\/fr\/general-info\/","url":"https:\/\/sankorana.com\/fr\/general-info\/","name":"{:en}About San Korana - Experience Unique Nature of Plitivice Lakes{:}","isPartOf":{"@id":"https:\/\/sankorana.com\/#website"},"datePublished":"2017-02-27T11:18:26+00:00","dateModified":"2025-06-13T20:58:15+00:00","description":"{:en}Experience nature of Plitvice lakes at San Korana. Our house is next to a waterfall where you can barbecue. Your host will give you great tips about your stay.{:}","breadcrumb":{"@id":"https:\/\/sankorana.com\/fr\/general-info\/#breadcrumb"},"inLanguage":"de-DE","potentialAction":[{"@type":"ReadAction","target":["https:\/\/sankorana.com\/fr\/general-info\/"]}]},{"@type":"BreadcrumbList","@id":"https:\/\/sankorana.com\/fr\/general-info\/#breadcrumb","itemListElement":[{"@type":"ListItem","position":1,"name":"Home","item":"https:\/\/sankorana.com\/"},{"@type":"ListItem","position":2,"name":"INFO G\u00c9N\u00c9RALE"}]},{"@type":"WebSite","@id":"https:\/\/sankorana.com\/#website","url":"https:\/\/sankorana.com\/","name":"SAN KORANA - Ivica Luketic, Plitvice Seen Kroatien","description":"Plitvice Seen Kroatien - ***** San Korana Unterkunft","publisher":{"@id":"https:\/\/sankorana.com\/#organization"},"potentialAction":[{"@type":"SearchAction","target":{"@type":"EntryPoint","urlTemplate":"https:\/\/sankorana.com\/?s={search_term_string}"},"query-input":{"@type":"PropertyValueSpecification","valueRequired":true,"valueName":"search_term_string"}}],"inLanguage":"de-DE"},{"@type":"Organization","@id":"https:\/\/sankorana.com\/#organization","name":"San korana","url":"https:\/\/sankorana.com\/","logo":{"@type":"ImageObject","inLanguage":"de-DE","@id":"https:\/\/sankorana.com\/#\/schema\/logo\/image\/","url":"https:\/\/sankorana.com\/wp-content\/uploads\/2017\/02\/San-korana-logo.png","contentUrl":"https:\/\/sankorana.com\/wp-content\/uploads\/2017\/02\/San-korana-logo.png","width":120,"height":120,"caption":"San korana"},"image":{"@id":"https:\/\/sankorana.com\/#\/schema\/logo\/image\/"}}]}},"_links":{"self":[{"href":"https:\/\/sankorana.com\/de\/wp-json\/wp\/v2\/pages\/22","targetHints":{"allow":["GET"]}}],"collection":[{"href":"https:\/\/sankorana.com\/de\/wp-json\/wp\/v2\/pages"}],"about":[{"href":"https:\/\/sankorana.com\/de\/wp-json\/wp\/v2\/types\/page"}],"author":[{"embeddable":true,"href":"https:\/\/sankorana.com\/de\/wp-json\/wp\/v2\/users\/1"}],"replies":[{"embeddable":true,"href":"https:\/\/sankorana.com\/de\/wp-json\/wp\/v2\/comments?post=22"}],"version-history":[{"count":45,"href":"https:\/\/sankorana.com\/de\/wp-json\/wp\/v2\/pages\/22\/revisions"}],"predecessor-version":[{"id":862,"href":"https:\/\/sankorana.com\/de\/wp-json\/wp\/v2\/pages\/22\/revisions\/862"}],"wp:attachment":[{"href":"https:\/\/sankorana.com\/de\/wp-json\/wp\/v2\/media?parent=22"}],"curies":[{"name":"wp","href":"https:\/\/api.w.org\/{rel}","templated":true}]}}