{"id":20,"date":"2017-02-27T11:18:13","date_gmt":"2017-02-27T11:18:13","guid":{"rendered":"http:\/\/estart.com.hr\/sankorana\/?page_id=20"},"modified":"2025-06-13T20:55:12","modified_gmt":"2025-06-13T20:55:12","slug":"plitvice-facts-did-you-know","status":"publish","type":"page","link":"https:\/\/sankorana.com\/de\/plitvice-facts-did-you-know\/","title":{"rendered":"HABEN SIE GEWUSST"},"content":{"rendered":"<p>Abgesehen von Natursch\u00f6nheiten gibt es in Kroatien viele bekannte Erfinder,\u00a0 und es wurden in diesem Gebiet\u00a0 verschiedene Erfindungen gemacht. Wir werden Ihnen mehr \u00fcber einige bekannte Kroaten aus unserer Geschichte erz\u00e4hlen, deren Erfindungen eine ganze Zeitperiode beeinflusst und die Geschichte der Menschheit ver\u00e4ndert haben<\/p>\n<p><strong>Elektrizit\u00e4t<\/strong><br \/>\nNIKOLA TESLA (1856-1943) wurde in Smiljan neben Gospic (ungef\u00e4hr 52 Kilometer \/ 45 Minuten Fahrt von den Plitvicer Seen entfernt) geboren. Er ist einer der gr\u00f6\u00dften Erfinder aller Zeiten. Er gab der Menschheit viele Erfindungen, wie zum Beispiel die Erfindungen im Gebiet der Elektrotechnik, er erm\u00f6glichte den Betrieb von dem ersten Wasserkraftwerk an Niagaraf\u00e4llen mit seinen Wechselstrom-Patenten, wie auch die Entwicklung von Radarger\u00e4ten. Die Einheit f\u00fcr magnetische Flussdichte (Tesla \u2013 T) wurde nach seinem Namen benannt. Er verlie\u00df uns mit mehr als 700 Erfindungen und 112 Patenten in verschiedenen Gebieten der Technologie, und er wurde \u201eder Mann, der die Welt erleuchtete\u201c genannt.<\/p>\n<p><strong>Der Torpedo<\/strong><br \/>\nIVAN LUPIS (1813-1875), der Marineoffizier aus Rijeka, der Erfinder des Torpedos, der zum ersten Mal in der Fabrik Whitehead in Rijeka in 1866 hergestellt wurde.<\/p>\n<p><strong>Die Krawatte<\/strong><br \/>\nDen dekorative Bekleidungsartikel \u00a0trugen die kroatischen S\u00f6ldner und sie wurde erstmalig von dem franz\u00f6sischen K\u00f6nig Louis XIII. bemerkt, dem sie sich f\u00fcr \u00a0ihren heldenhaften Einsatz im Drei\u00dfigj\u00e4hrigen Krieg im Jahr 1653 pr\u00e4sentierten. Die Krawatte wurde demn\u00e4chst auf dem franz\u00f6sischen Hof akzeptiert\u00a0 und wurde zum Modekleidungsst\u00fcck der damaligen Bourgeoisie als Symbol f\u00fcr Eleganz und Kultur.\u00a0 Sie verbreitete sich\u00a0 bald in Europa und weltweit\u00a0 und wurde bald \u00a0am meisten respektierter Teil der Kleidung, aber leider nicht mit dem Namen des beliebtesten kroatischen Produkts.<\/p>\n<p><strong>Der Fallschirm<\/strong><br \/>\nFAUST VRANCIC (1551-1617), der Erfinder, Philosoph und Lexikograf; er entwickelte zahlreiche technische Erfindungen, unter anderem, den Fallschirm. Die ersten Skizzen vom Fallschirm wurden von dem Genie Leonardo da Vinci in der Zeit seit 1452 \u2013 1519 gemacht. Der erste Fallschirm wurde von dem Erfinder aus \u0160ibenik, Faust Vran\u010di\u0107 gebaut und erfolgreich demonstriert, als er von einem Turm in Venedig im Jahr 1617 sprang.<\/p>\n<p><strong>Der Kugelschreiber\u00a0 (Kuli und F\u00fcllfederhalter)<\/strong><br \/>\nSLAVOLJUB PENKALA, (1871-192.) Er erfand den Kugelschreiber und F\u00fcllfederhalter in 1906 und war der erste Kroate, der das Zweisitzer-Flugzeug baute. Obwohl er am besten f\u00fcr die Erfindung des mechanischen Kugelschreibers bekannt ist, der heute in Kroatien oft penkala genannt wird, erfasst seine Arbeit rund 80 Erfindungen im Gebiet der Mechanik, Chemie, Physik, Aeronautik und Luftfahrt, wie auch in anderen Gebieten.<\/p>\n<p><strong>Marco Polo<\/strong><br \/>\nMARCO POLO (1254-1324.), der venezianische Abenteurer und Erforscher, dem zugeschrieben ist, dass er China f\u00fcr Europa entdeckt hat; er stammt von der Insel Kor\u010dula.<\/p>\n<p><strong>Der MP3 player<\/strong><br \/>\nHaben Sie gewusst, dass das kleine Ger\u00e4t, das viele Leute gl\u00fccklich macht, wenn sie zur Arbeit oder in die Schule gehen, von dem jungen kroatischen Programmierer Tomislav Uzelac entdeckt wurde? Er war der erste, der in 1997 dieses erstaunliche Ger\u00e4t, MP MP3 Playback Engine gebaut hat, \u00a0das als der erste MP3 player gilt. Die amerikanischen Studenten haben es f\u00fcr Windows adaptiert und ihn \u201cWinAmp\u201d genannt.<\/p>\n","protected":false},"excerpt":{"rendered":"<p>Abgesehen von Natursch\u00f6nheiten gibt es in Kroatien viele bekannte Erfinder,\u00a0 und es wurden in diesem Gebiet\u00a0 verschiedene Erfindungen gemacht. Wir werden Ihnen mehr \u00fcber einige bekannte Kroaten aus unserer Geschichte erz\u00e4hlen, deren Erfindungen eine ganze Zeitperiode beeinflusst und die Geschichte der Menschheit ver\u00e4ndert haben Elektrizit\u00e4t NIKOLA TESLA (1856-1943) wurde in Smiljan neben Gospic (ungef\u00e4hr 52 [&hellip;]<\/p>\n","protected":false},"author":1,"featured_media":0,"parent":0,"menu_order":0,"comment_status":"closed","ping_status":"closed","template":"","meta":{"footnotes":""},"class_list":["post-20","page","type-page","status-publish","hentry"],"yoast_head":"<!-- This site is optimized with the Yoast SEO plugin v25.3 - https:\/\/yoast.com\/wordpress\/plugins\/seo\/ -->\n<title>Plitvice Facts -  - Saviez-vous que Nikola Tesla est n\u00e9 \u00e0 50 km d&#039;ici ?[:]<\/title>\n<meta name=\"description\" content=\"Some interesting facts about Croatia and Plitvice. When here drive to Smiljan to visit the birth place and house of Nikola Tesla.\" \/>\n<meta name=\"robots\" content=\"index, follow, max-snippet:-1, max-image-preview:large, max-video-preview:-1\" \/>\n<link rel=\"canonical\" href=\"https:\/\/sankorana.com\/de\/plitvice-facts-did-you-know\/\" \/>\n<meta property=\"og:locale\" content=\"de_DE\" \/>\n<meta property=\"og:locale:alternate\" content=\"fr\" \/>\n<meta property=\"og:locale:alternate\" content=\"en_US\" \/>\n<meta property=\"og:locale:alternate\" content=\"it_IT\" \/>\n<meta property=\"og:type\" content=\"article\" \/>\n<meta property=\"og:title\" content=\"Plitvice Facts - Did You Know that Nikola Tesla was born 50 km from here?\" \/>\n<meta property=\"og:description\" content=\"Some interesting facts about Croatia and Plitvice. When here drive to Smiljan to visit the birth place and house of Nikola Tesla.\" \/>\n<meta property=\"og:url\" content=\"https:\/\/sankorana.com\/de\/plitvice-facts-did-you-know\/\" \/>\n<meta property=\"og:site_name\" content=\"SAN KORANA - Ivica Luketic, Plitvice Seen Kroatien\" \/>\n<meta property=\"article:modified_time\" content=\"2025-06-13T20:55:12+00:00\" \/>\n<meta name=\"twitter:card\" content=\"summary_large_image\" \/>\n<meta name=\"twitter:label1\" content=\"Gesch\u00e4tzte Lesezeit\" \/>\n\t<meta name=\"twitter:data1\" content=\"3\u00a0Minuten\" \/>\n<script type=\"application\/ld+json\" class=\"yoast-schema-graph\">{\"@context\":\"https:\/\/schema.org\",\"@graph\":[{\"@type\":\"WebPage\",\"@id\":\"https:\/\/sankorana.com\/fr\/plitvice-facts-did-you-know\/\",\"url\":\"https:\/\/sankorana.com\/fr\/plitvice-facts-did-you-know\/\",\"name\":\"Plitvice Facts - Did You Know that Nikola Tesla was born 50 km from here?\",\"isPartOf\":{\"@id\":\"https:\/\/sankorana.com\/#website\"},\"datePublished\":\"2017-02-27T11:18:13+00:00\",\"dateModified\":\"2025-06-13T20:55:12+00:00\",\"description\":\"Some interesting facts about Croatia and Plitvice. When here drive to Smiljan to visit the birth place and house of Nikola Tesla.\",\"breadcrumb\":{\"@id\":\"https:\/\/sankorana.com\/fr\/plitvice-facts-did-you-know\/#breadcrumb\"},\"inLanguage\":\"de-DE\",\"potentialAction\":[{\"@type\":\"ReadAction\",\"target\":[\"https:\/\/sankorana.com\/fr\/plitvice-facts-did-you-know\/\"]}]},{\"@type\":\"BreadcrumbList\",\"@id\":\"https:\/\/sankorana.com\/fr\/plitvice-facts-did-you-know\/#breadcrumb\",\"itemListElement\":[{\"@type\":\"ListItem\",\"position\":1,\"name\":\"Home\",\"item\":\"https:\/\/sankorana.com\/\"},{\"@type\":\"ListItem\",\"position\":2,\"name\":\"SAVIEZ-VOUS\"}]},{\"@type\":\"WebSite\",\"@id\":\"https:\/\/sankorana.com\/#website\",\"url\":\"https:\/\/sankorana.com\/\",\"name\":\"SAN KORANA - Ivica Luketic, Plitvice Seen Kroatien\",\"description\":\"Plitvice Seen Kroatien - ***** San Korana Unterkunft\",\"publisher\":{\"@id\":\"https:\/\/sankorana.com\/#organization\"},\"potentialAction\":[{\"@type\":\"SearchAction\",\"target\":{\"@type\":\"EntryPoint\",\"urlTemplate\":\"https:\/\/sankorana.com\/?s={search_term_string}\"},\"query-input\":{\"@type\":\"PropertyValueSpecification\",\"valueRequired\":true,\"valueName\":\"search_term_string\"}}],\"inLanguage\":\"de-DE\"},{\"@type\":\"Organization\",\"@id\":\"https:\/\/sankorana.com\/#organization\",\"name\":\"San korana\",\"url\":\"https:\/\/sankorana.com\/\",\"logo\":{\"@type\":\"ImageObject\",\"inLanguage\":\"de-DE\",\"@id\":\"https:\/\/sankorana.com\/#\/schema\/logo\/image\/\",\"url\":\"https:\/\/sankorana.com\/wp-content\/uploads\/2017\/02\/San-korana-logo.png\",\"contentUrl\":\"https:\/\/sankorana.com\/wp-content\/uploads\/2017\/02\/San-korana-logo.png\",\"width\":120,\"height\":120,\"caption\":\"San korana\"},\"image\":{\"@id\":\"https:\/\/sankorana.com\/#\/schema\/logo\/image\/\"}}]}<\/script>\n<!-- \/ Yoast SEO plugin. -->","yoast_head_json":{"title":"Plitvice Facts -  - Saviez-vous que Nikola Tesla est n\u00e9 \u00e0 50 km d'ici ?[:]","description":"Some interesting facts about Croatia and Plitvice. When here drive to Smiljan to visit the birth place and house of Nikola Tesla.","robots":{"index":"index","follow":"follow","max-snippet":"max-snippet:-1","max-image-preview":"max-image-preview:large","max-video-preview":"max-video-preview:-1"},"canonical":"https:\/\/sankorana.com\/de\/plitvice-facts-did-you-know\/","og_locale":"de_DE","og_type":"article","og_title":"[:en]Plitvice Facts - Did You Know that Nikola Tesla was born 50 km from here?[:fr]Faits sur Plitvice - Saviez-vous que Nikola Tesla est n\u00e9 \u00e0 50 km d'ici ?[:]","og_description":"[:en]Some interesting facts about Croatia and Plitvice. When here drive to Smiljan to visit the birth place and house of Nikola Tesla.[:fr]Quelques faits int\u00e9ressants sur la Croatie et Plitvice. Une fois sur place, rendez-vous \u00e0 Smiljan pour visiter le lieu de naissance et la maison de Nikola Tesla.[:]","og_url":"https:\/\/sankorana.com\/de\/plitvice-facts-did-you-know\/","og_site_name":"SAN KORANA - Ivica Luketic, Plitvice Seen Kroatien","article_modified_time":"2025-06-13T20:55:12+00:00","twitter_card":"summary_large_image","twitter_misc":{"Gesch\u00e4tzte Lesezeit":"3\u00a0Minuten"},"schema":{"@context":"https:\/\/schema.org","@graph":[{"@type":"WebPage","@id":"https:\/\/sankorana.com\/fr\/plitvice-facts-did-you-know\/","url":"https:\/\/sankorana.com\/fr\/plitvice-facts-did-you-know\/","name":"Plitvice Facts - Did You Know that Nikola Tesla was born 50 km from here?","isPartOf":{"@id":"https:\/\/sankorana.com\/#website"},"datePublished":"2017-02-27T11:18:13+00:00","dateModified":"2025-06-13T20:55:12+00:00","description":"Some interesting facts about Croatia and Plitvice. When here drive to Smiljan to visit the birth place and house of Nikola Tesla.","breadcrumb":{"@id":"https:\/\/sankorana.com\/fr\/plitvice-facts-did-you-know\/#breadcrumb"},"inLanguage":"de-DE","potentialAction":[{"@type":"ReadAction","target":["https:\/\/sankorana.com\/fr\/plitvice-facts-did-you-know\/"]}]},{"@type":"BreadcrumbList","@id":"https:\/\/sankorana.com\/fr\/plitvice-facts-did-you-know\/#breadcrumb","itemListElement":[{"@type":"ListItem","position":1,"name":"Home","item":"https:\/\/sankorana.com\/"},{"@type":"ListItem","position":2,"name":"SAVIEZ-VOUS"}]},{"@type":"WebSite","@id":"https:\/\/sankorana.com\/#website","url":"https:\/\/sankorana.com\/","name":"SAN KORANA - Ivica Luketic, Plitvice Seen Kroatien","description":"Plitvice Seen Kroatien - ***** San Korana Unterkunft","publisher":{"@id":"https:\/\/sankorana.com\/#organization"},"potentialAction":[{"@type":"SearchAction","target":{"@type":"EntryPoint","urlTemplate":"https:\/\/sankorana.com\/?s={search_term_string}"},"query-input":{"@type":"PropertyValueSpecification","valueRequired":true,"valueName":"search_term_string"}}],"inLanguage":"de-DE"},{"@type":"Organization","@id":"https:\/\/sankorana.com\/#organization","name":"San korana","url":"https:\/\/sankorana.com\/","logo":{"@type":"ImageObject","inLanguage":"de-DE","@id":"https:\/\/sankorana.com\/#\/schema\/logo\/image\/","url":"https:\/\/sankorana.com\/wp-content\/uploads\/2017\/02\/San-korana-logo.png","contentUrl":"https:\/\/sankorana.com\/wp-content\/uploads\/2017\/02\/San-korana-logo.png","width":120,"height":120,"caption":"San korana"},"image":{"@id":"https:\/\/sankorana.com\/#\/schema\/logo\/image\/"}}]}},"_links":{"self":[{"href":"https:\/\/sankorana.com\/de\/wp-json\/wp\/v2\/pages\/20","targetHints":{"allow":["GET"]}}],"collection":[{"href":"https:\/\/sankorana.com\/de\/wp-json\/wp\/v2\/pages"}],"about":[{"href":"https:\/\/sankorana.com\/de\/wp-json\/wp\/v2\/types\/page"}],"author":[{"embeddable":true,"href":"https:\/\/sankorana.com\/de\/wp-json\/wp\/v2\/users\/1"}],"replies":[{"embeddable":true,"href":"https:\/\/sankorana.com\/de\/wp-json\/wp\/v2\/comments?post=20"}],"version-history":[{"count":28,"href":"https:\/\/sankorana.com\/de\/wp-json\/wp\/v2\/pages\/20\/revisions"}],"predecessor-version":[{"id":861,"href":"https:\/\/sankorana.com\/de\/wp-json\/wp\/v2\/pages\/20\/revisions\/861"}],"wp:attachment":[{"href":"https:\/\/sankorana.com\/de\/wp-json\/wp\/v2\/media?parent=20"}],"curies":[{"name":"wp","href":"https:\/\/api.w.org\/{rel}","templated":true}]}}