{"id":12,"date":"2017-02-27T11:16:54","date_gmt":"2017-02-27T11:16:54","guid":{"rendered":"http:\/\/estart.com.hr\/sankorana\/?page_id=12"},"modified":"2025-06-13T20:46:44","modified_gmt":"2025-06-13T20:46:44","slug":"prices","status":"publish","type":"page","link":"https:\/\/sankorana.com\/de\/prices\/","title":{"rendered":"PREISE"},"content":{"rendered":"<p class=\"western\" lang=\"de-DE\"><span style=\"font-family: verdana, geneva, sans-serif;\">Das Haus verf\u00fcgt \u00fcber vier sch\u00f6n eingerichteten Doppelzimmer. Zwei Schlafzimmer haben ein eigenes Badezimmer, und die anderen Schlafzimmer haben ein gro\u00dfes Badezimmer (nicht mit anderen G\u00e4sten geteilt, nur innerhalb einer Reservierung\/zwischen derselben Familie\/Freunden), eine voll ausgestattete K\u00fcche mit K\u00fchlschrank, Mikrowelle, Geschirr, ein Wohnzimmer und eine Terrasse mit Blick auf den Fluss und die Wasserf\u00e4lle.<\/span><\/p>\n<pre id=\"tw-target-text\" class=\"tw-data-text tw-text-large tw-ta\" dir=\"ltr\" data-placeholder=\"Prijevod\"><span lang=\"de\" style=\"font-family: verdana, geneva, sans-serif; font-size: 12pt;\" tabindex=\"0\">\r\nDie Preise pro Person und pro Nacht:<\/span><\/pre>\n<ul style=\"list-style-type: circle;\">\n<li><span style=\"font-size: 12pt; font-family: verdana, geneva, sans-serif;\">Erwachsenen: 36,00 \u20ac<\/span><\/li>\n<li><span style=\"font-size: 12pt; font-family: verdana, geneva, sans-serif;\">Kinder 7 \u2013 18 Jahre alt: 18,00 \u20ac<\/span><\/li>\n<li><span style=\"font-size: 12pt; font-family: verdana, geneva, sans-serif;\">Kinder 0 \u2013 7 Jahre alt: 0,00 \u20ac <\/span><\/li>\n<li><span style=\"font-size: 12pt; font-family: verdana, geneva, sans-serif;\">Einzelzimmer: 46,00 \u20ac<\/span><\/li>\n<li><span lang=\"de\" style=\"font-family: verdana, geneva, sans-serif;\" tabindex=\"0\">Kurtaxe in allen Preisen inbegriffen.<\/span><\/li>\n<\/ul>\n<hr \/>\n\r\n\t\t<style type='text\/css'>\r\n\t\t\t#gallery-1 {\r\n\t\t\t\tmargin: auto;\r\n\t\t\t}\r\n\t\t\t#gallery-1 .gallery-item {\r\n\t\t\t\tfloat: left;\r\n\t\t\t\tmargin-top: 10px;\r\n\t\t\t\ttext-align: center;\r\n\t\t\t\twidth: 33%;\r\n\t\t\t}\r\n\t\t\t#gallery-1 img {\r\n\t\t\t\tborder: 2px solid #cfcfcf;\r\n\t\t\t}\r\n\t\t\t#gallery-1 .gallery-caption {\r\n\t\t\t\tmargin-left: 0;\r\n\t\t\t}\r\n\t\t\t\/* see gallery_shortcode() in wp-includes\/media.php *\/\r\n\t\t<\/style>\n\t\t<div id='gallery-1' class='gallery galleryid-12 gallery-columns-3 gallery-size-thumbnail'><dl class='gallery-item'>\r\n\t\t\t<dt class='gallery-icon landscape'>\r\n\t\t\t\t<a href='https:\/\/sankorana.com\/wp-content\/uploads\/2022\/06\/IMG-20220610-WA0012.jpg'><img loading=\"lazy\" decoding=\"async\" width=\"150\" height=\"150\" src=\"https:\/\/sankorana.com\/wp-content\/uploads\/2022\/06\/IMG-20220610-WA0012-150x150.jpg\" class=\"attachment-thumbnail size-thumbnail\" alt=\"\" srcset=\"https:\/\/sankorana.com\/wp-content\/uploads\/2022\/06\/IMG-20220610-WA0012-150x150.jpg 150w, https:\/\/sankorana.com\/wp-content\/uploads\/2022\/06\/IMG-20220610-WA0012-50x50.jpg 50w, https:\/\/sankorana.com\/wp-content\/uploads\/2022\/06\/IMG-20220610-WA0012-49x49.jpg 49w, https:\/\/sankorana.com\/wp-content\/uploads\/2022\/06\/IMG-20220610-WA0012-184x184.jpg 184w\" sizes=\"auto, (max-width: 150px) 100vw, 150px\" \/><\/a>\r\n\t\t\t<\/dt><\/dl><dl class='gallery-item'>\r\n\t\t\t<dt class='gallery-icon portrait'>\r\n\t\t\t\t<a href='https:\/\/sankorana.com\/wp-content\/uploads\/2022\/06\/IMG-20220610-WA0011.jpg'><img loading=\"lazy\" decoding=\"async\" width=\"150\" height=\"150\" src=\"https:\/\/sankorana.com\/wp-content\/uploads\/2022\/06\/IMG-20220610-WA0011-150x150.jpg\" class=\"attachment-thumbnail size-thumbnail\" alt=\"\" srcset=\"https:\/\/sankorana.com\/wp-content\/uploads\/2022\/06\/IMG-20220610-WA0011-150x150.jpg 150w, https:\/\/sankorana.com\/wp-content\/uploads\/2022\/06\/IMG-20220610-WA0011-50x50.jpg 50w, https:\/\/sankorana.com\/wp-content\/uploads\/2022\/06\/IMG-20220610-WA0011-49x49.jpg 49w, https:\/\/sankorana.com\/wp-content\/uploads\/2022\/06\/IMG-20220610-WA0011-184x184.jpg 184w\" sizes=\"auto, (max-width: 150px) 100vw, 150px\" \/><\/a>\r\n\t\t\t<\/dt><\/dl><dl class='gallery-item'>\r\n\t\t\t<dt class='gallery-icon portrait'>\r\n\t\t\t\t<a href='https:\/\/sankorana.com\/wp-content\/uploads\/2022\/06\/IMG-20220610-WA0007.jpg'><img loading=\"lazy\" decoding=\"async\" width=\"150\" height=\"150\" src=\"https:\/\/sankorana.com\/wp-content\/uploads\/2022\/06\/IMG-20220610-WA0007-150x150.jpg\" class=\"attachment-thumbnail size-thumbnail\" alt=\"\" srcset=\"https:\/\/sankorana.com\/wp-content\/uploads\/2022\/06\/IMG-20220610-WA0007-150x150.jpg 150w, https:\/\/sankorana.com\/wp-content\/uploads\/2022\/06\/IMG-20220610-WA0007-50x50.jpg 50w, https:\/\/sankorana.com\/wp-content\/uploads\/2022\/06\/IMG-20220610-WA0007-49x49.jpg 49w, https:\/\/sankorana.com\/wp-content\/uploads\/2022\/06\/IMG-20220610-WA0007-184x184.jpg 184w\" sizes=\"auto, (max-width: 150px) 100vw, 150px\" \/><\/a>\r\n\t\t\t<\/dt><\/dl><br style=\"clear: both\" \/><dl class='gallery-item'>\r\n\t\t\t<dt class='gallery-icon landscape'>\r\n\t\t\t\t<a href='https:\/\/sankorana.com\/wp-content\/uploads\/2022\/06\/IMG-20220610-WA0006.jpg'><img loading=\"lazy\" decoding=\"async\" width=\"150\" height=\"150\" src=\"https:\/\/sankorana.com\/wp-content\/uploads\/2022\/06\/IMG-20220610-WA0006-150x150.jpg\" class=\"attachment-thumbnail size-thumbnail\" alt=\"\" srcset=\"https:\/\/sankorana.com\/wp-content\/uploads\/2022\/06\/IMG-20220610-WA0006-150x150.jpg 150w, https:\/\/sankorana.com\/wp-content\/uploads\/2022\/06\/IMG-20220610-WA0006-50x50.jpg 50w, https:\/\/sankorana.com\/wp-content\/uploads\/2022\/06\/IMG-20220610-WA0006-49x49.jpg 49w, https:\/\/sankorana.com\/wp-content\/uploads\/2022\/06\/IMG-20220610-WA0006-184x184.jpg 184w\" sizes=\"auto, (max-width: 150px) 100vw, 150px\" \/><\/a>\r\n\t\t\t<\/dt><\/dl><dl class='gallery-item'>\r\n\t\t\t<dt class='gallery-icon landscape'>\r\n\t\t\t\t<a href='https:\/\/sankorana.com\/wp-content\/uploads\/2022\/06\/IMG-20220610-WA0005.jpg'><img loading=\"lazy\" decoding=\"async\" width=\"150\" height=\"150\" src=\"https:\/\/sankorana.com\/wp-content\/uploads\/2022\/06\/IMG-20220610-WA0005-150x150.jpg\" class=\"attachment-thumbnail size-thumbnail\" alt=\"\" srcset=\"https:\/\/sankorana.com\/wp-content\/uploads\/2022\/06\/IMG-20220610-WA0005-150x150.jpg 150w, https:\/\/sankorana.com\/wp-content\/uploads\/2022\/06\/IMG-20220610-WA0005-50x50.jpg 50w, https:\/\/sankorana.com\/wp-content\/uploads\/2022\/06\/IMG-20220610-WA0005-49x49.jpg 49w, https:\/\/sankorana.com\/wp-content\/uploads\/2022\/06\/IMG-20220610-WA0005-184x184.jpg 184w\" sizes=\"auto, (max-width: 150px) 100vw, 150px\" \/><\/a>\r\n\t\t\t<\/dt><\/dl><dl class='gallery-item'>\r\n\t\t\t<dt class='gallery-icon landscape'>\r\n\t\t\t\t<a href='https:\/\/sankorana.com\/wp-content\/uploads\/2022\/06\/IMG-20220610-WA0009-1.jpg'><img loading=\"lazy\" decoding=\"async\" width=\"150\" height=\"150\" src=\"https:\/\/sankorana.com\/wp-content\/uploads\/2022\/06\/IMG-20220610-WA0009-1-150x150.jpg\" class=\"attachment-thumbnail size-thumbnail\" alt=\"\" srcset=\"https:\/\/sankorana.com\/wp-content\/uploads\/2022\/06\/IMG-20220610-WA0009-1-150x150.jpg 150w, https:\/\/sankorana.com\/wp-content\/uploads\/2022\/06\/IMG-20220610-WA0009-1-50x50.jpg 50w, https:\/\/sankorana.com\/wp-content\/uploads\/2022\/06\/IMG-20220610-WA0009-1-49x49.jpg 49w, https:\/\/sankorana.com\/wp-content\/uploads\/2022\/06\/IMG-20220610-WA0009-1-184x184.jpg 184w\" sizes=\"auto, (max-width: 150px) 100vw, 150px\" \/><\/a>\r\n\t\t\t<\/dt><\/dl><br style=\"clear: both\" \/><\/div>\n\n<p><span style=\"font-family: verdana, geneva, sans-serif;\">Das Babybett ist kostenlos vorhanden.<\/span><\/p>\n<div class=\"QmZWSe\">\n<div class=\"DHcWmd\">\n<div id=\"tw-target\">\n<div id=\"kAz1tf\" class=\"g9WsWb\">\n<div id=\"tw-target-text-container\" class=\"tw-ta-container tw-nfl\">\n<ul style=\"list-style-type: circle;\">\n<li id=\"tw-target-text\" class=\"tw-data-text tw-text-large tw-ta\" dir=\"ltr\" data-placeholder=\"Prijevod\">\n<pre><span lang=\"de\" style=\"font-family: verdana, geneva, sans-serif;\" tabindex=\"0\">Alle Badezimmer verf\u00fcgen \u00fcber Haartrockner, Handt\u00fccher und Toilettenartikel<\/span><\/pre>\n<\/li>\n<li class=\"tw-data-text tw-text-large tw-ta\" dir=\"ltr\" data-placeholder=\"Prijevod\">\n<pre><span lang=\"de\" style=\"font-family: verdana, geneva, sans-serif;\" tabindex=\"0\">Rauchen ist in allen unseren Zimmern nicht gestattet<\/span><\/pre>\n<\/li>\n<li class=\"tw-data-text tw-text-large tw-ta\" dir=\"ltr\" data-placeholder=\"Prijevod\">\n<pre><span lang=\"de\" style=\"font-family: verdana, geneva, sans-serif;\" tabindex=\"0\">Damit die Erholung unserer G\u00e4ste nicht von vierbeinigen Freunden gest\u00f6rt wird, sind \r\ndie Haustiere in unserem Hotel nicht erlaubt - danke f\u00fcr Ihr Verst\u00e4ndnis<\/span><\/pre>\n<\/li>\n<\/ul>\n<\/div>\n<\/div>\n<\/div>\n<\/div>\n<\/div>\n<div id=\"tw-target-text-container\" class=\"tw-ta-container tw-nfl\"><\/div>\n<p><span style=\"font-family: verdana, geneva, sans-serif;\">Jedes Zimmer hat Blick auf den klaren Fluss Korana und die wundersch\u00f6nen Wasserf\u00e4lle, die sich nur ein paar Meter entfernt von dem Haus befinden und Sie mit ihren verwunderlichen Ger\u00e4uschen entspannen werden.<\/span><\/p>\n<p><span style=\"font-family: verdana, geneva, sans-serif;\">Bitte beachten Sie, dass die Eintrittskarten f\u00fcr den Nationalpark online und mindestens einige Tage im Voraus gekauft werden m\u00fcssen. Sie k\u00f6nnen die Tickets \u00fcber <a href=\"https:\/\/ticketing.np-plitvicka-jezera.hr\/?_gl=1*rphk0m*_gcl_au*NzE2NzMwMTY4LjE3NDkwMzQ4NTA.\"><span style=\"color: #3366ff;\">diesen Link<\/span><\/a> kaufen.<\/span><\/p>\n<p><span style=\"font-family: verdana, geneva, sans-serif;\">&#8212;&#8212;&#8212;&#8212;&#8212;&#8212;&#8212;&#8212;&#8212;&#8212;&#8212;&#8212;&#8212;&#8212;&#8212;&#8212;&#8212;&#8212;-<\/span><\/p>\n<p><span style=\"font-family: verdana, geneva, sans-serif;\">Schlie\u00dflich, unsere kostenfreie Dienstleistungen:\u00a0 Begr\u00fc\u03b2ungsgetr\u00e4nke, Parkplatz, Babybett, WiFi.<\/span><\/p>\n<p><span style=\"font-family: verdana, geneva, sans-serif;\">Wenn Ihnen unser Angebot gef\u00e4llt, teilen Sie uns, bitte, mit, damit wir eine Reservierung machen k\u00f6nnen. Sollten sie irgendwelche andere Fragen haben, k\u00f6nnen Sie uns gerne unter &#8211;<a href=\"mailto:sankorana@gmail.com\">sankorana@gmail.com<\/a> \u00a0kontaktieren.<\/span><\/p>\n<p><span style=\"font-family: verdana, geneva, sans-serif;\">Bezugnehmend auf Bezahlungen m\u00f6chten wie Sie informieren, dass es bei uns nicht m\u00f6glich ist, mit Kreditkarten zu bezahlen, nur in bar bei Abreise \u2013 in Euro, Dollar oder Kuna. Es gibt viele Geldautomaten in der N\u00e4he, und Sie k\u00f6nnen Bargeld zu jeder Zeit am Tag abheben.<\/span><\/p>\n<p><span style=\"font-family: verdana, geneva, sans-serif;\">Machen Sie sich auch keine Sorgen \u00fcber die Zeit Ihrer Ankunft, es ist am wichtigsten, dass Sie sicher ankommen, ohne Probleme im Verkehr. Wir sind zu Hause und werden Sie ohne R\u00fccksicht auf die Zeit Ihrer Ankunft empfangen.<\/span><\/p>\n<p><span style=\"font-family: verdana, geneva, sans-serif;\">Wir werden Ihnen bei den Begr\u00fc\u03b2ungsgetr\u00e4nken ausf\u00fchrliche Informationen dar\u00fcber geben, wie Sie bestimmte Besichtigungsprogramme kombinieren k\u00f6nnen, um die Sch\u00f6nheiten im Nationalpark Plitvicer Seen v\u00f6llig zu genie\u00dfen.<\/span><\/p>\n<p><span style=\"font-family: verdana, geneva, sans-serif;\">Ihre einzige Aufgabe ist, sich zu entspannen und sich um nichts Sorgen zu machen.<\/span><\/p>\n<p><span style=\"font-family: verdana, geneva, sans-serif;\">Wir freuen uns, Sie kennenzulernen und w\u00fcnschen Ihnen eine angenehme Reise und viel Spa\u00df in unserem Land.<\/span><\/p>\n<hr \/>\n\r\n\t\t<style type='text\/css'>\r\n\t\t\t#gallery-2 {\r\n\t\t\t\tmargin: auto;\r\n\t\t\t}\r\n\t\t\t#gallery-2 .gallery-item {\r\n\t\t\t\tfloat: left;\r\n\t\t\t\tmargin-top: 10px;\r\n\t\t\t\ttext-align: center;\r\n\t\t\t\twidth: 33%;\r\n\t\t\t}\r\n\t\t\t#gallery-2 img {\r\n\t\t\t\tborder: 2px solid #cfcfcf;\r\n\t\t\t}\r\n\t\t\t#gallery-2 .gallery-caption {\r\n\t\t\t\tmargin-left: 0;\r\n\t\t\t}\r\n\t\t\t\/* see gallery_shortcode() in wp-includes\/media.php *\/\r\n\t\t<\/style>\n\t\t<div id='gallery-2' class='gallery galleryid-12 gallery-columns-3 gallery-size-thumbnail'><dl class='gallery-item'>\r\n\t\t\t<dt class='gallery-icon landscape'>\r\n\t\t\t\t<a href='https:\/\/sankorana.com\/wp-content\/uploads\/2017\/02\/san-korana-1.jpg'><img loading=\"lazy\" decoding=\"async\" width=\"150\" height=\"150\" src=\"https:\/\/sankorana.com\/wp-content\/uploads\/2017\/02\/san-korana-1-150x150.jpg\" class=\"attachment-thumbnail size-thumbnail\" alt=\"\" srcset=\"https:\/\/sankorana.com\/wp-content\/uploads\/2017\/02\/san-korana-1-150x150.jpg 150w, https:\/\/sankorana.com\/wp-content\/uploads\/2017\/02\/san-korana-1-50x50.jpg 50w, https:\/\/sankorana.com\/wp-content\/uploads\/2017\/02\/san-korana-1-49x49.jpg 49w, https:\/\/sankorana.com\/wp-content\/uploads\/2017\/02\/san-korana-1-184x184.jpg 184w\" sizes=\"auto, (max-width: 150px) 100vw, 150px\" \/><\/a>\r\n\t\t\t<\/dt><\/dl><dl class='gallery-item'>\r\n\t\t\t<dt class='gallery-icon landscape'>\r\n\t\t\t\t<a href='https:\/\/sankorana.com\/wp-content\/uploads\/2017\/02\/1.-Balcony-view.jpg'><img loading=\"lazy\" decoding=\"async\" width=\"150\" height=\"150\" src=\"https:\/\/sankorana.com\/wp-content\/uploads\/2017\/02\/1.-Balcony-view-150x150.jpg\" class=\"attachment-thumbnail size-thumbnail\" alt=\"\" srcset=\"https:\/\/sankorana.com\/wp-content\/uploads\/2017\/02\/1.-Balcony-view-150x150.jpg 150w, https:\/\/sankorana.com\/wp-content\/uploads\/2017\/02\/1.-Balcony-view-50x50.jpg 50w, https:\/\/sankorana.com\/wp-content\/uploads\/2017\/02\/1.-Balcony-view-49x49.jpg 49w, https:\/\/sankorana.com\/wp-content\/uploads\/2017\/02\/1.-Balcony-view-184x184.jpg 184w\" sizes=\"auto, (max-width: 150px) 100vw, 150px\" \/><\/a>\r\n\t\t\t<\/dt><\/dl><dl class='gallery-item'>\r\n\t\t\t<dt class='gallery-icon landscape'>\r\n\t\t\t\t<a href='https:\/\/sankorana.com\/wp-content\/uploads\/2017\/02\/slap.jpg'><img loading=\"lazy\" decoding=\"async\" width=\"150\" height=\"150\" src=\"https:\/\/sankorana.com\/wp-content\/uploads\/2017\/02\/slap-150x150.jpg\" class=\"attachment-thumbnail size-thumbnail\" alt=\"\" srcset=\"https:\/\/sankorana.com\/wp-content\/uploads\/2017\/02\/slap-150x150.jpg 150w, https:\/\/sankorana.com\/wp-content\/uploads\/2017\/02\/slap-50x50.jpg 50w, https:\/\/sankorana.com\/wp-content\/uploads\/2017\/02\/slap-49x49.jpg 49w, https:\/\/sankorana.com\/wp-content\/uploads\/2017\/02\/slap-184x184.jpg 184w\" sizes=\"auto, (max-width: 150px) 100vw, 150px\" \/><\/a>\r\n\t\t\t<\/dt><\/dl><br style=\"clear: both\" \/><dl class='gallery-item'>\r\n\t\t\t<dt class='gallery-icon portrait'>\r\n\t\t\t\t<a href='https:\/\/sankorana.com\/wp-content\/uploads\/2022\/06\/IMG-20220610-WA0014-1.jpg'><img loading=\"lazy\" decoding=\"async\" width=\"150\" height=\"150\" src=\"https:\/\/sankorana.com\/wp-content\/uploads\/2022\/06\/IMG-20220610-WA0014-1-150x150.jpg\" class=\"attachment-thumbnail size-thumbnail\" alt=\"\" srcset=\"https:\/\/sankorana.com\/wp-content\/uploads\/2022\/06\/IMG-20220610-WA0014-1-150x150.jpg 150w, https:\/\/sankorana.com\/wp-content\/uploads\/2022\/06\/IMG-20220610-WA0014-1-50x50.jpg 50w, https:\/\/sankorana.com\/wp-content\/uploads\/2022\/06\/IMG-20220610-WA0014-1-49x49.jpg 49w, https:\/\/sankorana.com\/wp-content\/uploads\/2022\/06\/IMG-20220610-WA0014-1-184x184.jpg 184w\" sizes=\"auto, (max-width: 150px) 100vw, 150px\" \/><\/a>\r\n\t\t\t<\/dt><\/dl><dl class='gallery-item'>\r\n\t\t\t<dt class='gallery-icon portrait'>\r\n\t\t\t\t<a href='https:\/\/sankorana.com\/wp-content\/uploads\/2022\/06\/IMG-20220610-WA0003.jpg'><img loading=\"lazy\" decoding=\"async\" width=\"150\" height=\"150\" src=\"https:\/\/sankorana.com\/wp-content\/uploads\/2022\/06\/IMG-20220610-WA0003-150x150.jpg\" class=\"attachment-thumbnail size-thumbnail\" alt=\"\" srcset=\"https:\/\/sankorana.com\/wp-content\/uploads\/2022\/06\/IMG-20220610-WA0003-150x150.jpg 150w, https:\/\/sankorana.com\/wp-content\/uploads\/2022\/06\/IMG-20220610-WA0003-50x50.jpg 50w, https:\/\/sankorana.com\/wp-content\/uploads\/2022\/06\/IMG-20220610-WA0003-49x49.jpg 49w, https:\/\/sankorana.com\/wp-content\/uploads\/2022\/06\/IMG-20220610-WA0003-184x184.jpg 184w\" sizes=\"auto, (max-width: 150px) 100vw, 150px\" \/><\/a>\r\n\t\t\t<\/dt><\/dl><dl class='gallery-item'>\r\n\t\t\t<dt class='gallery-icon portrait'>\r\n\t\t\t\t<a href='https:\/\/sankorana.com\/wp-content\/uploads\/2021\/07\/IMG-37f64a45951226df4bda89fb92af464c-V.jpg'><img loading=\"lazy\" decoding=\"async\" width=\"150\" height=\"150\" src=\"https:\/\/sankorana.com\/wp-content\/uploads\/2021\/07\/IMG-37f64a45951226df4bda89fb92af464c-V-150x150.jpg\" class=\"attachment-thumbnail size-thumbnail\" alt=\"\" srcset=\"https:\/\/sankorana.com\/wp-content\/uploads\/2021\/07\/IMG-37f64a45951226df4bda89fb92af464c-V-150x150.jpg 150w, https:\/\/sankorana.com\/wp-content\/uploads\/2021\/07\/IMG-37f64a45951226df4bda89fb92af464c-V-50x50.jpg 50w, https:\/\/sankorana.com\/wp-content\/uploads\/2021\/07\/IMG-37f64a45951226df4bda89fb92af464c-V-49x49.jpg 49w, https:\/\/sankorana.com\/wp-content\/uploads\/2021\/07\/IMG-37f64a45951226df4bda89fb92af464c-V-184x184.jpg 184w\" sizes=\"auto, (max-width: 150px) 100vw, 150px\" \/><\/a>\r\n\t\t\t<\/dt><\/dl><br style=\"clear: both\" \/><\/div>\n\n<p>&nbsp;<\/p>\n","protected":false},"excerpt":{"rendered":"<p>Die Preise verstehen sich pro Person und pro Nacht, Kurtaxe inbegriffen. Unsere kostenfreie Dienstleistungen:\u00a0Begr\u00fc\u03b2ungsgetr\u00e4nke, Parkplatz, Babybett, WiFi.<\/p>\n","protected":false},"author":1,"featured_media":680,"parent":0,"menu_order":0,"comment_status":"closed","ping_status":"closed","template":"","meta":{"footnotes":""},"class_list":["post-12","page","type-page","status-publish","has-post-thumbnail","hentry"],"yoast_head":"<!-- This site is optimized with the Yoast SEO plugin v25.3 - https:\/\/yoast.com\/wordpress\/plugins\/seo\/ -->\n<title>PREISE - SAN KORANA - Ivica Luketic, Plitvice Seen Kroatien<\/title>\n<meta name=\"robots\" content=\"index, follow, max-snippet:-1, max-image-preview:large, max-video-preview:-1\" \/>\n<link rel=\"canonical\" href=\"https:\/\/sankorana.com\/de\/prices\/\" \/>\n<meta property=\"og:locale\" content=\"de_DE\" \/>\n<meta property=\"og:locale:alternate\" content=\"fr\" \/>\n<meta property=\"og:locale:alternate\" content=\"en_US\" \/>\n<meta property=\"og:locale:alternate\" content=\"it_IT\" \/>\n<meta property=\"og:type\" content=\"article\" \/>\n<meta property=\"og:title\" content=\"PREISE\" \/>\n<meta property=\"og:description\" content=\"Die Preise verstehen sich pro Person und pro Nacht, Kurtaxe inbegriffen. Unsere kostenfreie Dienstleistungen:\u00a0Begr\u00fc\u03b2ungsgetr\u00e4nke, Parkplatz, Babybett, WiFi.\" \/>\n<meta property=\"og:url\" content=\"https:\/\/sankorana.com\/de\/prices\/\" \/>\n<meta property=\"og:site_name\" content=\"SAN KORANA - Ivica Luketic, Plitvice Seen Kroatien\" \/>\n<meta property=\"article:modified_time\" content=\"2025-06-13T20:46:44+00:00\" \/>\n<meta property=\"og:image\" content=\"https:\/\/sankorana.com\/wp-content\/uploads\/2017\/02\/safe-stay-in-croatia-the-safe-vacation-in-croatia-162037461292.png\" \/>\n\t<meta property=\"og:image:width\" content=\"554\" \/>\n\t<meta property=\"og:image:height\" content=\"281\" \/>\n\t<meta property=\"og:image:type\" content=\"image\/png\" \/>\n<meta name=\"twitter:card\" content=\"summary_large_image\" \/>\n<meta name=\"twitter:label1\" content=\"Gesch\u00e4tzte Lesezeit\" \/>\n\t<meta name=\"twitter:data1\" content=\"3\u00a0Minuten\" \/>\n<script type=\"application\/ld+json\" class=\"yoast-schema-graph\">{\"@context\":\"https:\/\/schema.org\",\"@graph\":[{\"@type\":\"WebPage\",\"@id\":\"https:\/\/sankorana.com\/fr\/prices\/\",\"url\":\"https:\/\/sankorana.com\/fr\/prices\/\",\"name\":\"PREISE\",\"isPartOf\":{\"@id\":\"https:\/\/sankorana.com\/#website\"},\"primaryImageOfPage\":{\"@id\":\"https:\/\/sankorana.com\/fr\/prices\/#primaryimage\"},\"image\":{\"@id\":\"https:\/\/sankorana.com\/fr\/prices\/#primaryimage\"},\"thumbnailUrl\":\"https:\/\/sankorana.com\/wp-content\/uploads\/2017\/02\/safe-stay-in-croatia-the-safe-vacation-in-croatia-162037461292.png\",\"datePublished\":\"2017-02-27T11:16:54+00:00\",\"dateModified\":\"2025-06-13T20:46:44+00:00\",\"breadcrumb\":{\"@id\":\"https:\/\/sankorana.com\/fr\/prices\/#breadcrumb\"},\"inLanguage\":\"de-DE\",\"potentialAction\":[{\"@type\":\"ReadAction\",\"target\":[\"https:\/\/sankorana.com\/fr\/prices\/\"]}]},{\"@type\":\"ImageObject\",\"inLanguage\":\"de-DE\",\"@id\":\"https:\/\/sankorana.com\/fr\/prices\/#primaryimage\",\"url\":\"https:\/\/sankorana.com\/wp-content\/uploads\/2017\/02\/safe-stay-in-croatia-the-safe-vacation-in-croatia-162037461292.png\",\"contentUrl\":\"https:\/\/sankorana.com\/wp-content\/uploads\/2017\/02\/safe-stay-in-croatia-the-safe-vacation-in-croatia-162037461292.png\",\"width\":554,\"height\":281},{\"@type\":\"BreadcrumbList\",\"@id\":\"https:\/\/sankorana.com\/fr\/prices\/#breadcrumb\",\"itemListElement\":[{\"@type\":\"ListItem\",\"position\":1,\"name\":\"Home\",\"item\":\"https:\/\/sankorana.com\/\"},{\"@type\":\"ListItem\",\"position\":2,\"name\":\"LES PRIX\"}]},{\"@type\":\"WebSite\",\"@id\":\"https:\/\/sankorana.com\/#website\",\"url\":\"https:\/\/sankorana.com\/\",\"name\":\"SAN KORANA - Ivica Luketic, Plitvice Seen Kroatien\",\"description\":\"Plitvice Seen Kroatien - ***** San Korana Unterkunft\",\"publisher\":{\"@id\":\"https:\/\/sankorana.com\/#organization\"},\"potentialAction\":[{\"@type\":\"SearchAction\",\"target\":{\"@type\":\"EntryPoint\",\"urlTemplate\":\"https:\/\/sankorana.com\/?s={search_term_string}\"},\"query-input\":{\"@type\":\"PropertyValueSpecification\",\"valueRequired\":true,\"valueName\":\"search_term_string\"}}],\"inLanguage\":\"de-DE\"},{\"@type\":\"Organization\",\"@id\":\"https:\/\/sankorana.com\/#organization\",\"name\":\"San korana\",\"url\":\"https:\/\/sankorana.com\/\",\"logo\":{\"@type\":\"ImageObject\",\"inLanguage\":\"de-DE\",\"@id\":\"https:\/\/sankorana.com\/#\/schema\/logo\/image\/\",\"url\":\"https:\/\/sankorana.com\/wp-content\/uploads\/2017\/02\/San-korana-logo.png\",\"contentUrl\":\"https:\/\/sankorana.com\/wp-content\/uploads\/2017\/02\/San-korana-logo.png\",\"width\":120,\"height\":120,\"caption\":\"San korana\"},\"image\":{\"@id\":\"https:\/\/sankorana.com\/#\/schema\/logo\/image\/\"}}]}<\/script>\n<!-- \/ Yoast SEO plugin. -->","yoast_head_json":{"title":"PREISE - SAN KORANA - Ivica Luketic, Plitvice Seen Kroatien","robots":{"index":"index","follow":"follow","max-snippet":"max-snippet:-1","max-image-preview":"max-image-preview:large","max-video-preview":"max-video-preview:-1"},"canonical":"https:\/\/sankorana.com\/de\/prices\/","og_locale":"de_DE","og_type":"article","og_title":"[:en]PRICES[:de]PREISE[:it]Prezzi[:fr]LES PRIX[:] - SAN KORANA - Ivica Luketic, Plitvice Seen Kroatien","og_description":"Die Preise verstehen sich pro Person und pro Nacht, Kurtaxe inbegriffen. Unsere kostenfreie Dienstleistungen:\u00a0Begr\u00fc\u03b2ungsgetr\u00e4nke, Parkplatz, Babybett, WiFi.","og_url":"https:\/\/sankorana.com\/de\/prices\/","og_site_name":"SAN KORANA - Ivica Luketic, Plitvice Seen Kroatien","article_modified_time":"2025-06-13T20:46:44+00:00","og_image":[{"width":554,"height":281,"url":"https:\/\/sankorana.com\/wp-content\/uploads\/2017\/02\/safe-stay-in-croatia-the-safe-vacation-in-croatia-162037461292.png","type":"image\/png"}],"twitter_card":"summary_large_image","twitter_misc":{"Gesch\u00e4tzte Lesezeit":"3\u00a0Minuten"},"schema":{"@context":"https:\/\/schema.org","@graph":[{"@type":"WebPage","@id":"https:\/\/sankorana.com\/fr\/prices\/","url":"https:\/\/sankorana.com\/fr\/prices\/","name":"PREISE","isPartOf":{"@id":"https:\/\/sankorana.com\/#website"},"primaryImageOfPage":{"@id":"https:\/\/sankorana.com\/fr\/prices\/#primaryimage"},"image":{"@id":"https:\/\/sankorana.com\/fr\/prices\/#primaryimage"},"thumbnailUrl":"https:\/\/sankorana.com\/wp-content\/uploads\/2017\/02\/safe-stay-in-croatia-the-safe-vacation-in-croatia-162037461292.png","datePublished":"2017-02-27T11:16:54+00:00","dateModified":"2025-06-13T20:46:44+00:00","breadcrumb":{"@id":"https:\/\/sankorana.com\/fr\/prices\/#breadcrumb"},"inLanguage":"de-DE","potentialAction":[{"@type":"ReadAction","target":["https:\/\/sankorana.com\/fr\/prices\/"]}]},{"@type":"ImageObject","inLanguage":"de-DE","@id":"https:\/\/sankorana.com\/fr\/prices\/#primaryimage","url":"https:\/\/sankorana.com\/wp-content\/uploads\/2017\/02\/safe-stay-in-croatia-the-safe-vacation-in-croatia-162037461292.png","contentUrl":"https:\/\/sankorana.com\/wp-content\/uploads\/2017\/02\/safe-stay-in-croatia-the-safe-vacation-in-croatia-162037461292.png","width":554,"height":281},{"@type":"BreadcrumbList","@id":"https:\/\/sankorana.com\/fr\/prices\/#breadcrumb","itemListElement":[{"@type":"ListItem","position":1,"name":"Home","item":"https:\/\/sankorana.com\/"},{"@type":"ListItem","position":2,"name":"LES PRIX"}]},{"@type":"WebSite","@id":"https:\/\/sankorana.com\/#website","url":"https:\/\/sankorana.com\/","name":"SAN KORANA - Ivica Luketic, Plitvice Seen Kroatien","description":"Plitvice Seen Kroatien - ***** San Korana Unterkunft","publisher":{"@id":"https:\/\/sankorana.com\/#organization"},"potentialAction":[{"@type":"SearchAction","target":{"@type":"EntryPoint","urlTemplate":"https:\/\/sankorana.com\/?s={search_term_string}"},"query-input":{"@type":"PropertyValueSpecification","valueRequired":true,"valueName":"search_term_string"}}],"inLanguage":"de-DE"},{"@type":"Organization","@id":"https:\/\/sankorana.com\/#organization","name":"San korana","url":"https:\/\/sankorana.com\/","logo":{"@type":"ImageObject","inLanguage":"de-DE","@id":"https:\/\/sankorana.com\/#\/schema\/logo\/image\/","url":"https:\/\/sankorana.com\/wp-content\/uploads\/2017\/02\/San-korana-logo.png","contentUrl":"https:\/\/sankorana.com\/wp-content\/uploads\/2017\/02\/San-korana-logo.png","width":120,"height":120,"caption":"San korana"},"image":{"@id":"https:\/\/sankorana.com\/#\/schema\/logo\/image\/"}}]}},"_links":{"self":[{"href":"https:\/\/sankorana.com\/de\/wp-json\/wp\/v2\/pages\/12","targetHints":{"allow":["GET"]}}],"collection":[{"href":"https:\/\/sankorana.com\/de\/wp-json\/wp\/v2\/pages"}],"about":[{"href":"https:\/\/sankorana.com\/de\/wp-json\/wp\/v2\/types\/page"}],"author":[{"embeddable":true,"href":"https:\/\/sankorana.com\/de\/wp-json\/wp\/v2\/users\/1"}],"replies":[{"embeddable":true,"href":"https:\/\/sankorana.com\/de\/wp-json\/wp\/v2\/comments?post=12"}],"version-history":[{"count":166,"href":"https:\/\/sankorana.com\/de\/wp-json\/wp\/v2\/pages\/12\/revisions"}],"predecessor-version":[{"id":857,"href":"https:\/\/sankorana.com\/de\/wp-json\/wp\/v2\/pages\/12\/revisions\/857"}],"wp:featuredmedia":[{"embeddable":true,"href":"https:\/\/sankorana.com\/de\/wp-json\/wp\/v2\/media\/680"}],"wp:attachment":[{"href":"https:\/\/sankorana.com\/de\/wp-json\/wp\/v2\/media?parent=12"}],"curies":[{"name":"wp","href":"https:\/\/api.w.org\/{rel}","templated":true}]}}